{"id":11704,"date":"2024-09-04T10:11:02","date_gmt":"2024-09-04T10:11:02","guid":{"rendered":"https:\/\/www.polskismak.nl\/?post_type=product&#038;p=11704"},"modified":"2025-11-12T14:59:54","modified_gmt":"2025-11-12T14:59:54","slug":"michalki","status":"publish","type":"product","link":"http:\/\/www.polskismak.nl\/index.php\/product\/michalki\/","title":{"rendered":"Micha\u0142ki"},"content":{"rendered":"<p>Sk\u0142adniki:<br \/>\ncukier, orzeszki arachidowe 26 %, czekolada 18,8 % [cukier, miazga kakaowa, t\u0142uszcz kakaowy, t\u0142uszcz ro\u015blinny (shea), emulgator: lecytyny], mleko w proszku pe\u0142ne, t\u0142uszcz ro\u015blinny (palmowy, kokosowy), kakao o obni\u017conej zawarto\u015bci t\u0142uszczu 4 %, serwatka w proszku (z mleka), spirytus<\/p>\n<p>Czekolada: masa kakaowa minimum 43 %<br \/>\nOpr\u00f3cz t\u0142uszczu kakaowego czekolada zawiera t\u0142uszcze ro\u015blinne<\/p>\n<p>Tekst dotycz\u0105cy alergen\u00f3w<br \/>\nProdukt mo\u017ce zawiera\u0107 orzechy, soj\u0119, nasiona sezamu, pszenic\u0119 i jaja.<\/p>\n","protected":false},"excerpt":{"rendered":"<p>Sk\u0142adniki: cukier, orzeszki arachidowe 26 %, czekolada 18,8 % [cukier, miazga kakaowa, t\u0142uszcz kakaowy, t\u0142uszcz ro\u015blinny (shea), emulgator: lecytyny], mleko w proszku pe\u0142ne, t\u0142uszcz ro\u015blinny (palmowy, kokosowy), kakao o obni\u017conej zawarto\u015bci t\u0142uszczu 4 %, serwatka w proszku (z mleka), spirytus Czekolada: masa kakaowa minimum 43 % Opr\u00f3cz t\u0142uszczu kakaowego czekolada zawiera t\u0142uszcze ro\u015blinne Tekst dotycz\u0105cy [&hellip;]<\/p>\n","protected":false},"featured_media":11497,"template":"","meta":[],"product_brand":[],"product_cat":[106,103],"product_tag":[],"class_list":{"0":"post-11704","1":"product","2":"type-product","3":"status-publish","4":"has-post-thumbnail","6":"product_cat-cukierki","7":"product_cat-slodycze-i-przekaski","9":"first","10":"instock","11":"taxable","12":"shipping-taxable","13":"purchasable","14":"product-type-simple"},"_links":{"self":[{"href":"http:\/\/www.polskismak.nl\/index.php\/wp-json\/wp\/v2\/product\/11704","targetHints":{"allow":["GET"]}}],"collection":[{"href":"http:\/\/www.polskismak.nl\/index.php\/wp-json\/wp\/v2\/product"}],"about":[{"href":"http:\/\/www.polskismak.nl\/index.php\/wp-json\/wp\/v2\/types\/product"}],"wp:featuredmedia":[{"embeddable":true,"href":"http:\/\/www.polskismak.nl\/index.php\/wp-json\/wp\/v2\/media\/11497"}],"wp:attachment":[{"href":"http:\/\/www.polskismak.nl\/index.php\/wp-json\/wp\/v2\/media?parent=11704"}],"wp:term":[{"taxonomy":"product_brand","embeddable":true,"href":"http:\/\/www.polskismak.nl\/index.php\/wp-json\/wp\/v2\/product_brand?post=11704"},{"taxonomy":"product_cat","embeddable":true,"href":"http:\/\/www.polskismak.nl\/index.php\/wp-json\/wp\/v2\/product_cat?post=11704"},{"taxonomy":"product_tag","embeddable":true,"href":"http:\/\/www.polskismak.nl\/index.php\/wp-json\/wp\/v2\/product_tag?post=11704"}],"curies":[{"name":"wp","href":"https:\/\/api.w.org\/{rel}","templated":true}]}}