{"id":11706,"date":"2024-09-04T10:13:26","date_gmt":"2024-09-04T10:13:26","guid":{"rendered":"https:\/\/www.polskismak.nl\/?post_type=product&#038;p=11706"},"modified":"2025-11-12T14:59:42","modified_gmt":"2025-11-12T14:59:42","slug":"mieszanka-krakowska","status":"publish","type":"product","link":"http:\/\/www.polskismak.nl\/index.php\/product\/mieszanka-krakowska\/","title":{"rendered":"Mieszanka Krakowska"},"content":{"rendered":"<p>Sk\u0142adniki:<br \/>\ncukier, syrop glukozowy, czekolada 20 % [cukier, miazga kakaowa, t\u0142uszcz kakaowy, t\u0142uszcz ro\u015blinny (shea), emulgator: lecytyny], woda, regulator kwasowo\u015bci: kwas cytrynowy, substancja \u017celuj\u0105ca: agar, soki owocowe 1,2 % z zag\u0119szczonych sok\u00f3w owocowych (ananas, cytryna, pomara\u0144cza, malina), naturalne aromaty<\/p>\n<p>Czekolada: masa kakaowa minimum 43 %<\/p>\n<p>Opr\u00f3cz t\u0142uszczu kakaowego czekolada zawiera t\u0142uszcze ro\u015blinne<\/p>\n<p>Tekst dotycz\u0105cy alergen\u00f3w<br \/>\nProdukt mo\u017ce zawiera\u0107 soj\u0119, orzeszki arachidowe, migda\u0142y, orzechy laskowe, nasiona sezamu, mleko, jaja i pszenic\u0119.<\/p>\n","protected":false},"excerpt":{"rendered":"<p>Sk\u0142adniki: cukier, syrop glukozowy, czekolada 20 % [cukier, miazga kakaowa, t\u0142uszcz kakaowy, t\u0142uszcz ro\u015blinny (shea), emulgator: lecytyny], woda, regulator kwasowo\u015bci: kwas cytrynowy, substancja \u017celuj\u0105ca: agar, soki owocowe 1,2 % z zag\u0119szczonych sok\u00f3w owocowych (ananas, cytryna, pomara\u0144cza, malina), naturalne aromaty Czekolada: masa kakaowa minimum 43 % Opr\u00f3cz t\u0142uszczu kakaowego czekolada zawiera t\u0142uszcze ro\u015blinne Tekst dotycz\u0105cy alergen\u00f3w [&hellip;]<\/p>\n","protected":false},"featured_media":11498,"template":"","meta":[],"product_brand":[],"product_cat":[106,103],"product_tag":[],"class_list":{"0":"post-11706","1":"product","2":"type-product","3":"status-publish","4":"has-post-thumbnail","6":"product_cat-cukierki","7":"product_cat-slodycze-i-przekaski","9":"first","10":"instock","11":"taxable","12":"shipping-taxable","13":"purchasable","14":"product-type-simple"},"_links":{"self":[{"href":"http:\/\/www.polskismak.nl\/index.php\/wp-json\/wp\/v2\/product\/11706","targetHints":{"allow":["GET"]}}],"collection":[{"href":"http:\/\/www.polskismak.nl\/index.php\/wp-json\/wp\/v2\/product"}],"about":[{"href":"http:\/\/www.polskismak.nl\/index.php\/wp-json\/wp\/v2\/types\/product"}],"wp:featuredmedia":[{"embeddable":true,"href":"http:\/\/www.polskismak.nl\/index.php\/wp-json\/wp\/v2\/media\/11498"}],"wp:attachment":[{"href":"http:\/\/www.polskismak.nl\/index.php\/wp-json\/wp\/v2\/media?parent=11706"}],"wp:term":[{"taxonomy":"product_brand","embeddable":true,"href":"http:\/\/www.polskismak.nl\/index.php\/wp-json\/wp\/v2\/product_brand?post=11706"},{"taxonomy":"product_cat","embeddable":true,"href":"http:\/\/www.polskismak.nl\/index.php\/wp-json\/wp\/v2\/product_cat?post=11706"},{"taxonomy":"product_tag","embeddable":true,"href":"http:\/\/www.polskismak.nl\/index.php\/wp-json\/wp\/v2\/product_tag?post=11706"}],"curies":[{"name":"wp","href":"https:\/\/api.w.org\/{rel}","templated":true}]}}