{"id":11718,"date":"2024-09-04T10:38:35","date_gmt":"2024-09-04T10:38:35","guid":{"rendered":"https:\/\/www.polskismak.nl\/?post_type=product&#038;p=11718"},"modified":"2025-11-12T14:57:35","modified_gmt":"2025-11-12T14:57:35","slug":"krowka-slony-karmel","status":"publish","type":"product","link":"http:\/\/www.polskismak.nl\/index.php\/product\/krowka-slony-karmel\/","title":{"rendered":"Kr\u00f3wka S\u0142ony Karmel"},"content":{"rendered":"<p>Sk\u0142adniki<br \/>\ncukier, syrop glukozowy, mleko w proszku pe\u0142ne 15 %, mas\u0142o 4,6 % (z mleka), s\u00f3l 1,7 %, aromat naturalny<\/p>\n<p>Tekst dotycz\u0105cy alergen\u00f3w<br \/>\nProdukt mo\u017ce zawiera\u0107 orzeszki arachidowe, jaja, soj\u0119.<\/p>\n","protected":false},"excerpt":{"rendered":"<p>Sk\u0142adniki cukier, syrop glukozowy, mleko w proszku pe\u0142ne 15 %, mas\u0142o 4,6 % (z mleka), s\u00f3l 1,7 %, aromat naturalny Tekst dotycz\u0105cy alergen\u00f3w Produkt mo\u017ce zawiera\u0107 orzeszki arachidowe, jaja, soj\u0119.<\/p>\n","protected":false},"featured_media":11504,"template":"","meta":[],"product_brand":[],"product_cat":[106,103],"product_tag":[],"class_list":{"0":"post-11718","1":"product","2":"type-product","3":"status-publish","4":"has-post-thumbnail","6":"product_cat-cukierki","7":"product_cat-slodycze-i-przekaski","9":"first","10":"instock","11":"taxable","12":"shipping-taxable","13":"purchasable","14":"product-type-simple"},"_links":{"self":[{"href":"http:\/\/www.polskismak.nl\/index.php\/wp-json\/wp\/v2\/product\/11718","targetHints":{"allow":["GET"]}}],"collection":[{"href":"http:\/\/www.polskismak.nl\/index.php\/wp-json\/wp\/v2\/product"}],"about":[{"href":"http:\/\/www.polskismak.nl\/index.php\/wp-json\/wp\/v2\/types\/product"}],"wp:featuredmedia":[{"embeddable":true,"href":"http:\/\/www.polskismak.nl\/index.php\/wp-json\/wp\/v2\/media\/11504"}],"wp:attachment":[{"href":"http:\/\/www.polskismak.nl\/index.php\/wp-json\/wp\/v2\/media?parent=11718"}],"wp:term":[{"taxonomy":"product_brand","embeddable":true,"href":"http:\/\/www.polskismak.nl\/index.php\/wp-json\/wp\/v2\/product_brand?post=11718"},{"taxonomy":"product_cat","embeddable":true,"href":"http:\/\/www.polskismak.nl\/index.php\/wp-json\/wp\/v2\/product_cat?post=11718"},{"taxonomy":"product_tag","embeddable":true,"href":"http:\/\/www.polskismak.nl\/index.php\/wp-json\/wp\/v2\/product_tag?post=11718"}],"curies":[{"name":"wp","href":"https:\/\/api.w.org\/{rel}","templated":true}]}}