{"id":11720,"date":"2024-09-04T10:41:55","date_gmt":"2024-09-04T10:41:55","guid":{"rendered":"https:\/\/www.polskismak.nl\/?post_type=product&#038;p=11720"},"modified":"2025-11-12T14:57:23","modified_gmt":"2025-11-12T14:57:23","slug":"sliwka-naleczowska","status":"publish","type":"product","link":"http:\/\/www.polskismak.nl\/index.php\/product\/sliwka-naleczowska\/","title":{"rendered":"\u015aliwka Na\u0142\u0119czowska"},"content":{"rendered":"<p>Sk\u0142adniki:<br \/>\n\u015bliwki kandyzowane 37% (\u015bliwki, cukier, syrop glukozowo-fruktozowy, regulator kwasowo\u015bci: kwas<br \/>\ncytrynowy), cukier, miazga kakaowa, t\u0142uszcz kakaowy, t\u0142uszcz palmowy, kakao o obni\u017conej zawarto\u015bci t\u0142uszczu (2,4%), mleko w proszku odt\u0142uszczone, syrop glukozowy, t\u0142uszcz mleczny, emulgatory: lecytyny (z soi), E 476, aromaty<\/p>\n<p>Tekst dotycz\u0105cy alergen\u00f3w<br \/>\nProdukt bezglutenowy.<\/p>\n","protected":false},"excerpt":{"rendered":"<p>Sk\u0142adniki: \u015bliwki kandyzowane 37% (\u015bliwki, cukier, syrop glukozowo-fruktozowy, regulator kwasowo\u015bci: kwas cytrynowy), cukier, miazga kakaowa, t\u0142uszcz kakaowy, t\u0142uszcz palmowy, kakao o obni\u017conej zawarto\u015bci t\u0142uszczu (2,4%), mleko w proszku odt\u0142uszczone, syrop glukozowy, t\u0142uszcz mleczny, emulgatory: lecytyny (z soi), E 476, aromaty Tekst dotycz\u0105cy alergen\u00f3w Produkt bezglutenowy.<\/p>\n","protected":false},"featured_media":11505,"template":"","meta":[],"product_brand":[],"product_cat":[106,103],"product_tag":[],"class_list":{"0":"post-11720","1":"product","2":"type-product","3":"status-publish","4":"has-post-thumbnail","6":"product_cat-cukierki","7":"product_cat-slodycze-i-przekaski","9":"first","10":"instock","11":"taxable","12":"shipping-taxable","13":"purchasable","14":"product-type-simple"},"_links":{"self":[{"href":"http:\/\/www.polskismak.nl\/index.php\/wp-json\/wp\/v2\/product\/11720","targetHints":{"allow":["GET"]}}],"collection":[{"href":"http:\/\/www.polskismak.nl\/index.php\/wp-json\/wp\/v2\/product"}],"about":[{"href":"http:\/\/www.polskismak.nl\/index.php\/wp-json\/wp\/v2\/types\/product"}],"wp:featuredmedia":[{"embeddable":true,"href":"http:\/\/www.polskismak.nl\/index.php\/wp-json\/wp\/v2\/media\/11505"}],"wp:attachment":[{"href":"http:\/\/www.polskismak.nl\/index.php\/wp-json\/wp\/v2\/media?parent=11720"}],"wp:term":[{"taxonomy":"product_brand","embeddable":true,"href":"http:\/\/www.polskismak.nl\/index.php\/wp-json\/wp\/v2\/product_brand?post=11720"},{"taxonomy":"product_cat","embeddable":true,"href":"http:\/\/www.polskismak.nl\/index.php\/wp-json\/wp\/v2\/product_cat?post=11720"},{"taxonomy":"product_tag","embeddable":true,"href":"http:\/\/www.polskismak.nl\/index.php\/wp-json\/wp\/v2\/product_tag?post=11720"}],"curies":[{"name":"wp","href":"https:\/\/api.w.org\/{rel}","templated":true}]}}