{"id":11722,"date":"2024-09-04T10:46:55","date_gmt":"2024-09-04T10:46:55","guid":{"rendered":"https:\/\/www.polskismak.nl\/?post_type=product&#038;p=11722"},"modified":"2025-01-22T14:37:05","modified_gmt":"2025-01-22T14:37:05","slug":"smiejzelki-sokki-slodki-sad","status":"publish","type":"product","link":"http:\/\/www.polskismak.nl\/index.php\/product\/smiejzelki-sokki-slodki-sad\/","title":{"rendered":"\u015amiej\u017celki Sokki S\u0142odki sad"},"content":{"rendered":"<p>Sk\u0142ad: syrop glukozowy, cukier, sok owocowy (25%) z zag\u0119szczonego soku owocowego (winogrona, wi\u015bnie, maliny, czarna porzeczka, je\u017cyny, czarny bez), \u017celatyna, kwas (kwas cytrynowy, kwas mlekowy), substancja \u017celuj\u0105ca: pektyny, aromaty, koncentraty barwi\u0105ce (czarna marchew, spirulina), niacyna, witamina E, kwas pantotenowy, witamina B6, barwi\u0105cy wyci\u0105g z kurkumy, biotyna, witamina B12, substancje glazuruj\u0105ce (wosk carnauba, wosk pszczeli, bia\u0142y i \u017c\u00f3\u0142ty)<\/p>\n<p>Mleko: Mo\u017ce zawiera\u0107<\/p>\n","protected":false},"excerpt":{"rendered":"<p>Sk\u0142ad: syrop glukozowy, cukier, sok owocowy (25%) z zag\u0119szczonego soku owocowego (winogrona, wi\u015bnie, maliny, czarna porzeczka, je\u017cyny, czarny bez), \u017celatyna, kwas (kwas cytrynowy, kwas mlekowy), substancja \u017celuj\u0105ca: pektyny, aromaty, koncentraty barwi\u0105ce (czarna marchew, spirulina), niacyna, witamina E, kwas pantotenowy, witamina B6, barwi\u0105cy wyci\u0105g z kurkumy, biotyna, witamina B12, substancje glazuruj\u0105ce (wosk carnauba, wosk pszczeli, bia\u0142y [&hellip;]<\/p>\n","protected":false},"featured_media":11506,"template":"","meta":[],"product_brand":[],"product_cat":[106,103],"product_tag":[],"class_list":{"0":"post-11722","1":"product","2":"type-product","3":"status-publish","4":"has-post-thumbnail","6":"product_cat-cukierki","7":"product_cat-slodycze-i-przekaski","9":"first","10":"instock","11":"taxable","12":"shipping-taxable","13":"purchasable","14":"product-type-simple"},"_links":{"self":[{"href":"http:\/\/www.polskismak.nl\/index.php\/wp-json\/wp\/v2\/product\/11722","targetHints":{"allow":["GET"]}}],"collection":[{"href":"http:\/\/www.polskismak.nl\/index.php\/wp-json\/wp\/v2\/product"}],"about":[{"href":"http:\/\/www.polskismak.nl\/index.php\/wp-json\/wp\/v2\/types\/product"}],"wp:featuredmedia":[{"embeddable":true,"href":"http:\/\/www.polskismak.nl\/index.php\/wp-json\/wp\/v2\/media\/11506"}],"wp:attachment":[{"href":"http:\/\/www.polskismak.nl\/index.php\/wp-json\/wp\/v2\/media?parent=11722"}],"wp:term":[{"taxonomy":"product_brand","embeddable":true,"href":"http:\/\/www.polskismak.nl\/index.php\/wp-json\/wp\/v2\/product_brand?post=11722"},{"taxonomy":"product_cat","embeddable":true,"href":"http:\/\/www.polskismak.nl\/index.php\/wp-json\/wp\/v2\/product_cat?post=11722"},{"taxonomy":"product_tag","embeddable":true,"href":"http:\/\/www.polskismak.nl\/index.php\/wp-json\/wp\/v2\/product_tag?post=11722"}],"curies":[{"name":"wp","href":"https:\/\/api.w.org\/{rel}","templated":true}]}}