{"id":11724,"date":"2024-09-04T10:49:38","date_gmt":"2024-09-04T10:49:38","guid":{"rendered":"https:\/\/www.polskismak.nl\/?post_type=product&#038;p=11724"},"modified":"2025-01-22T14:36:48","modified_gmt":"2025-01-22T14:36:48","slug":"smiejzelki","status":"publish","type":"product","link":"http:\/\/www.polskismak.nl\/index.php\/product\/smiejzelki\/","title":{"rendered":"\u015amiej\u017celki"},"content":{"rendered":"<p>Sk\u0142adniki:<br \/>\nsyrop glukozowy, cukier, \u017celatyna, sok owocowy (5%) z zag\u0119szczonego soku owocowego (winogrona, czarny bez), kwas (kwas cytrynowy, kwas mlekowy), aromaty, niacyna, koncentraty barwi\u0105ce (czarna marchew, spirulina), witamina E, kwas pantotenowy, barwi\u0105cy wyci\u0105g z kurkumy, witamina B6, biotyna, witamina B12, substancje glazuruj\u0105ce (wosk carnauba, wosk pszczeli, bia\u0142y i \u017c\u00f3\u0142ty)<\/p>\n<p>Tekst dotycz\u0105cy alergen\u00f3w<br \/>\nMo\u017ce zawiera\u0107 tak\u017ce mleko.<\/p>\n","protected":false},"excerpt":{"rendered":"<p>Sk\u0142adniki: syrop glukozowy, cukier, \u017celatyna, sok owocowy (5%) z zag\u0119szczonego soku owocowego (winogrona, czarny bez), kwas (kwas cytrynowy, kwas mlekowy), aromaty, niacyna, koncentraty barwi\u0105ce (czarna marchew, spirulina), witamina E, kwas pantotenowy, barwi\u0105cy wyci\u0105g z kurkumy, witamina B6, biotyna, witamina B12, substancje glazuruj\u0105ce (wosk carnauba, wosk pszczeli, bia\u0142y i \u017c\u00f3\u0142ty) Tekst dotycz\u0105cy alergen\u00f3w Mo\u017ce zawiera\u0107 tak\u017ce [&hellip;]<\/p>\n","protected":false},"featured_media":11508,"template":"","meta":[],"product_brand":[],"product_cat":[106,103],"product_tag":[],"class_list":{"0":"post-11724","1":"product","2":"type-product","3":"status-publish","4":"has-post-thumbnail","6":"product_cat-cukierki","7":"product_cat-slodycze-i-przekaski","9":"first","10":"instock","11":"taxable","12":"shipping-taxable","13":"purchasable","14":"product-type-simple"},"_links":{"self":[{"href":"http:\/\/www.polskismak.nl\/index.php\/wp-json\/wp\/v2\/product\/11724","targetHints":{"allow":["GET"]}}],"collection":[{"href":"http:\/\/www.polskismak.nl\/index.php\/wp-json\/wp\/v2\/product"}],"about":[{"href":"http:\/\/www.polskismak.nl\/index.php\/wp-json\/wp\/v2\/types\/product"}],"wp:featuredmedia":[{"embeddable":true,"href":"http:\/\/www.polskismak.nl\/index.php\/wp-json\/wp\/v2\/media\/11508"}],"wp:attachment":[{"href":"http:\/\/www.polskismak.nl\/index.php\/wp-json\/wp\/v2\/media?parent=11724"}],"wp:term":[{"taxonomy":"product_brand","embeddable":true,"href":"http:\/\/www.polskismak.nl\/index.php\/wp-json\/wp\/v2\/product_brand?post=11724"},{"taxonomy":"product_cat","embeddable":true,"href":"http:\/\/www.polskismak.nl\/index.php\/wp-json\/wp\/v2\/product_cat?post=11724"},{"taxonomy":"product_tag","embeddable":true,"href":"http:\/\/www.polskismak.nl\/index.php\/wp-json\/wp\/v2\/product_tag?post=11724"}],"curies":[{"name":"wp","href":"https:\/\/api.w.org\/{rel}","templated":true}]}}