{"id":11732,"date":"2024-09-04T11:03:50","date_gmt":"2024-09-04T11:03:50","guid":{"rendered":"https:\/\/www.polskismak.nl\/?post_type=product&#038;p=11732"},"modified":"2025-11-12T14:55:53","modified_gmt":"2025-11-12T14:55:53","slug":"mietowe-karmelki","status":"publish","type":"product","link":"http:\/\/www.polskismak.nl\/index.php\/product\/mietowe-karmelki\/","title":{"rendered":"Mi\u0119towe karmelki"},"content":{"rendered":"<p>Sk\u0142ad:<\/p>\n<p>cukier, syrop glukozowy, naturalne aromaty mi\u0119towe 0,35 % (olejek mi\u0119towy, mentol), ekstrakty ro\u015blinne (pokrzywa, szpinak)<\/p>\n<p>Migda\u0142y: Mo\u017ce zawiera\u0107<br \/>\nJaja: Mo\u017ce zawiera\u0107<br \/>\nOrzechy laskowe: Mo\u017ce zawiera\u0107<br \/>\nMleko: Mo\u017ce zawiera\u0107<br \/>\nOrzeszki ziemne: Mo\u017ce zawiera\u0107<br \/>\nSezam: Mo\u017ce zawiera\u0107<br \/>\nSoja: Mo\u017ce zawiera\u0107<br \/>\nPszenica: Mo\u017ce zawiera\u0107<\/p>\n","protected":false},"excerpt":{"rendered":"<p>Sk\u0142ad: cukier, syrop glukozowy, naturalne aromaty mi\u0119towe 0,35 % (olejek mi\u0119towy, mentol), ekstrakty ro\u015blinne (pokrzywa, szpinak) Migda\u0142y: Mo\u017ce zawiera\u0107 Jaja: Mo\u017ce zawiera\u0107 Orzechy laskowe: Mo\u017ce zawiera\u0107 Mleko: Mo\u017ce zawiera\u0107 Orzeszki ziemne: Mo\u017ce zawiera\u0107 Sezam: Mo\u017ce zawiera\u0107 Soja: Mo\u017ce zawiera\u0107 Pszenica: Mo\u017ce zawiera\u0107<\/p>\n","protected":false},"featured_media":11511,"template":"","meta":[],"product_brand":[],"product_cat":[106,103],"product_tag":[],"class_list":{"0":"post-11732","1":"product","2":"type-product","3":"status-publish","4":"has-post-thumbnail","6":"product_cat-cukierki","7":"product_cat-slodycze-i-przekaski","9":"first","10":"instock","11":"taxable","12":"shipping-taxable","13":"purchasable","14":"product-type-simple"},"_links":{"self":[{"href":"http:\/\/www.polskismak.nl\/index.php\/wp-json\/wp\/v2\/product\/11732","targetHints":{"allow":["GET"]}}],"collection":[{"href":"http:\/\/www.polskismak.nl\/index.php\/wp-json\/wp\/v2\/product"}],"about":[{"href":"http:\/\/www.polskismak.nl\/index.php\/wp-json\/wp\/v2\/types\/product"}],"wp:featuredmedia":[{"embeddable":true,"href":"http:\/\/www.polskismak.nl\/index.php\/wp-json\/wp\/v2\/media\/11511"}],"wp:attachment":[{"href":"http:\/\/www.polskismak.nl\/index.php\/wp-json\/wp\/v2\/media?parent=11732"}],"wp:term":[{"taxonomy":"product_brand","embeddable":true,"href":"http:\/\/www.polskismak.nl\/index.php\/wp-json\/wp\/v2\/product_brand?post=11732"},{"taxonomy":"product_cat","embeddable":true,"href":"http:\/\/www.polskismak.nl\/index.php\/wp-json\/wp\/v2\/product_cat?post=11732"},{"taxonomy":"product_tag","embeddable":true,"href":"http:\/\/www.polskismak.nl\/index.php\/wp-json\/wp\/v2\/product_tag?post=11732"}],"curies":[{"name":"wp","href":"https:\/\/api.w.org\/{rel}","templated":true}]}}