{"id":11734,"date":"2024-09-04T11:08:21","date_gmt":"2024-09-04T11:08:21","guid":{"rendered":"https:\/\/www.polskismak.nl\/?post_type=product&#038;p=11734"},"modified":"2025-11-12T14:55:41","modified_gmt":"2025-11-12T14:55:41","slug":"raczki","status":"publish","type":"product","link":"http:\/\/www.polskismak.nl\/index.php\/product\/raczki\/","title":{"rendered":"Raczki"},"content":{"rendered":"<p>Sk\u0142adniki<br \/>\ncukier, syrop glukozowy, orzeszki arachidowe 9 %, t\u0142uszcz ro\u015blinny (palmowy), serwatka w proszku (z mleka), kakao o obni\u017conej zawarto\u015bci t\u0142uszczu 1,6 %, naturalny aromat, koncentrat czarnej marchwi<\/p>\n<p>Tekst dotycz\u0105cy alergen\u00f3w<br \/>\nProdukt mo\u017ce zawiera\u0107 orzechy, nasiona sezamu, soj\u0119, pszenic\u0119 i jaja.<\/p>\n","protected":false},"excerpt":{"rendered":"<p>Sk\u0142adniki cukier, syrop glukozowy, orzeszki arachidowe 9 %, t\u0142uszcz ro\u015blinny (palmowy), serwatka w proszku (z mleka), kakao o obni\u017conej zawarto\u015bci t\u0142uszczu 1,6 %, naturalny aromat, koncentrat czarnej marchwi Tekst dotycz\u0105cy alergen\u00f3w Produkt mo\u017ce zawiera\u0107 orzechy, nasiona sezamu, soj\u0119, pszenic\u0119 i jaja.<\/p>\n","protected":false},"featured_media":11512,"template":"","meta":[],"product_brand":[],"product_cat":[106,103],"product_tag":[],"class_list":{"0":"post-11734","1":"product","2":"type-product","3":"status-publish","4":"has-post-thumbnail","6":"product_cat-cukierki","7":"product_cat-slodycze-i-przekaski","9":"first","10":"onbackorder","11":"taxable","12":"shipping-taxable","13":"purchasable","14":"product-type-simple"},"_links":{"self":[{"href":"http:\/\/www.polskismak.nl\/index.php\/wp-json\/wp\/v2\/product\/11734","targetHints":{"allow":["GET"]}}],"collection":[{"href":"http:\/\/www.polskismak.nl\/index.php\/wp-json\/wp\/v2\/product"}],"about":[{"href":"http:\/\/www.polskismak.nl\/index.php\/wp-json\/wp\/v2\/types\/product"}],"wp:featuredmedia":[{"embeddable":true,"href":"http:\/\/www.polskismak.nl\/index.php\/wp-json\/wp\/v2\/media\/11512"}],"wp:attachment":[{"href":"http:\/\/www.polskismak.nl\/index.php\/wp-json\/wp\/v2\/media?parent=11734"}],"wp:term":[{"taxonomy":"product_brand","embeddable":true,"href":"http:\/\/www.polskismak.nl\/index.php\/wp-json\/wp\/v2\/product_brand?post=11734"},{"taxonomy":"product_cat","embeddable":true,"href":"http:\/\/www.polskismak.nl\/index.php\/wp-json\/wp\/v2\/product_cat?post=11734"},{"taxonomy":"product_tag","embeddable":true,"href":"http:\/\/www.polskismak.nl\/index.php\/wp-json\/wp\/v2\/product_tag?post=11734"}],"curies":[{"name":"wp","href":"https:\/\/api.w.org\/{rel}","templated":true}]}}