{"id":11736,"date":"2024-09-04T11:12:07","date_gmt":"2024-09-04T11:12:07","guid":{"rendered":"https:\/\/www.polskismak.nl\/?post_type=product&#038;p=11736"},"modified":"2025-01-22T14:16:02","modified_gmt":"2025-01-22T14:16:02","slug":"draze-marynarze","status":"publish","type":"product","link":"http:\/\/www.polskismak.nl\/index.php\/product\/draze-marynarze\/","title":{"rendered":"Dra\u017ce Marynarze"},"content":{"rendered":"<p>SK\u0141AD<br \/>\nCukier, t\u0142uszcz palmowy, glukoza, serwatka w proszku, mleko w proszku pe\u0142ne, mleko w proszku odt\u0142uszczone, \u015bmietanka w proszku 1,6%, syrop glukozowy, aromaty, kwas: kwas cytrynowy, olej palmowy, spirytus, substancja glazuruj\u0105ca wosk pszczeli. mo\u017ce zawiera\u0107 orzeszki arachidowe, orzechy, pszenic\u0119 i soj\u0119.<\/p>\n","protected":false},"excerpt":{"rendered":"<p>SK\u0141AD Cukier, t\u0142uszcz palmowy, glukoza, serwatka w proszku, mleko w proszku pe\u0142ne, mleko w proszku odt\u0142uszczone, \u015bmietanka w proszku 1,6%, syrop glukozowy, aromaty, kwas: kwas cytrynowy, olej palmowy, spirytus, substancja glazuruj\u0105ca wosk pszczeli. mo\u017ce zawiera\u0107 orzeszki arachidowe, orzechy, pszenic\u0119 i soj\u0119.<\/p>\n","protected":false},"featured_media":11513,"template":"","meta":[],"product_brand":[],"product_cat":[106,103],"product_tag":[],"class_list":{"0":"post-11736","1":"product","2":"type-product","3":"status-publish","4":"has-post-thumbnail","6":"product_cat-cukierki","7":"product_cat-slodycze-i-przekaski","9":"first","10":"instock","11":"taxable","12":"shipping-taxable","13":"purchasable","14":"product-type-simple"},"_links":{"self":[{"href":"http:\/\/www.polskismak.nl\/index.php\/wp-json\/wp\/v2\/product\/11736","targetHints":{"allow":["GET"]}}],"collection":[{"href":"http:\/\/www.polskismak.nl\/index.php\/wp-json\/wp\/v2\/product"}],"about":[{"href":"http:\/\/www.polskismak.nl\/index.php\/wp-json\/wp\/v2\/types\/product"}],"wp:featuredmedia":[{"embeddable":true,"href":"http:\/\/www.polskismak.nl\/index.php\/wp-json\/wp\/v2\/media\/11513"}],"wp:attachment":[{"href":"http:\/\/www.polskismak.nl\/index.php\/wp-json\/wp\/v2\/media?parent=11736"}],"wp:term":[{"taxonomy":"product_brand","embeddable":true,"href":"http:\/\/www.polskismak.nl\/index.php\/wp-json\/wp\/v2\/product_brand?post=11736"},{"taxonomy":"product_cat","embeddable":true,"href":"http:\/\/www.polskismak.nl\/index.php\/wp-json\/wp\/v2\/product_cat?post=11736"},{"taxonomy":"product_tag","embeddable":true,"href":"http:\/\/www.polskismak.nl\/index.php\/wp-json\/wp\/v2\/product_tag?post=11736"}],"curies":[{"name":"wp","href":"https:\/\/api.w.org\/{rel}","templated":true}]}}