{"id":11740,"date":"2024-09-04T11:19:52","date_gmt":"2024-09-04T11:19:52","guid":{"rendered":"https:\/\/www.polskismak.nl\/?post_type=product&#038;p=11740"},"modified":"2025-01-22T14:15:29","modified_gmt":"2025-01-22T14:15:29","slug":"nimm-2-boomki","status":"publish","type":"product","link":"http:\/\/www.polskismak.nl\/index.php\/product\/nimm-2-boomki\/","title":{"rendered":"Nimm 2 Boomki"},"content":{"rendered":"<p>Sk\u0142adniki:<br \/>\ncukier, syrop glukozowy, syrop glukozowo-fruktozowy, substancja utrzymuj\u0105ca wilgo\u0107: sorbitole, skrobia modyfikowana, t\u0142uszcz palmowy, zag\u0119szczone soki owocowe 1,8 %* (z winogron, pomara\u0144czy, limonki, cytryny, wi\u015bni, truskawki), kwas: kwas cytrynowy, witamina C, koncentrat barwi\u0105cy z czarnej marchwi, aromaty, niacyna, witamina E, kwas pantotenowy, emulgator: monostearynian polioksyetylenosorbitolu, zag\u0119szczony sok z czerwonych burak\u00f3w, witamina B6, barwi\u0105cy wyci\u0105g z kurkumy, kwas foliowy, witamina B12<\/p>\n<p>*odpowiada 7,5 % soku owocowego<\/p>\n<p>Ze wzgl\u0119du na technologi\u0119 produkcji proporcje poszczeg\u00f3lnych smak\u00f3w mog\u0105 ulega\u0107 zmianie<\/p>\n<p>Informacje dot. stylu \u017cycia<br \/>\nProdukt odpowiedni dla wegan<\/p>\n","protected":false},"excerpt":{"rendered":"<p>Sk\u0142adniki: cukier, syrop glukozowy, syrop glukozowo-fruktozowy, substancja utrzymuj\u0105ca wilgo\u0107: sorbitole, skrobia modyfikowana, t\u0142uszcz palmowy, zag\u0119szczone soki owocowe 1,8 %* (z winogron, pomara\u0144czy, limonki, cytryny, wi\u015bni, truskawki), kwas: kwas cytrynowy, witamina C, koncentrat barwi\u0105cy z czarnej marchwi, aromaty, niacyna, witamina E, kwas pantotenowy, emulgator: monostearynian polioksyetylenosorbitolu, zag\u0119szczony sok z czerwonych burak\u00f3w, witamina B6, barwi\u0105cy wyci\u0105g z [&hellip;]<\/p>\n","protected":false},"featured_media":11515,"template":"","meta":[],"product_brand":[],"product_cat":[106,103],"product_tag":[],"class_list":{"0":"post-11740","1":"product","2":"type-product","3":"status-publish","4":"has-post-thumbnail","6":"product_cat-cukierki","7":"product_cat-slodycze-i-przekaski","9":"first","10":"instock","11":"taxable","12":"shipping-taxable","13":"purchasable","14":"product-type-simple"},"_links":{"self":[{"href":"http:\/\/www.polskismak.nl\/index.php\/wp-json\/wp\/v2\/product\/11740","targetHints":{"allow":["GET"]}}],"collection":[{"href":"http:\/\/www.polskismak.nl\/index.php\/wp-json\/wp\/v2\/product"}],"about":[{"href":"http:\/\/www.polskismak.nl\/index.php\/wp-json\/wp\/v2\/types\/product"}],"wp:featuredmedia":[{"embeddable":true,"href":"http:\/\/www.polskismak.nl\/index.php\/wp-json\/wp\/v2\/media\/11515"}],"wp:attachment":[{"href":"http:\/\/www.polskismak.nl\/index.php\/wp-json\/wp\/v2\/media?parent=11740"}],"wp:term":[{"taxonomy":"product_brand","embeddable":true,"href":"http:\/\/www.polskismak.nl\/index.php\/wp-json\/wp\/v2\/product_brand?post=11740"},{"taxonomy":"product_cat","embeddable":true,"href":"http:\/\/www.polskismak.nl\/index.php\/wp-json\/wp\/v2\/product_cat?post=11740"},{"taxonomy":"product_tag","embeddable":true,"href":"http:\/\/www.polskismak.nl\/index.php\/wp-json\/wp\/v2\/product_tag?post=11740"}],"curies":[{"name":"wp","href":"https:\/\/api.w.org\/{rel}","templated":true}]}}