{"id":11746,"date":"2024-09-04T11:29:36","date_gmt":"2024-09-04T11:29:36","guid":{"rendered":"https:\/\/www.polskismak.nl\/?post_type=product&#038;p=11746"},"modified":"2025-11-12T14:54:47","modified_gmt":"2025-11-12T14:54:47","slug":"wafle-waniliowe-bez-cukru","status":"publish","type":"product","link":"http:\/\/www.polskismak.nl\/index.php\/product\/wafle-waniliowe-bez-cukru\/","title":{"rendered":"Wafle waniliowe bez cukru"},"content":{"rendered":"<p>Sk\u0142adniki:<br \/>\nm\u0105ka pszenna, t\u0142uszcz ro\u015blinny (palmowy), mleko w proszku odt\u0142uszczone, substancja s\u0142odz\u0105ca: maltitol, serwatka w proszku (z mleka), olej rzepakowy, aromat naturalny, s\u00f3l, emulgator: lecytyny, substancje spulchniaj\u0105ce: w\u0119glany sodu, w\u0119glany amonu, \u017c\u00f3\u0142tko jaja w proszku, naturalny aromat waniliowy, substancja s\u0142odz\u0105ca: sukraloza<\/p>\n<p>Tekst dotycz\u0105cy alergen\u00f3w<br \/>\nMo\u017ce zawiera\u0107 soj\u0119, orzeszki arachidowe, orzechy laskowe.<\/p>\n<p>O\u015bwiadczenia \u017cywieniowe<br \/>\nWafle waniliowe bez dodatku cukru.<\/p>\n<p>Produkt zawiera substancje s\u0142odz\u0105ce i naturalnie wyst\u0119puj\u0105ce cukry.<\/p>\n<p>Informacje dot. stylu \u017cycia<br \/>\nBez dodatku cukru<\/p>\n<p>Dodatki<br \/>\nAromaty\tZawiera<br \/>\nSubstancje s\u0142odz\u0105ce\tZawiera<\/p>\n<p>Inne informacje o alergenach<br \/>\nMo\u017ce zawiera\u0107 orzeszki arachidowe, orzechy laskowe.<\/p>\n","protected":false},"excerpt":{"rendered":"<p>Sk\u0142adniki: m\u0105ka pszenna, t\u0142uszcz ro\u015blinny (palmowy), mleko w proszku odt\u0142uszczone, substancja s\u0142odz\u0105ca: maltitol, serwatka w proszku (z mleka), olej rzepakowy, aromat naturalny, s\u00f3l, emulgator: lecytyny, substancje spulchniaj\u0105ce: w\u0119glany sodu, w\u0119glany amonu, \u017c\u00f3\u0142tko jaja w proszku, naturalny aromat waniliowy, substancja s\u0142odz\u0105ca: sukraloza Tekst dotycz\u0105cy alergen\u00f3w Mo\u017ce zawiera\u0107 soj\u0119, orzeszki arachidowe, orzechy laskowe. O\u015bwiadczenia \u017cywieniowe Wafle waniliowe [&hellip;]<\/p>\n","protected":false},"featured_media":11519,"template":"","meta":[],"product_brand":[],"product_cat":[104,103],"product_tag":[],"class_list":{"0":"post-11746","1":"product","2":"type-product","3":"status-publish","4":"has-post-thumbnail","6":"product_cat-ciastka-i-pierniki","7":"product_cat-slodycze-i-przekaski","9":"first","10":"instock","11":"taxable","12":"shipping-taxable","13":"purchasable","14":"product-type-simple"},"_links":{"self":[{"href":"http:\/\/www.polskismak.nl\/index.php\/wp-json\/wp\/v2\/product\/11746","targetHints":{"allow":["GET"]}}],"collection":[{"href":"http:\/\/www.polskismak.nl\/index.php\/wp-json\/wp\/v2\/product"}],"about":[{"href":"http:\/\/www.polskismak.nl\/index.php\/wp-json\/wp\/v2\/types\/product"}],"wp:featuredmedia":[{"embeddable":true,"href":"http:\/\/www.polskismak.nl\/index.php\/wp-json\/wp\/v2\/media\/11519"}],"wp:attachment":[{"href":"http:\/\/www.polskismak.nl\/index.php\/wp-json\/wp\/v2\/media?parent=11746"}],"wp:term":[{"taxonomy":"product_brand","embeddable":true,"href":"http:\/\/www.polskismak.nl\/index.php\/wp-json\/wp\/v2\/product_brand?post=11746"},{"taxonomy":"product_cat","embeddable":true,"href":"http:\/\/www.polskismak.nl\/index.php\/wp-json\/wp\/v2\/product_cat?post=11746"},{"taxonomy":"product_tag","embeddable":true,"href":"http:\/\/www.polskismak.nl\/index.php\/wp-json\/wp\/v2\/product_tag?post=11746"}],"curies":[{"name":"wp","href":"https:\/\/api.w.org\/{rel}","templated":true}]}}