{"id":11781,"date":"2024-09-04T12:56:21","date_gmt":"2024-09-04T12:56:21","guid":{"rendered":"https:\/\/www.polskismak.nl\/?post_type=product&#038;p=11781"},"modified":"2025-01-22T14:05:08","modified_gmt":"2025-01-22T14:05:08","slug":"verbena-ziolowe-cukierki-szalwia","status":"publish","type":"product","link":"http:\/\/www.polskismak.nl\/index.php\/product\/verbena-ziolowe-cukierki-szalwia\/","title":{"rendered":"Verbena Zio\u0142owe Cukierki Sza\u0142wia"},"content":{"rendered":"<p>Sk\u0142ad: syrop glukozowy, cukier, syrop glukozowo-fruktozowy, mi\u00f3d 1%, kwas (kwas cytrynowy), witamina C, ekstrakt z sza\u0142wii 0,2%, koncentrat czarnej marchwi, aromaty, aromaty naturalne (cytrynowy, sza\u0142wii), alkohol, mentol<\/p>\n<p>zawiera witamin\u0119 C<\/p>\n","protected":false},"excerpt":{"rendered":"<p>Sk\u0142ad: syrop glukozowy, cukier, syrop glukozowo-fruktozowy, mi\u00f3d 1%, kwas (kwas cytrynowy), witamina C, ekstrakt z sza\u0142wii 0,2%, koncentrat czarnej marchwi, aromaty, aromaty naturalne (cytrynowy, sza\u0142wii), alkohol, mentol zawiera witamin\u0119 C<\/p>\n","protected":false},"featured_media":11520,"template":"","meta":[],"product_brand":[],"product_cat":[106,103],"product_tag":[],"class_list":{"0":"post-11781","1":"product","2":"type-product","3":"status-publish","4":"has-post-thumbnail","6":"product_cat-cukierki","7":"product_cat-slodycze-i-przekaski","9":"first","10":"instock","11":"taxable","12":"shipping-taxable","13":"purchasable","14":"product-type-simple"},"_links":{"self":[{"href":"http:\/\/www.polskismak.nl\/index.php\/wp-json\/wp\/v2\/product\/11781","targetHints":{"allow":["GET"]}}],"collection":[{"href":"http:\/\/www.polskismak.nl\/index.php\/wp-json\/wp\/v2\/product"}],"about":[{"href":"http:\/\/www.polskismak.nl\/index.php\/wp-json\/wp\/v2\/types\/product"}],"wp:featuredmedia":[{"embeddable":true,"href":"http:\/\/www.polskismak.nl\/index.php\/wp-json\/wp\/v2\/media\/11520"}],"wp:attachment":[{"href":"http:\/\/www.polskismak.nl\/index.php\/wp-json\/wp\/v2\/media?parent=11781"}],"wp:term":[{"taxonomy":"product_brand","embeddable":true,"href":"http:\/\/www.polskismak.nl\/index.php\/wp-json\/wp\/v2\/product_brand?post=11781"},{"taxonomy":"product_cat","embeddable":true,"href":"http:\/\/www.polskismak.nl\/index.php\/wp-json\/wp\/v2\/product_cat?post=11781"},{"taxonomy":"product_tag","embeddable":true,"href":"http:\/\/www.polskismak.nl\/index.php\/wp-json\/wp\/v2\/product_tag?post=11781"}],"curies":[{"name":"wp","href":"https:\/\/api.w.org\/{rel}","templated":true}]}}