{"id":11784,"date":"2024-09-04T13:32:35","date_gmt":"2024-09-04T13:32:35","guid":{"rendered":"https:\/\/www.polskismak.nl\/?post_type=product&#038;p=11784"},"modified":"2025-01-22T14:04:50","modified_gmt":"2025-01-22T14:04:50","slug":"verbena-cukierki-melisa","status":"publish","type":"product","link":"http:\/\/www.polskismak.nl\/index.php\/product\/verbena-cukierki-melisa\/","title":{"rendered":"Verbena Cukierki Melisa"},"content":{"rendered":"<p>Sk\u0142adniki<br \/>\nCukier, syrop glukozowy, syrop glukozowo- fruktozowy, kwasy(kwas cytrynowy, kwas jab\u0142kowy), ekstrakty z zi\u00f3\u0142(melisa 0,1%, werbena 0,02%, pokrzywa 0,05%, mi\u0119ta pieprzowa 0,02%), witamina C, aromat naturalny(melisa),s\u00f3l.<\/p>\n","protected":false},"excerpt":{"rendered":"<p>Sk\u0142adniki Cukier, syrop glukozowy, syrop glukozowo- fruktozowy, kwasy(kwas cytrynowy, kwas jab\u0142kowy), ekstrakty z zi\u00f3\u0142(melisa 0,1%, werbena 0,02%, pokrzywa 0,05%, mi\u0119ta pieprzowa 0,02%), witamina C, aromat naturalny(melisa),s\u00f3l.<\/p>\n","protected":false},"featured_media":11521,"template":"","meta":[],"product_brand":[],"product_cat":[106,103],"product_tag":[],"class_list":{"0":"post-11784","1":"product","2":"type-product","3":"status-publish","4":"has-post-thumbnail","6":"product_cat-cukierki","7":"product_cat-slodycze-i-przekaski","9":"first","10":"instock","11":"taxable","12":"shipping-taxable","13":"purchasable","14":"product-type-simple"},"_links":{"self":[{"href":"http:\/\/www.polskismak.nl\/index.php\/wp-json\/wp\/v2\/product\/11784","targetHints":{"allow":["GET"]}}],"collection":[{"href":"http:\/\/www.polskismak.nl\/index.php\/wp-json\/wp\/v2\/product"}],"about":[{"href":"http:\/\/www.polskismak.nl\/index.php\/wp-json\/wp\/v2\/types\/product"}],"wp:featuredmedia":[{"embeddable":true,"href":"http:\/\/www.polskismak.nl\/index.php\/wp-json\/wp\/v2\/media\/11521"}],"wp:attachment":[{"href":"http:\/\/www.polskismak.nl\/index.php\/wp-json\/wp\/v2\/media?parent=11784"}],"wp:term":[{"taxonomy":"product_brand","embeddable":true,"href":"http:\/\/www.polskismak.nl\/index.php\/wp-json\/wp\/v2\/product_brand?post=11784"},{"taxonomy":"product_cat","embeddable":true,"href":"http:\/\/www.polskismak.nl\/index.php\/wp-json\/wp\/v2\/product_cat?post=11784"},{"taxonomy":"product_tag","embeddable":true,"href":"http:\/\/www.polskismak.nl\/index.php\/wp-json\/wp\/v2\/product_tag?post=11784"}],"curies":[{"name":"wp","href":"https:\/\/api.w.org\/{rel}","templated":true}]}}