{"id":11786,"date":"2024-09-04T13:34:48","date_gmt":"2024-09-04T13:34:48","guid":{"rendered":"https:\/\/www.polskismak.nl\/?post_type=product&#038;p=11786"},"modified":"2025-01-22T14:04:37","modified_gmt":"2025-01-22T14:04:37","slug":"verbena-cukierki-dzika-roza","status":"publish","type":"product","link":"http:\/\/www.polskismak.nl\/index.php\/product\/verbena-cukierki-dzika-roza\/","title":{"rendered":"Verbena Cukierki Dzika r\u00f3\u017ca"},"content":{"rendered":"<p>Sk\u0142adniki<br \/>\nSyrop glukozowy, Cukier, Syrop glukozowo-fruktozowy, Kwas (cytrynowy, jab\u0142kowy), Koncentrat z dzikiej r\u00f3\u017cy w proszku 0,2%, Ekstrakt z dzikiej r\u00f3\u017cy 0,2%, Ekstrakty z zi\u00f3\u0142 0,1% (ekstrakt z pokrzywy, ekstrakt z hibiskusa), Witamina C, Barwniki (koszenila, kurkumina), Aromaty, Aromat naturalny, Maltodekstryna.<\/p>\n","protected":false},"excerpt":{"rendered":"<p>Sk\u0142adniki Syrop glukozowy, Cukier, Syrop glukozowo-fruktozowy, Kwas (cytrynowy, jab\u0142kowy), Koncentrat z dzikiej r\u00f3\u017cy w proszku 0,2%, Ekstrakt z dzikiej r\u00f3\u017cy 0,2%, Ekstrakty z zi\u00f3\u0142 0,1% (ekstrakt z pokrzywy, ekstrakt z hibiskusa), Witamina C, Barwniki (koszenila, kurkumina), Aromaty, Aromat naturalny, Maltodekstryna.<\/p>\n","protected":false},"featured_media":0,"template":"","meta":[],"product_brand":[],"product_cat":[106,103],"product_tag":[],"class_list":{"0":"post-11786","1":"product","2":"type-product","3":"status-publish","5":"product_cat-cukierki","6":"product_cat-slodycze-i-przekaski","8":"first","9":"instock","10":"taxable","11":"shipping-taxable","12":"purchasable","13":"product-type-simple"},"_links":{"self":[{"href":"http:\/\/www.polskismak.nl\/index.php\/wp-json\/wp\/v2\/product\/11786","targetHints":{"allow":["GET"]}}],"collection":[{"href":"http:\/\/www.polskismak.nl\/index.php\/wp-json\/wp\/v2\/product"}],"about":[{"href":"http:\/\/www.polskismak.nl\/index.php\/wp-json\/wp\/v2\/types\/product"}],"wp:attachment":[{"href":"http:\/\/www.polskismak.nl\/index.php\/wp-json\/wp\/v2\/media?parent=11786"}],"wp:term":[{"taxonomy":"product_brand","embeddable":true,"href":"http:\/\/www.polskismak.nl\/index.php\/wp-json\/wp\/v2\/product_brand?post=11786"},{"taxonomy":"product_cat","embeddable":true,"href":"http:\/\/www.polskismak.nl\/index.php\/wp-json\/wp\/v2\/product_cat?post=11786"},{"taxonomy":"product_tag","embeddable":true,"href":"http:\/\/www.polskismak.nl\/index.php\/wp-json\/wp\/v2\/product_tag?post=11786"}],"curies":[{"name":"wp","href":"https:\/\/api.w.org\/{rel}","templated":true}]}}