{"id":11818,"date":"2024-09-04T14:31:45","date_gmt":"2024-09-04T14:31:45","guid":{"rendered":"https:\/\/www.polskismak.nl\/?post_type=product&#038;p=11818"},"modified":"2025-11-12T14:49:46","modified_gmt":"2025-11-12T14:49:46","slug":"princessa-longa-kokosowa","status":"publish","type":"product","link":"http:\/\/www.polskismak.nl\/index.php\/product\/princessa-longa-kokosowa\/","title":{"rendered":"Princessa Longa Kokosowa"},"content":{"rendered":"<p>Sk\u0142adniki:<br \/>\nodt\u0142uszczone mleko w proszku, preparat serwatkowy w proszku (z mleka), t\u0142uszcz mleczny, oleje ro\u015blinne (palmowy, shea), emulgator (lecytyny)), m\u0105ka pszenna, olej palmowy, cukier, preparat serwatkowy w proszku (z mleka), odt\u0142uszczone mleko w proszku, substancje spulchniaj\u0105ce (w\u0119glany amonu, w\u0119glany sodu), maltodekstryna, emulgatory (lecytyny, E 476), s\u00f3l<\/p>\n<p>Tekst dotycz\u0105cy alergen\u00f3w<br \/>\nMo\u017ce zawiera\u0107: orzechy ziemne, orzechy i soj\u0119.<\/p>\n","protected":false},"excerpt":{"rendered":"<p>Sk\u0142adniki: odt\u0142uszczone mleko w proszku, preparat serwatkowy w proszku (z mleka), t\u0142uszcz mleczny, oleje ro\u015blinne (palmowy, shea), emulgator (lecytyny)), m\u0105ka pszenna, olej palmowy, cukier, preparat serwatkowy w proszku (z mleka), odt\u0142uszczone mleko w proszku, substancje spulchniaj\u0105ce (w\u0119glany amonu, w\u0119glany sodu), maltodekstryna, emulgatory (lecytyny, E 476), s\u00f3l Tekst dotycz\u0105cy alergen\u00f3w Mo\u017ce zawiera\u0107: orzechy ziemne, orzechy i [&hellip;]<\/p>\n","protected":false},"featured_media":11663,"template":"","meta":[],"product_brand":[],"product_cat":[107,103],"product_tag":[],"class_list":{"0":"post-11818","1":"product","2":"type-product","3":"status-publish","4":"has-post-thumbnail","6":"product_cat-batoniki-i-wafelki","7":"product_cat-slodycze-i-przekaski","9":"first","10":"instock","11":"taxable","12":"shipping-taxable","13":"purchasable","14":"product-type-simple"},"_links":{"self":[{"href":"http:\/\/www.polskismak.nl\/index.php\/wp-json\/wp\/v2\/product\/11818","targetHints":{"allow":["GET"]}}],"collection":[{"href":"http:\/\/www.polskismak.nl\/index.php\/wp-json\/wp\/v2\/product"}],"about":[{"href":"http:\/\/www.polskismak.nl\/index.php\/wp-json\/wp\/v2\/types\/product"}],"wp:featuredmedia":[{"embeddable":true,"href":"http:\/\/www.polskismak.nl\/index.php\/wp-json\/wp\/v2\/media\/11663"}],"wp:attachment":[{"href":"http:\/\/www.polskismak.nl\/index.php\/wp-json\/wp\/v2\/media?parent=11818"}],"wp:term":[{"taxonomy":"product_brand","embeddable":true,"href":"http:\/\/www.polskismak.nl\/index.php\/wp-json\/wp\/v2\/product_brand?post=11818"},{"taxonomy":"product_cat","embeddable":true,"href":"http:\/\/www.polskismak.nl\/index.php\/wp-json\/wp\/v2\/product_cat?post=11818"},{"taxonomy":"product_tag","embeddable":true,"href":"http:\/\/www.polskismak.nl\/index.php\/wp-json\/wp\/v2\/product_tag?post=11818"}],"curies":[{"name":"wp","href":"https:\/\/api.w.org\/{rel}","templated":true}]}}