{"id":11927,"date":"2024-09-06T14:30:13","date_gmt":"2024-09-06T14:30:13","guid":{"rendered":"https:\/\/www.polskismak.nl\/?post_type=product&#038;p=11927"},"modified":"2025-01-22T13:23:32","modified_gmt":"2025-01-22T13:23:32","slug":"cini-minis-450g","status":"publish","type":"product","link":"http:\/\/www.polskismak.nl\/index.php\/product\/cini-minis-450g\/","title":{"rendered":"Cini minis 450g"},"content":{"rendered":"<p>Sk\u0142adniki<br \/>\nm\u0105ka pszenna pe\u0142noziarnista (37%), m\u0105ka ry\u017cowa (28,5%), cukier, olej palmowy, syrop glukozowy, skrobia kukurydziana, substancja wype\u0142niaj\u0105ca (w\u0119glan wapnia), s\u00f3l, cynamon (0,3%), emulgator (lecytyny), przeciwutleniacz (mieszanina tokoferoli), ekstrakt s\u0142odowy j\u0119czmienny ciemny, aromat naturalny, barwnik (annato norbiksyna), substancje wzbogacaj\u0105ce (sk\u0142adnik mineralny: \u017celazo; witaminy B3, B5, B6, B2, B1, B9, D). Mo\u017ce zawiera\u0107 mleko i orzechy.<\/p>\n","protected":false},"excerpt":{"rendered":"<p>Sk\u0142adniki m\u0105ka pszenna pe\u0142noziarnista (37%), m\u0105ka ry\u017cowa (28,5%), cukier, olej palmowy, syrop glukozowy, skrobia kukurydziana, substancja wype\u0142niaj\u0105ca (w\u0119glan wapnia), s\u00f3l, cynamon (0,3%), emulgator (lecytyny), przeciwutleniacz (mieszanina tokoferoli), ekstrakt s\u0142odowy j\u0119czmienny ciemny, aromat naturalny, barwnik (annato norbiksyna), substancje wzbogacaj\u0105ce (sk\u0142adnik mineralny: \u017celazo; witaminy B3, B5, B6, B2, B1, B9, D). Mo\u017ce zawiera\u0107 mleko i orzechy.<\/p>\n","protected":false},"featured_media":11679,"template":"","meta":[],"product_brand":[],"product_cat":[136,139],"product_tag":[],"class_list":{"0":"post-11927","1":"product","2":"type-product","3":"status-publish","4":"has-post-thumbnail","6":"product_cat-produkty-sypkie","7":"product_cat-platki","9":"first","10":"instock","11":"taxable","12":"shipping-taxable","13":"purchasable","14":"product-type-simple"},"_links":{"self":[{"href":"http:\/\/www.polskismak.nl\/index.php\/wp-json\/wp\/v2\/product\/11927","targetHints":{"allow":["GET"]}}],"collection":[{"href":"http:\/\/www.polskismak.nl\/index.php\/wp-json\/wp\/v2\/product"}],"about":[{"href":"http:\/\/www.polskismak.nl\/index.php\/wp-json\/wp\/v2\/types\/product"}],"wp:featuredmedia":[{"embeddable":true,"href":"http:\/\/www.polskismak.nl\/index.php\/wp-json\/wp\/v2\/media\/11679"}],"wp:attachment":[{"href":"http:\/\/www.polskismak.nl\/index.php\/wp-json\/wp\/v2\/media?parent=11927"}],"wp:term":[{"taxonomy":"product_brand","embeddable":true,"href":"http:\/\/www.polskismak.nl\/index.php\/wp-json\/wp\/v2\/product_brand?post=11927"},{"taxonomy":"product_cat","embeddable":true,"href":"http:\/\/www.polskismak.nl\/index.php\/wp-json\/wp\/v2\/product_cat?post=11927"},{"taxonomy":"product_tag","embeddable":true,"href":"http:\/\/www.polskismak.nl\/index.php\/wp-json\/wp\/v2\/product_tag?post=11927"}],"curies":[{"name":"wp","href":"https:\/\/api.w.org\/{rel}","templated":true}]}}