{"id":11929,"date":"2024-09-06T14:38:00","date_gmt":"2024-09-06T14:38:00","guid":{"rendered":"https:\/\/www.polskismak.nl\/?post_type=product&#038;p=11929"},"modified":"2025-11-12T14:45:17","modified_gmt":"2025-11-12T14:45:17","slug":"cini-minis-churros-450g","status":"publish","type":"product","link":"http:\/\/www.polskismak.nl\/index.php\/product\/cini-minis-churros-450g\/","title":{"rendered":"Cini Minis Churros 450g"},"content":{"rendered":"<p>Sk\u0142adniki<br \/>\nm\u0105ka PSZENNA pe\u0142noziarnista (42,6 %), m\u0105ka kukurydziana (32,6 %), cukier, olej s\u0142onecznikowy, substancja wype\u0142niaj\u0105ca (w\u0119glan wapnia), s\u00f3l, cynamon (0,4 %), aromaty naturalne, przeciwutleniacz (mieszanina tokoferoli), barwnik (beta-karoten), substancje wzbogacaj\u0105ce (sk\u0142adnik mineralny: \u017celazo; witaminy B3, B6, B2, B1, B9)<\/p>\n<p>Do wytworzenia 100 g tego produktu u\u017cyto 42,6 g sk\u0142adnika na pe\u0142noziarnistego<\/p>\n<p>Tekst dotycz\u0105cy alergen\u00f3w<br \/>\nMo\u017ce zawiera\u0107 MLEKO i ORZECHY.<\/p>\n","protected":false},"excerpt":{"rendered":"<p>Sk\u0142adniki m\u0105ka PSZENNA pe\u0142noziarnista (42,6 %), m\u0105ka kukurydziana (32,6 %), cukier, olej s\u0142onecznikowy, substancja wype\u0142niaj\u0105ca (w\u0119glan wapnia), s\u00f3l, cynamon (0,4 %), aromaty naturalne, przeciwutleniacz (mieszanina tokoferoli), barwnik (beta-karoten), substancje wzbogacaj\u0105ce (sk\u0142adnik mineralny: \u017celazo; witaminy B3, B6, B2, B1, B9) Do wytworzenia 100 g tego produktu u\u017cyto 42,6 g sk\u0142adnika na pe\u0142noziarnistego Tekst dotycz\u0105cy alergen\u00f3w Mo\u017ce [&hellip;]<\/p>\n","protected":false},"featured_media":11680,"template":"","meta":[],"product_brand":[],"product_cat":[136,139],"product_tag":[],"class_list":{"0":"post-11929","1":"product","2":"type-product","3":"status-publish","4":"has-post-thumbnail","6":"product_cat-produkty-sypkie","7":"product_cat-platki","9":"first","10":"instock","11":"taxable","12":"shipping-taxable","13":"purchasable","14":"product-type-simple"},"_links":{"self":[{"href":"http:\/\/www.polskismak.nl\/index.php\/wp-json\/wp\/v2\/product\/11929","targetHints":{"allow":["GET"]}}],"collection":[{"href":"http:\/\/www.polskismak.nl\/index.php\/wp-json\/wp\/v2\/product"}],"about":[{"href":"http:\/\/www.polskismak.nl\/index.php\/wp-json\/wp\/v2\/types\/product"}],"wp:featuredmedia":[{"embeddable":true,"href":"http:\/\/www.polskismak.nl\/index.php\/wp-json\/wp\/v2\/media\/11680"}],"wp:attachment":[{"href":"http:\/\/www.polskismak.nl\/index.php\/wp-json\/wp\/v2\/media?parent=11929"}],"wp:term":[{"taxonomy":"product_brand","embeddable":true,"href":"http:\/\/www.polskismak.nl\/index.php\/wp-json\/wp\/v2\/product_brand?post=11929"},{"taxonomy":"product_cat","embeddable":true,"href":"http:\/\/www.polskismak.nl\/index.php\/wp-json\/wp\/v2\/product_cat?post=11929"},{"taxonomy":"product_tag","embeddable":true,"href":"http:\/\/www.polskismak.nl\/index.php\/wp-json\/wp\/v2\/product_tag?post=11929"}],"curies":[{"name":"wp","href":"https:\/\/api.w.org\/{rel}","templated":true}]}}