{"id":11931,"date":"2024-09-06T14:41:20","date_gmt":"2024-09-06T14:41:20","guid":{"rendered":"https:\/\/www.polskismak.nl\/?post_type=product&#038;p=11931"},"modified":"2025-11-12T14:44:47","modified_gmt":"2025-11-12T14:44:47","slug":"strawberry-minis-450g","status":"publish","type":"product","link":"http:\/\/www.polskismak.nl\/index.php\/product\/strawberry-minis-450g\/","title":{"rendered":"Strawberry minis 450g"},"content":{"rendered":"<p>Sk\u0142adniki: m\u0105ka pszenna pe\u0142noziarnista (37,9%), m\u0105ka ry\u017cowa (29,2%), cukier, olej s\u0142onecznikowy, syrop glukozowy, skrobia kukurydziana, substancja wzbogacaj\u0105ca (sk\u0142adnik mineralny: wap\u0144), s\u00f3l, suszone truskawki w proszku (0,15%), maltodekstryna, emulgator (lecytyny s\u0142onecznikowe), aromat naturalny, przeciwutleniacz (mieszanina tokoferoli), koncentrat warzywno-owocowy (czarna marchew, czarne porzeczki, cukier inwertowany), regulator kwasowo\u015bci (kwas cytrynowy), substancje wzbogacaj\u0105ce (sk\u0142adnik mineralny: \u017celazo; witaminy: B3, B5, B6, B2, B1 B9, D)<\/p>\n<p>% &#8211; odnosi si\u0119 do zawarto\u015bci sk\u0142adnika w ca\u0142ym produkcie<\/p>\n<p>Do wytworzenia 100 g tego produktu u\u017cyto 37,9 g sk\u0142adnika pe\u0142noziarnistego<\/p>\n","protected":false},"excerpt":{"rendered":"<p>Sk\u0142adniki: m\u0105ka pszenna pe\u0142noziarnista (37,9%), m\u0105ka ry\u017cowa (29,2%), cukier, olej s\u0142onecznikowy, syrop glukozowy, skrobia kukurydziana, substancja wzbogacaj\u0105ca (sk\u0142adnik mineralny: wap\u0144), s\u00f3l, suszone truskawki w proszku (0,15%), maltodekstryna, emulgator (lecytyny s\u0142onecznikowe), aromat naturalny, przeciwutleniacz (mieszanina tokoferoli), koncentrat warzywno-owocowy (czarna marchew, czarne porzeczki, cukier inwertowany), regulator kwasowo\u015bci (kwas cytrynowy), substancje wzbogacaj\u0105ce (sk\u0142adnik mineralny: \u017celazo; witaminy: B3, B5, [&hellip;]<\/p>\n","protected":false},"featured_media":11681,"template":"","meta":[],"product_brand":[],"product_cat":[136,139],"product_tag":[],"class_list":{"0":"post-11931","1":"product","2":"type-product","3":"status-publish","4":"has-post-thumbnail","6":"product_cat-produkty-sypkie","7":"product_cat-platki","9":"first","10":"instock","11":"taxable","12":"shipping-taxable","13":"purchasable","14":"product-type-simple"},"_links":{"self":[{"href":"http:\/\/www.polskismak.nl\/index.php\/wp-json\/wp\/v2\/product\/11931","targetHints":{"allow":["GET"]}}],"collection":[{"href":"http:\/\/www.polskismak.nl\/index.php\/wp-json\/wp\/v2\/product"}],"about":[{"href":"http:\/\/www.polskismak.nl\/index.php\/wp-json\/wp\/v2\/types\/product"}],"wp:featuredmedia":[{"embeddable":true,"href":"http:\/\/www.polskismak.nl\/index.php\/wp-json\/wp\/v2\/media\/11681"}],"wp:attachment":[{"href":"http:\/\/www.polskismak.nl\/index.php\/wp-json\/wp\/v2\/media?parent=11931"}],"wp:term":[{"taxonomy":"product_brand","embeddable":true,"href":"http:\/\/www.polskismak.nl\/index.php\/wp-json\/wp\/v2\/product_brand?post=11931"},{"taxonomy":"product_cat","embeddable":true,"href":"http:\/\/www.polskismak.nl\/index.php\/wp-json\/wp\/v2\/product_cat?post=11931"},{"taxonomy":"product_tag","embeddable":true,"href":"http:\/\/www.polskismak.nl\/index.php\/wp-json\/wp\/v2\/product_tag?post=11931"}],"curies":[{"name":"wp","href":"https:\/\/api.w.org\/{rel}","templated":true}]}}