{"id":11962,"date":"2024-09-11T11:51:46","date_gmt":"2024-09-11T11:51:46","guid":{"rendered":"https:\/\/www.polskismak.nl\/?post_type=product&#038;p=11962"},"modified":"2025-01-22T13:17:45","modified_gmt":"2025-01-22T13:17:45","slug":"nesquik-450g","status":"publish","type":"product","link":"http:\/\/www.polskismak.nl\/index.php\/product\/nesquik-450g\/","title":{"rendered":"Nesquik 450g"},"content":{"rendered":"<p>Sk\u0142adniki<br \/>\nm\u0105ka PSZENNA pe\u0142noziarnista (53,1 %), cukier, m\u0105ka kukurydziana (17,2 %), syrop glukozowy, kakao o obni\u017conej zawarto\u015bci t\u0142uszczu* (5,6 %), substancja wzbogacaj\u0105ca (sk\u0142adnik mineralny: wap\u0144), zawiera olej s\u0142onecznikowy i\/lub palmowy, s\u00f3l, aromaty naturalne, substancje wzbogacaj\u0105ce (sk\u0142adnik mineralny: \u017celazo; witaminy: B3, B5, B2, B6, B1, B9, D)<\/p>\n<p>*Certyfikowane Rainforest Alliance<\/p>\n<p>Do wytworzenia 100 g tego produktu u\u017cyto 53,1 g sk\u0142adnika pe\u0142noziarnistego<\/p>\n<p>Tekst dotycz\u0105cy alergen\u00f3w<br \/>\nMo\u017ce zawiera\u0107 MLEKO i ORZECHY.<\/p>\n","protected":false},"excerpt":{"rendered":"<p>Sk\u0142adniki m\u0105ka PSZENNA pe\u0142noziarnista (53,1 %), cukier, m\u0105ka kukurydziana (17,2 %), syrop glukozowy, kakao o obni\u017conej zawarto\u015bci t\u0142uszczu* (5,6 %), substancja wzbogacaj\u0105ca (sk\u0142adnik mineralny: wap\u0144), zawiera olej s\u0142onecznikowy i\/lub palmowy, s\u00f3l, aromaty naturalne, substancje wzbogacaj\u0105ce (sk\u0142adnik mineralny: \u017celazo; witaminy: B3, B5, B2, B6, B1, B9, D) *Certyfikowane Rainforest Alliance Do wytworzenia 100 g tego produktu [&hellip;]<\/p>\n","protected":false},"featured_media":11685,"template":"","meta":[],"product_brand":[],"product_cat":[136,139],"product_tag":[],"class_list":{"0":"post-11962","1":"product","2":"type-product","3":"status-publish","4":"has-post-thumbnail","6":"product_cat-produkty-sypkie","7":"product_cat-platki","9":"first","10":"instock","11":"taxable","12":"shipping-taxable","13":"purchasable","14":"product-type-simple"},"_links":{"self":[{"href":"http:\/\/www.polskismak.nl\/index.php\/wp-json\/wp\/v2\/product\/11962","targetHints":{"allow":["GET"]}}],"collection":[{"href":"http:\/\/www.polskismak.nl\/index.php\/wp-json\/wp\/v2\/product"}],"about":[{"href":"http:\/\/www.polskismak.nl\/index.php\/wp-json\/wp\/v2\/types\/product"}],"wp:featuredmedia":[{"embeddable":true,"href":"http:\/\/www.polskismak.nl\/index.php\/wp-json\/wp\/v2\/media\/11685"}],"wp:attachment":[{"href":"http:\/\/www.polskismak.nl\/index.php\/wp-json\/wp\/v2\/media?parent=11962"}],"wp:term":[{"taxonomy":"product_brand","embeddable":true,"href":"http:\/\/www.polskismak.nl\/index.php\/wp-json\/wp\/v2\/product_brand?post=11962"},{"taxonomy":"product_cat","embeddable":true,"href":"http:\/\/www.polskismak.nl\/index.php\/wp-json\/wp\/v2\/product_cat?post=11962"},{"taxonomy":"product_tag","embeddable":true,"href":"http:\/\/www.polskismak.nl\/index.php\/wp-json\/wp\/v2\/product_tag?post=11962"}],"curies":[{"name":"wp","href":"https:\/\/api.w.org\/{rel}","templated":true}]}}