{"id":11964,"date":"2024-09-11T11:55:11","date_gmt":"2024-09-11T11:55:11","guid":{"rendered":"https:\/\/www.polskismak.nl\/?post_type=product&#038;p=11964"},"modified":"2025-11-12T14:44:02","modified_gmt":"2025-11-12T14:44:02","slug":"corn-flakes-miod-i-orzeszki-450g","status":"publish","type":"product","link":"http:\/\/www.polskismak.nl\/index.php\/product\/corn-flakes-miod-i-orzeszki-450g\/","title":{"rendered":"Corn Flakes mi\u00f3d i orzeszki 450g"},"content":{"rendered":"<p>Sk\u0142adniki:<br \/>\ngrys kukurydziany (70,3 %), cukier, orzeszki ziemne (7,5 %), oligofruktoza, mi\u00f3d (2 %), s\u00f3l, syrop cukru inwertowanego, regulator kwasowo\u015bci (fosforany sodu), melasa, przeciwutleniacz (mieszanina tokoferoli), substancje wzbogacaj\u0105ce: witaminy (B3, B5, B2, B6, B9)<\/p>\n<p>% &#8211; odnosi si\u0119 do zawarto\u015bci sk\u0142adnika w ca\u0142ym produkcie<\/p>\n<p>Tekst dotycz\u0105cy alergen\u00f3w<br \/>\nMo\u017ce zawiera\u0107 orzechy. Produkt bezglutenowy.<\/p>\n","protected":false},"excerpt":{"rendered":"<p>Sk\u0142adniki: grys kukurydziany (70,3 %), cukier, orzeszki ziemne (7,5 %), oligofruktoza, mi\u00f3d (2 %), s\u00f3l, syrop cukru inwertowanego, regulator kwasowo\u015bci (fosforany sodu), melasa, przeciwutleniacz (mieszanina tokoferoli), substancje wzbogacaj\u0105ce: witaminy (B3, B5, B2, B6, B9) % &#8211; odnosi si\u0119 do zawarto\u015bci sk\u0142adnika w ca\u0142ym produkcie Tekst dotycz\u0105cy alergen\u00f3w Mo\u017ce zawiera\u0107 orzechy. Produkt bezglutenowy.<\/p>\n","protected":false},"featured_media":11686,"template":"","meta":[],"product_brand":[],"product_cat":[136,139],"product_tag":[],"class_list":{"0":"post-11964","1":"product","2":"type-product","3":"status-publish","4":"has-post-thumbnail","6":"product_cat-produkty-sypkie","7":"product_cat-platki","9":"first","10":"instock","11":"taxable","12":"shipping-taxable","13":"purchasable","14":"product-type-simple"},"_links":{"self":[{"href":"http:\/\/www.polskismak.nl\/index.php\/wp-json\/wp\/v2\/product\/11964","targetHints":{"allow":["GET"]}}],"collection":[{"href":"http:\/\/www.polskismak.nl\/index.php\/wp-json\/wp\/v2\/product"}],"about":[{"href":"http:\/\/www.polskismak.nl\/index.php\/wp-json\/wp\/v2\/types\/product"}],"wp:featuredmedia":[{"embeddable":true,"href":"http:\/\/www.polskismak.nl\/index.php\/wp-json\/wp\/v2\/media\/11686"}],"wp:attachment":[{"href":"http:\/\/www.polskismak.nl\/index.php\/wp-json\/wp\/v2\/media?parent=11964"}],"wp:term":[{"taxonomy":"product_brand","embeddable":true,"href":"http:\/\/www.polskismak.nl\/index.php\/wp-json\/wp\/v2\/product_brand?post=11964"},{"taxonomy":"product_cat","embeddable":true,"href":"http:\/\/www.polskismak.nl\/index.php\/wp-json\/wp\/v2\/product_cat?post=11964"},{"taxonomy":"product_tag","embeddable":true,"href":"http:\/\/www.polskismak.nl\/index.php\/wp-json\/wp\/v2\/product_tag?post=11964"}],"curies":[{"name":"wp","href":"https:\/\/api.w.org\/{rel}","templated":true}]}}