{"id":11990,"date":"2024-09-11T13:51:01","date_gmt":"2024-09-11T13:51:01","guid":{"rendered":"https:\/\/www.polskismak.nl\/?post_type=product&#038;p=11990"},"modified":"2025-01-22T13:05:27","modified_gmt":"2025-01-22T13:05:27","slug":"bobovita-kaszka-mleczno-ryzowa-owoce-lesne","status":"publish","type":"product","link":"http:\/\/www.polskismak.nl\/index.php\/product\/bobovita-kaszka-mleczno-ryzowa-owoce-lesne\/","title":{"rendered":"Bobovita kaszka mleczno-ry\u017cowa owoce le\u015bne"},"content":{"rendered":"<p>Sk\u0142adniki<br \/>\nm\u0105ka ry\u017cowa 45,2 %, odt\u0142uszczone mleko w proszku 22,3 %, odmineralizowana serwatka w proszku (z mleka) 11 %, cukier, oleje ro\u015blinne (s\u0142onecznikowy, rzepakowy, wysokooleinowy s\u0142onecznikowy, kokosowy), witaminy i sk\u0142adniki mineralne (C, E, A, biotyna, tiamina, B6, D, wap\u0144, \u017celazo, jod), p\u0142atki truskawkowe 0,5 % (suszone truskawki, m\u0105ka ry\u017cowa), p\u0142atki malinowe 0,3 % (suszone maliny, m\u0105ka ry\u017cowa), p\u0142atki jagoda-je\u017cyna 0,3 % (suszona jagoda, suszona je\u017cyna, m\u0105ka ry\u017cowa), naturalny aromat<\/p>\n<p>Ciemne drobiny w kaszce pochodz\u0105 z ry\u017cu<\/p>\n<p>Informacje dot. stylu \u017cycia<br \/>\nNie zawiera oleju palmowego<\/p>\n<p>Bezglutenowy<\/p>\n","protected":false},"excerpt":{"rendered":"<p>Sk\u0142adniki m\u0105ka ry\u017cowa 45,2 %, odt\u0142uszczone mleko w proszku 22,3 %, odmineralizowana serwatka w proszku (z mleka) 11 %, cukier, oleje ro\u015blinne (s\u0142onecznikowy, rzepakowy, wysokooleinowy s\u0142onecznikowy, kokosowy), witaminy i sk\u0142adniki mineralne (C, E, A, biotyna, tiamina, B6, D, wap\u0144, \u017celazo, jod), p\u0142atki truskawkowe 0,5 % (suszone truskawki, m\u0105ka ry\u017cowa), p\u0142atki malinowe 0,3 % (suszone maliny, [&hellip;]<\/p>\n","protected":false},"featured_media":11755,"template":"","meta":[],"product_brand":[],"product_cat":[141,136],"product_tag":[],"class_list":{"0":"post-11990","1":"product","2":"type-product","3":"status-publish","4":"has-post-thumbnail","6":"product_cat-inne-produkty-sypkie","7":"product_cat-produkty-sypkie","9":"first","10":"instock","11":"taxable","12":"shipping-taxable","13":"purchasable","14":"product-type-simple"},"_links":{"self":[{"href":"http:\/\/www.polskismak.nl\/index.php\/wp-json\/wp\/v2\/product\/11990","targetHints":{"allow":["GET"]}}],"collection":[{"href":"http:\/\/www.polskismak.nl\/index.php\/wp-json\/wp\/v2\/product"}],"about":[{"href":"http:\/\/www.polskismak.nl\/index.php\/wp-json\/wp\/v2\/types\/product"}],"wp:featuredmedia":[{"embeddable":true,"href":"http:\/\/www.polskismak.nl\/index.php\/wp-json\/wp\/v2\/media\/11755"}],"wp:attachment":[{"href":"http:\/\/www.polskismak.nl\/index.php\/wp-json\/wp\/v2\/media?parent=11990"}],"wp:term":[{"taxonomy":"product_brand","embeddable":true,"href":"http:\/\/www.polskismak.nl\/index.php\/wp-json\/wp\/v2\/product_brand?post=11990"},{"taxonomy":"product_cat","embeddable":true,"href":"http:\/\/www.polskismak.nl\/index.php\/wp-json\/wp\/v2\/product_cat?post=11990"},{"taxonomy":"product_tag","embeddable":true,"href":"http:\/\/www.polskismak.nl\/index.php\/wp-json\/wp\/v2\/product_tag?post=11990"}],"curies":[{"name":"wp","href":"https:\/\/api.w.org\/{rel}","templated":true}]}}