{"id":12007,"date":"2024-09-11T14:27:03","date_gmt":"2024-09-11T14:27:03","guid":{"rendered":"https:\/\/www.polskismak.nl\/?post_type=product&#038;p=12007"},"modified":"2025-01-22T13:00:02","modified_gmt":"2025-01-22T13:00:02","slug":"familijne-wafle-o-smaku-kakaowo-smietankowym","status":"publish","type":"product","link":"http:\/\/www.polskismak.nl\/index.php\/product\/familijne-wafle-o-smaku-kakaowo-smietankowym\/","title":{"rendered":"Familijne wafle o smaku kakaowo-\u015bmietankowym"},"content":{"rendered":"<p>Sk\u0142ad:<br \/>\nm\u0105ka pszenna, cukier, t\u0142uszcz palmowy, serwatka w proszku (z mleka), mleko w proszku odt\u0142uszczone, kakao o obni\u017conej zawarto\u015bci t\u0142uszczu 2,5 %, olej rzepakowy, skrobia, emulgator: lecytyny (z soi); s\u00f3l, \u015bmietanka w proszku (z mleka) 0,17 %, substancja spulchniaj\u0105ca: E 500; aromaty, orzechy laskowe pra\u017cone, mielone.<\/p>\n<p>Mo\u017ce zawiera\u0107 orzeszki arachidowe i inne orzechy.<\/p>\n","protected":false},"excerpt":{"rendered":"<p>Sk\u0142ad: m\u0105ka pszenna, cukier, t\u0142uszcz palmowy, serwatka w proszku (z mleka), mleko w proszku odt\u0142uszczone, kakao o obni\u017conej zawarto\u015bci t\u0142uszczu 2,5 %, olej rzepakowy, skrobia, emulgator: lecytyny (z soi); s\u00f3l, \u015bmietanka w proszku (z mleka) 0,17 %, substancja spulchniaj\u0105ca: E 500; aromaty, orzechy laskowe pra\u017cone, mielone. Mo\u017ce zawiera\u0107 orzeszki arachidowe i inne orzechy.<\/p>\n","protected":false},"featured_media":11766,"template":"","meta":[],"product_brand":[],"product_cat":[104,103],"product_tag":[],"class_list":{"0":"post-12007","1":"product","2":"type-product","3":"status-publish","4":"has-post-thumbnail","6":"product_cat-ciastka-i-pierniki","7":"product_cat-slodycze-i-przekaski","9":"first","10":"instock","11":"taxable","12":"shipping-taxable","13":"purchasable","14":"product-type-simple"},"_links":{"self":[{"href":"http:\/\/www.polskismak.nl\/index.php\/wp-json\/wp\/v2\/product\/12007","targetHints":{"allow":["GET"]}}],"collection":[{"href":"http:\/\/www.polskismak.nl\/index.php\/wp-json\/wp\/v2\/product"}],"about":[{"href":"http:\/\/www.polskismak.nl\/index.php\/wp-json\/wp\/v2\/types\/product"}],"wp:featuredmedia":[{"embeddable":true,"href":"http:\/\/www.polskismak.nl\/index.php\/wp-json\/wp\/v2\/media\/11766"}],"wp:attachment":[{"href":"http:\/\/www.polskismak.nl\/index.php\/wp-json\/wp\/v2\/media?parent=12007"}],"wp:term":[{"taxonomy":"product_brand","embeddable":true,"href":"http:\/\/www.polskismak.nl\/index.php\/wp-json\/wp\/v2\/product_brand?post=12007"},{"taxonomy":"product_cat","embeddable":true,"href":"http:\/\/www.polskismak.nl\/index.php\/wp-json\/wp\/v2\/product_cat?post=12007"},{"taxonomy":"product_tag","embeddable":true,"href":"http:\/\/www.polskismak.nl\/index.php\/wp-json\/wp\/v2\/product_tag?post=12007"}],"curies":[{"name":"wp","href":"https:\/\/api.w.org\/{rel}","templated":true}]}}