{"id":12009,"date":"2024-09-11T14:30:45","date_gmt":"2024-09-11T14:30:45","guid":{"rendered":"https:\/\/www.polskismak.nl\/?post_type=product&#038;p=12009"},"modified":"2025-01-22T12:59:27","modified_gmt":"2025-01-22T12:59:27","slug":"rurki-kakaowe","status":"publish","type":"product","link":"http:\/\/www.polskismak.nl\/index.php\/product\/rurki-kakaowe\/","title":{"rendered":"Rurki kakaowe"},"content":{"rendered":"<p>Sk\u0142adniki:<\/p>\n<p>cukier, t\u0142uszcz palmowy, m\u0105ka pszenna, mleko w proszku odt\u0142uszczone, kakao o obni\u017conej zawarto\u015bci t\u0142uszczu (5,6%), serwatka (z mleka) w proszku, glukoza, m\u0105ka pszenna cz\u0119\u015bciowo skleikowana, barwnik: karmel amoniakalny (E150c), aromat, emulgator: lecytyny (z soi), s\u00f3l. Produkt mo\u017ce zawiera\u0107: orzeszki ararchidowe, orzechy laskowe, inne orzechy, jaja oraz nasiona sezamu.<\/p>\n","protected":false},"excerpt":{"rendered":"<p>Sk\u0142adniki: cukier, t\u0142uszcz palmowy, m\u0105ka pszenna, mleko w proszku odt\u0142uszczone, kakao o obni\u017conej zawarto\u015bci t\u0142uszczu (5,6%), serwatka (z mleka) w proszku, glukoza, m\u0105ka pszenna cz\u0119\u015bciowo skleikowana, barwnik: karmel amoniakalny (E150c), aromat, emulgator: lecytyny (z soi), s\u00f3l. Produkt mo\u017ce zawiera\u0107: orzeszki ararchidowe, orzechy laskowe, inne orzechy, jaja oraz nasiona sezamu.<\/p>\n","protected":false},"featured_media":11767,"template":"","meta":[],"product_brand":[],"product_cat":[104,103],"product_tag":[],"class_list":{"0":"post-12009","1":"product","2":"type-product","3":"status-publish","4":"has-post-thumbnail","6":"product_cat-ciastka-i-pierniki","7":"product_cat-slodycze-i-przekaski","9":"first","10":"instock","11":"taxable","12":"shipping-taxable","13":"purchasable","14":"product-type-simple"},"_links":{"self":[{"href":"http:\/\/www.polskismak.nl\/index.php\/wp-json\/wp\/v2\/product\/12009","targetHints":{"allow":["GET"]}}],"collection":[{"href":"http:\/\/www.polskismak.nl\/index.php\/wp-json\/wp\/v2\/product"}],"about":[{"href":"http:\/\/www.polskismak.nl\/index.php\/wp-json\/wp\/v2\/types\/product"}],"wp:featuredmedia":[{"embeddable":true,"href":"http:\/\/www.polskismak.nl\/index.php\/wp-json\/wp\/v2\/media\/11767"}],"wp:attachment":[{"href":"http:\/\/www.polskismak.nl\/index.php\/wp-json\/wp\/v2\/media?parent=12009"}],"wp:term":[{"taxonomy":"product_brand","embeddable":true,"href":"http:\/\/www.polskismak.nl\/index.php\/wp-json\/wp\/v2\/product_brand?post=12009"},{"taxonomy":"product_cat","embeddable":true,"href":"http:\/\/www.polskismak.nl\/index.php\/wp-json\/wp\/v2\/product_cat?post=12009"},{"taxonomy":"product_tag","embeddable":true,"href":"http:\/\/www.polskismak.nl\/index.php\/wp-json\/wp\/v2\/product_tag?post=12009"}],"curies":[{"name":"wp","href":"https:\/\/api.w.org\/{rel}","templated":true}]}}