{"id":12036,"date":"2024-09-18T11:28:49","date_gmt":"2024-09-18T11:28:49","guid":{"rendered":"https:\/\/www.polskismak.nl\/?post_type=product&#038;p=12036"},"modified":"2025-01-22T12:40:29","modified_gmt":"2025-01-22T12:40:29","slug":"big-active-oczyszczanie","status":"publish","type":"product","link":"http:\/\/www.polskismak.nl\/index.php\/product\/big-active-oczyszczanie\/","title":{"rendered":"Big Active oczyszczanie"},"content":{"rendered":"<p>Sk\u0142ad: li\u015b\u0107 pokrzywy, ziele fio\u0142ka tr\u00f3jbarwnego, ziele skrzypu, chlorella, sk\u00f3rka cytryny, owoc papai, aromaty.<\/p>\n<p>Napar z 3 torebek po 2 g (zalecana dzienna porcja) zawiera:<\/p>\n<p>Li\u015b\u0107 pokrzywy \u2013 2,4 g, Ziele fio\u0142ka tr\u00f3jbarwnego \u2013 1,8 g, Ziele skrzypu \u2013 1,26 g, Chlorella \u2013 270 mg.<\/p>\n","protected":false},"excerpt":{"rendered":"<p>Sk\u0142ad: li\u015b\u0107 pokrzywy, ziele fio\u0142ka tr\u00f3jbarwnego, ziele skrzypu, chlorella, sk\u00f3rka cytryny, owoc papai, aromaty. Napar z 3 torebek po 2 g (zalecana dzienna porcja) zawiera: Li\u015b\u0107 pokrzywy \u2013 2,4 g, Ziele fio\u0142ka tr\u00f3jbarwnego \u2013 1,8 g, Ziele skrzypu \u2013 1,26 g, Chlorella \u2013 270 mg.<\/p>\n","protected":false},"featured_media":11822,"template":"","meta":[],"product_brand":[],"product_cat":[152,150],"product_tag":[],"class_list":{"0":"post-12036","1":"product","2":"type-product","3":"status-publish","4":"has-post-thumbnail","6":"product_cat-herbata","7":"product_cat-kawa-i-herbata","9":"first","10":"instock","11":"taxable","12":"shipping-taxable","13":"purchasable","14":"product-type-simple"},"_links":{"self":[{"href":"http:\/\/www.polskismak.nl\/index.php\/wp-json\/wp\/v2\/product\/12036","targetHints":{"allow":["GET"]}}],"collection":[{"href":"http:\/\/www.polskismak.nl\/index.php\/wp-json\/wp\/v2\/product"}],"about":[{"href":"http:\/\/www.polskismak.nl\/index.php\/wp-json\/wp\/v2\/types\/product"}],"wp:featuredmedia":[{"embeddable":true,"href":"http:\/\/www.polskismak.nl\/index.php\/wp-json\/wp\/v2\/media\/11822"}],"wp:attachment":[{"href":"http:\/\/www.polskismak.nl\/index.php\/wp-json\/wp\/v2\/media?parent=12036"}],"wp:term":[{"taxonomy":"product_brand","embeddable":true,"href":"http:\/\/www.polskismak.nl\/index.php\/wp-json\/wp\/v2\/product_brand?post=12036"},{"taxonomy":"product_cat","embeddable":true,"href":"http:\/\/www.polskismak.nl\/index.php\/wp-json\/wp\/v2\/product_cat?post=12036"},{"taxonomy":"product_tag","embeddable":true,"href":"http:\/\/www.polskismak.nl\/index.php\/wp-json\/wp\/v2\/product_tag?post=12036"}],"curies":[{"name":"wp","href":"https:\/\/api.w.org\/{rel}","templated":true}]}}