{"id":12062,"date":"2024-09-18T12:22:30","date_gmt":"2024-09-18T12:22:30","guid":{"rendered":"https:\/\/www.polskismak.nl\/?post_type=product&#038;p=12062"},"modified":"2025-10-01T13:43:16","modified_gmt":"2025-10-01T13:43:16","slug":"herbapol-herbata-pokrzywa-z-wisnia","status":"publish","type":"product","link":"http:\/\/www.polskismak.nl\/index.php\/product\/herbapol-herbata-pokrzywa-z-wisnia\/","title":{"rendered":"Herbapol herbata Pokrzywa z wi\u015bni\u0105"},"content":{"rendered":"<p>Sk\u0142ad: li\u015b\u0107 pokrzywy (50%), owoc wi\u015bni (20%), naturalne aromaty, kwiat hibiskusa.<\/p>\n","protected":false},"excerpt":{"rendered":"<p>Sk\u0142ad: li\u015b\u0107 pokrzywy (50%), owoc wi\u015bni (20%), naturalne aromaty, kwiat hibiskusa.<\/p>\n","protected":false},"featured_media":11838,"template":"","meta":[],"product_brand":[],"product_cat":[152,150],"product_tag":[],"class_list":{"0":"post-12062","1":"product","2":"type-product","3":"status-publish","4":"has-post-thumbnail","6":"product_cat-herbata","7":"product_cat-kawa-i-herbata","9":"first","10":"instock","11":"taxable","12":"shipping-taxable","13":"purchasable","14":"product-type-simple"},"_links":{"self":[{"href":"http:\/\/www.polskismak.nl\/index.php\/wp-json\/wp\/v2\/product\/12062","targetHints":{"allow":["GET"]}}],"collection":[{"href":"http:\/\/www.polskismak.nl\/index.php\/wp-json\/wp\/v2\/product"}],"about":[{"href":"http:\/\/www.polskismak.nl\/index.php\/wp-json\/wp\/v2\/types\/product"}],"wp:featuredmedia":[{"embeddable":true,"href":"http:\/\/www.polskismak.nl\/index.php\/wp-json\/wp\/v2\/media\/11838"}],"wp:attachment":[{"href":"http:\/\/www.polskismak.nl\/index.php\/wp-json\/wp\/v2\/media?parent=12062"}],"wp:term":[{"taxonomy":"product_brand","embeddable":true,"href":"http:\/\/www.polskismak.nl\/index.php\/wp-json\/wp\/v2\/product_brand?post=12062"},{"taxonomy":"product_cat","embeddable":true,"href":"http:\/\/www.polskismak.nl\/index.php\/wp-json\/wp\/v2\/product_cat?post=12062"},{"taxonomy":"product_tag","embeddable":true,"href":"http:\/\/www.polskismak.nl\/index.php\/wp-json\/wp\/v2\/product_tag?post=12062"}],"curies":[{"name":"wp","href":"https:\/\/api.w.org\/{rel}","templated":true}]}}