{"id":12068,"date":"2024-09-18T12:30:30","date_gmt":"2024-09-18T12:30:30","guid":{"rendered":"https:\/\/www.polskismak.nl\/?post_type=product&#038;p=12068"},"modified":"2025-10-01T13:42:46","modified_gmt":"2025-10-01T13:42:46","slug":"herbapol-herbata-aronia","status":"publish","type":"product","link":"http:\/\/www.polskismak.nl\/index.php\/product\/herbapol-herbata-aronia\/","title":{"rendered":"Herbapol herbata Aronia"},"content":{"rendered":"<p>Sk\u0142adniki<br \/>\nOwoc aronii (55%)<br \/>\nKwiat hibiskusa<br \/>\nOwoc g\u0142ogu<br \/>\nOwoc dzikiej r\u00f3\u017cy<br \/>\nLi\u015b\u0107 je\u017cyny<br \/>\nAromat naturalny<br \/>\nZawarto\u015b\u0107 opakowania<br \/>\nZawarto\u015b\u0107 opakowania: 70 g (20 saszetek x 3,5 g)<\/p>\n","protected":false},"excerpt":{"rendered":"<p>Sk\u0142adniki Owoc aronii (55%) Kwiat hibiskusa Owoc g\u0142ogu Owoc dzikiej r\u00f3\u017cy Li\u015b\u0107 je\u017cyny Aromat naturalny Zawarto\u015b\u0107 opakowania Zawarto\u015b\u0107 opakowania: 70 g (20 saszetek x 3,5 g)<\/p>\n","protected":false},"featured_media":11841,"template":"","meta":[],"product_brand":[],"product_cat":[152,150],"product_tag":[],"class_list":{"0":"post-12068","1":"product","2":"type-product","3":"status-publish","4":"has-post-thumbnail","6":"product_cat-herbata","7":"product_cat-kawa-i-herbata","9":"first","10":"instock","11":"taxable","12":"shipping-taxable","13":"purchasable","14":"product-type-simple"},"_links":{"self":[{"href":"http:\/\/www.polskismak.nl\/index.php\/wp-json\/wp\/v2\/product\/12068","targetHints":{"allow":["GET"]}}],"collection":[{"href":"http:\/\/www.polskismak.nl\/index.php\/wp-json\/wp\/v2\/product"}],"about":[{"href":"http:\/\/www.polskismak.nl\/index.php\/wp-json\/wp\/v2\/types\/product"}],"wp:featuredmedia":[{"embeddable":true,"href":"http:\/\/www.polskismak.nl\/index.php\/wp-json\/wp\/v2\/media\/11841"}],"wp:attachment":[{"href":"http:\/\/www.polskismak.nl\/index.php\/wp-json\/wp\/v2\/media?parent=12068"}],"wp:term":[{"taxonomy":"product_brand","embeddable":true,"href":"http:\/\/www.polskismak.nl\/index.php\/wp-json\/wp\/v2\/product_brand?post=12068"},{"taxonomy":"product_cat","embeddable":true,"href":"http:\/\/www.polskismak.nl\/index.php\/wp-json\/wp\/v2\/product_cat?post=12068"},{"taxonomy":"product_tag","embeddable":true,"href":"http:\/\/www.polskismak.nl\/index.php\/wp-json\/wp\/v2\/product_tag?post=12068"}],"curies":[{"name":"wp","href":"https:\/\/api.w.org\/{rel}","templated":true}]}}