{"id":12080,"date":"2024-09-18T13:55:10","date_gmt":"2024-09-18T13:55:10","guid":{"rendered":"https:\/\/www.polskismak.nl\/?post_type=product&#038;p=12080"},"modified":"2025-10-01T13:41:32","modified_gmt":"2025-10-01T13:41:32","slug":"herbapol-herbata-malina-z-pigwa","status":"publish","type":"product","link":"http:\/\/www.polskismak.nl\/index.php\/product\/herbapol-herbata-malina-z-pigwa\/","title":{"rendered":"Herbapol herbata Malina z pigw\u0105"},"content":{"rendered":"<p>Sk\u0142adniki<br \/>\nowoc maliny (50%)<\/p>\n<p>kwiat hibiskusa<\/p>\n<p>owoc pigwy (8%)<\/p>\n<p>naturalne aromaty<\/p>\n<p>li\u015b\u0107 je\u017cyny<\/p>\n","protected":false},"excerpt":{"rendered":"<p>Sk\u0142adniki owoc maliny (50%) kwiat hibiskusa owoc pigwy (8%) naturalne aromaty li\u015b\u0107 je\u017cyny<\/p>\n","protected":false},"featured_media":11847,"template":"","meta":[],"product_brand":[],"product_cat":[152,150],"product_tag":[],"class_list":{"0":"post-12080","1":"product","2":"type-product","3":"status-publish","4":"has-post-thumbnail","6":"product_cat-herbata","7":"product_cat-kawa-i-herbata","9":"first","10":"instock","11":"taxable","12":"shipping-taxable","13":"purchasable","14":"product-type-simple"},"_links":{"self":[{"href":"http:\/\/www.polskismak.nl\/index.php\/wp-json\/wp\/v2\/product\/12080","targetHints":{"allow":["GET"]}}],"collection":[{"href":"http:\/\/www.polskismak.nl\/index.php\/wp-json\/wp\/v2\/product"}],"about":[{"href":"http:\/\/www.polskismak.nl\/index.php\/wp-json\/wp\/v2\/types\/product"}],"wp:featuredmedia":[{"embeddable":true,"href":"http:\/\/www.polskismak.nl\/index.php\/wp-json\/wp\/v2\/media\/11847"}],"wp:attachment":[{"href":"http:\/\/www.polskismak.nl\/index.php\/wp-json\/wp\/v2\/media?parent=12080"}],"wp:term":[{"taxonomy":"product_brand","embeddable":true,"href":"http:\/\/www.polskismak.nl\/index.php\/wp-json\/wp\/v2\/product_brand?post=12080"},{"taxonomy":"product_cat","embeddable":true,"href":"http:\/\/www.polskismak.nl\/index.php\/wp-json\/wp\/v2\/product_cat?post=12080"},{"taxonomy":"product_tag","embeddable":true,"href":"http:\/\/www.polskismak.nl\/index.php\/wp-json\/wp\/v2\/product_tag?post=12080"}],"curies":[{"name":"wp","href":"https:\/\/api.w.org\/{rel}","templated":true}]}}