{"id":12113,"date":"2024-09-25T10:52:12","date_gmt":"2024-09-25T10:52:12","guid":{"rendered":"https:\/\/www.polskismak.nl\/?post_type=product&#038;p=12113"},"modified":"2025-10-01T13:37:47","modified_gmt":"2025-10-01T13:37:47","slug":"mokate-cappuccino-o-smaku-waniliowym","status":"publish","type":"product","link":"http:\/\/www.polskismak.nl\/index.php\/product\/mokate-cappuccino-o-smaku-waniliowym\/","title":{"rendered":"Mokate Cappuccino o smaku waniliowym"},"content":{"rendered":"<p>Sk\u0142adniki<br \/>\nmleczna baza [olej kokosowy, mleko w proszku odt\u0142uszczone (12 %), serwatka (z mleka) w proszku, stabilizator: fosforany potasu]<\/p>\n<p>cukier<\/p>\n<p>maltodekstryna<\/p>\n<p>kawa rozpuszczalna (3,5 %)<\/p>\n<p>kawa zbo\u017cowa rozpuszczalna (ekstrakt pra\u017conego j\u0119czmienia i \u017cyta)<\/p>\n<p>aromaty<\/p>\n<p>naturalny aromat waniliowy (0,1 %)<\/p>\n<p>Tekst dotycz\u0105cy alergen\u00f3w<br \/>\nProdukt mo\u017ce zawiera\u0107 soj\u0119.<\/p>\n","protected":false},"excerpt":{"rendered":"<p>Sk\u0142adniki mleczna baza [olej kokosowy, mleko w proszku odt\u0142uszczone (12 %), serwatka (z mleka) w proszku, stabilizator: fosforany potasu] cukier maltodekstryna kawa rozpuszczalna (3,5 %) kawa zbo\u017cowa rozpuszczalna (ekstrakt pra\u017conego j\u0119czmienia i \u017cyta) aromaty naturalny aromat waniliowy (0,1 %) Tekst dotycz\u0105cy alergen\u00f3w Produkt mo\u017ce zawiera\u0107 soj\u0119.<\/p>\n","protected":false},"featured_media":11863,"template":"","meta":[],"product_brand":[],"product_cat":[151,150],"product_tag":[],"class_list":{"0":"post-12113","1":"product","2":"type-product","3":"status-publish","4":"has-post-thumbnail","6":"product_cat-kawa","7":"product_cat-kawa-i-herbata","9":"first","10":"instock","11":"taxable","12":"shipping-taxable","13":"purchasable","14":"product-type-simple"},"_links":{"self":[{"href":"http:\/\/www.polskismak.nl\/index.php\/wp-json\/wp\/v2\/product\/12113","targetHints":{"allow":["GET"]}}],"collection":[{"href":"http:\/\/www.polskismak.nl\/index.php\/wp-json\/wp\/v2\/product"}],"about":[{"href":"http:\/\/www.polskismak.nl\/index.php\/wp-json\/wp\/v2\/types\/product"}],"wp:featuredmedia":[{"embeddable":true,"href":"http:\/\/www.polskismak.nl\/index.php\/wp-json\/wp\/v2\/media\/11863"}],"wp:attachment":[{"href":"http:\/\/www.polskismak.nl\/index.php\/wp-json\/wp\/v2\/media?parent=12113"}],"wp:term":[{"taxonomy":"product_brand","embeddable":true,"href":"http:\/\/www.polskismak.nl\/index.php\/wp-json\/wp\/v2\/product_brand?post=12113"},{"taxonomy":"product_cat","embeddable":true,"href":"http:\/\/www.polskismak.nl\/index.php\/wp-json\/wp\/v2\/product_cat?post=12113"},{"taxonomy":"product_tag","embeddable":true,"href":"http:\/\/www.polskismak.nl\/index.php\/wp-json\/wp\/v2\/product_tag?post=12113"}],"curies":[{"name":"wp","href":"https:\/\/api.w.org\/{rel}","templated":true}]}}