{"id":12139,"date":"2024-09-25T11:40:11","date_gmt":"2024-09-25T11:40:11","guid":{"rendered":"https:\/\/www.polskismak.nl\/?post_type=product&#038;p=12139"},"modified":"2025-10-01T13:33:52","modified_gmt":"2025-10-01T13:33:52","slug":"dzem-agrestowy","status":"publish","type":"product","link":"http:\/\/www.polskismak.nl\/index.php\/product\/dzem-agrestowy\/","title":{"rendered":"D\u017cem agrestowy"},"content":{"rendered":"<h3>Sk\u0142adniki<\/h3>\n<p>agrest<\/p>\n<p>cukier<\/p>\n<p>woda<\/p>\n<p>substancja \u017celuj\u0105ca: pektyny<\/p>\n<p>regulator kwasowo\u015bci: kwas cytrynowy<\/p>\n<p>Sporz\u0105dzono z 40 g owoc\u00f3w na 100 g produktu<\/p>\n<p>\u0141\u0105czna zawarto\u015b\u0107 cukru 36 g na 100 g produktu<\/p>\n","protected":false},"excerpt":{"rendered":"<p>Sk\u0142adniki agrest cukier woda substancja \u017celuj\u0105ca: pektyny regulator kwasowo\u015bci: kwas cytrynowy Sporz\u0105dzono z 40 g owoc\u00f3w na 100 g produktu \u0141\u0105czna zawarto\u015b\u0107 cukru 36 g na 100 g produktu<\/p>\n","protected":false},"featured_media":11876,"template":"","meta":[],"product_brand":[],"product_cat":[128,126],"product_tag":[],"class_list":{"0":"post-12139","1":"product","2":"type-product","3":"status-publish","4":"has-post-thumbnail","6":"product_cat-dzemy-i-marmolady","7":"product_cat-slodkie-przetwory","9":"first","10":"instock","11":"taxable","12":"shipping-taxable","13":"purchasable","14":"product-type-simple"},"_links":{"self":[{"href":"http:\/\/www.polskismak.nl\/index.php\/wp-json\/wp\/v2\/product\/12139","targetHints":{"allow":["GET"]}}],"collection":[{"href":"http:\/\/www.polskismak.nl\/index.php\/wp-json\/wp\/v2\/product"}],"about":[{"href":"http:\/\/www.polskismak.nl\/index.php\/wp-json\/wp\/v2\/types\/product"}],"wp:featuredmedia":[{"embeddable":true,"href":"http:\/\/www.polskismak.nl\/index.php\/wp-json\/wp\/v2\/media\/11876"}],"wp:attachment":[{"href":"http:\/\/www.polskismak.nl\/index.php\/wp-json\/wp\/v2\/media?parent=12139"}],"wp:term":[{"taxonomy":"product_brand","embeddable":true,"href":"http:\/\/www.polskismak.nl\/index.php\/wp-json\/wp\/v2\/product_brand?post=12139"},{"taxonomy":"product_cat","embeddable":true,"href":"http:\/\/www.polskismak.nl\/index.php\/wp-json\/wp\/v2\/product_cat?post=12139"},{"taxonomy":"product_tag","embeddable":true,"href":"http:\/\/www.polskismak.nl\/index.php\/wp-json\/wp\/v2\/product_tag?post=12139"}],"curies":[{"name":"wp","href":"https:\/\/api.w.org\/{rel}","templated":true}]}}