{"id":12143,"date":"2024-09-25T11:48:46","date_gmt":"2024-09-25T11:48:46","guid":{"rendered":"https:\/\/www.polskismak.nl\/?post_type=product&#038;p=12143"},"modified":"2025-10-01T13:33:34","modified_gmt":"2025-10-01T13:33:34","slug":"fitoapteka-cholesterol","status":"publish","type":"product","link":"http:\/\/www.polskismak.nl\/index.php\/product\/fitoapteka-cholesterol\/","title":{"rendered":"FitoApteka Cholesterol"},"content":{"rendered":"<p><b>Sk\u0142adniki<\/b>. W przeliczeniu na porcj\u0119 zalecan\u0105 do spo\u017cycia w ci\u0105gu dnia: ziele karczocha (Cynara scolymus) &#8211; 2,7 g, nasiona wiesio\u0142ka dwuletniego (Oenothera biennis) &#8211; 0,9 g, kwiat hibiskusa, herbata zielona, jab\u0142ko, li\u015b\u0107 mi\u0119ty pieprzowej &#8211; 0,3 g, korze\u0144 cykorii, owocnia fasoli, aromaty, trawa cytrynowa.<\/p>\n","protected":false},"excerpt":{"rendered":"<p>Sk\u0142adniki. W przeliczeniu na porcj\u0119 zalecan\u0105 do spo\u017cycia w ci\u0105gu dnia: ziele karczocha (Cynara scolymus) &#8211; 2,7 g, nasiona wiesio\u0142ka dwuletniego (Oenothera biennis) &#8211; 0,9 g, kwiat hibiskusa, herbata zielona, jab\u0142ko, li\u015b\u0107 mi\u0119ty pieprzowej &#8211; 0,3 g, korze\u0144 cykorii, owocnia fasoli, aromaty, trawa cytrynowa.<\/p>\n","protected":false},"featured_media":11878,"template":"","meta":[],"product_brand":[],"product_cat":[152,150],"product_tag":[],"class_list":{"0":"post-12143","1":"product","2":"type-product","3":"status-publish","4":"has-post-thumbnail","6":"product_cat-herbata","7":"product_cat-kawa-i-herbata","9":"first","10":"instock","11":"taxable","12":"shipping-taxable","13":"purchasable","14":"product-type-simple"},"_links":{"self":[{"href":"http:\/\/www.polskismak.nl\/index.php\/wp-json\/wp\/v2\/product\/12143","targetHints":{"allow":["GET"]}}],"collection":[{"href":"http:\/\/www.polskismak.nl\/index.php\/wp-json\/wp\/v2\/product"}],"about":[{"href":"http:\/\/www.polskismak.nl\/index.php\/wp-json\/wp\/v2\/types\/product"}],"wp:featuredmedia":[{"embeddable":true,"href":"http:\/\/www.polskismak.nl\/index.php\/wp-json\/wp\/v2\/media\/11878"}],"wp:attachment":[{"href":"http:\/\/www.polskismak.nl\/index.php\/wp-json\/wp\/v2\/media?parent=12143"}],"wp:term":[{"taxonomy":"product_brand","embeddable":true,"href":"http:\/\/www.polskismak.nl\/index.php\/wp-json\/wp\/v2\/product_brand?post=12143"},{"taxonomy":"product_cat","embeddable":true,"href":"http:\/\/www.polskismak.nl\/index.php\/wp-json\/wp\/v2\/product_cat?post=12143"},{"taxonomy":"product_tag","embeddable":true,"href":"http:\/\/www.polskismak.nl\/index.php\/wp-json\/wp\/v2\/product_tag?post=12143"}],"curies":[{"name":"wp","href":"https:\/\/api.w.org\/{rel}","templated":true}]}}