{"id":12169,"date":"2024-09-25T12:27:44","date_gmt":"2024-09-25T12:27:44","guid":{"rendered":"https:\/\/www.polskismak.nl\/?post_type=product&#038;p=12169"},"modified":"2025-10-01T13:29:42","modified_gmt":"2025-10-01T13:29:42","slug":"slimming-coffee","status":"publish","type":"product","link":"http:\/\/www.polskismak.nl\/index.php\/product\/slimming-coffee\/","title":{"rendered":"Slimming coffee"},"content":{"rendered":"<div class=\"co8aDb\" role=\"heading\" aria-level=\"3\"><b>Sk\u0142adniki:<\/b><\/div>\n<div class=\"RqBzHd\">\n<ul class=\"i8Z77e\">\n<li class=\"TrT0Xe\">zabielacz (laktoza &#8211; z mleka, utwardzony t\u0142uszcz kokosowy, syrop glukozowy, bia\u0142ka mleka, stabilizator: E340, emulgator: E471, substancja przeciwzbrylajaca: E551, barwnik: E160a)<\/li>\n<li class=\"TrT0Xe\">rozpuszczalna kawa zbo\u017cowa z j\u0119czmienia i \u017cyta (16,5%)<\/li>\n<li class=\"TrT0Xe\">fruktoza.<\/li>\n<li class=\"TrT0Xe\">kawa rozpuszczalna 12%<\/li>\n<li class=\"TrT0Xe\">inulina 3,6% (864 mg\/ 2 saszetki)<\/li>\n<\/ul>\n<\/div>\n","protected":false},"excerpt":{"rendered":"<p>Sk\u0142adniki: zabielacz (laktoza &#8211; z mleka, utwardzony t\u0142uszcz kokosowy, syrop glukozowy, bia\u0142ka mleka, stabilizator: E340, emulgator: E471, substancja przeciwzbrylajaca: E551, barwnik: E160a) rozpuszczalna kawa zbo\u017cowa z j\u0119czmienia i \u017cyta (16,5%) fruktoza. kawa rozpuszczalna 12% inulina 3,6% (864 mg\/ 2 saszetki)<\/p>\n","protected":false},"featured_media":11895,"template":"","meta":[],"product_brand":[],"product_cat":[151,150],"product_tag":[],"class_list":{"0":"post-12169","1":"product","2":"type-product","3":"status-publish","4":"has-post-thumbnail","6":"product_cat-kawa","7":"product_cat-kawa-i-herbata","9":"first","10":"outofstock","11":"taxable","12":"shipping-taxable","13":"purchasable","14":"product-type-simple"},"_links":{"self":[{"href":"http:\/\/www.polskismak.nl\/index.php\/wp-json\/wp\/v2\/product\/12169","targetHints":{"allow":["GET"]}}],"collection":[{"href":"http:\/\/www.polskismak.nl\/index.php\/wp-json\/wp\/v2\/product"}],"about":[{"href":"http:\/\/www.polskismak.nl\/index.php\/wp-json\/wp\/v2\/types\/product"}],"wp:featuredmedia":[{"embeddable":true,"href":"http:\/\/www.polskismak.nl\/index.php\/wp-json\/wp\/v2\/media\/11895"}],"wp:attachment":[{"href":"http:\/\/www.polskismak.nl\/index.php\/wp-json\/wp\/v2\/media?parent=12169"}],"wp:term":[{"taxonomy":"product_brand","embeddable":true,"href":"http:\/\/www.polskismak.nl\/index.php\/wp-json\/wp\/v2\/product_brand?post=12169"},{"taxonomy":"product_cat","embeddable":true,"href":"http:\/\/www.polskismak.nl\/index.php\/wp-json\/wp\/v2\/product_cat?post=12169"},{"taxonomy":"product_tag","embeddable":true,"href":"http:\/\/www.polskismak.nl\/index.php\/wp-json\/wp\/v2\/product_tag?post=12169"}],"curies":[{"name":"wp","href":"https:\/\/api.w.org\/{rel}","templated":true}]}}