{"id":12185,"date":"2024-09-25T13:59:12","date_gmt":"2024-09-25T13:59:12","guid":{"rendered":"https:\/\/www.polskismak.nl\/?post_type=product&#038;p=12185"},"modified":"2025-10-01T13:28:14","modified_gmt":"2025-10-01T13:28:14","slug":"dzem-z-czerwonych-porzeczek","status":"publish","type":"product","link":"http:\/\/www.polskismak.nl\/index.php\/product\/dzem-z-czerwonych-porzeczek\/","title":{"rendered":"D\u017cem z czerwonych porzeczek"},"content":{"rendered":"<p>Sk\u0142ad:<\/p>\n<p><strong>czerwone porzeczki, cukier, woda, substancja \u017celuj\u0105ca: pektyny.\u00a0<\/strong><\/p>\n<p>Sporz\u0105dzono z 40 g owoc\u00f3w na 100 g produktu.<\/p>\n","protected":false},"excerpt":{"rendered":"<p>Sk\u0142ad: czerwone porzeczki, cukier, woda, substancja \u017celuj\u0105ca: pektyny.\u00a0 Sporz\u0105dzono z 40 g owoc\u00f3w na 100 g produktu.<\/p>\n","protected":false},"featured_media":11941,"template":"","meta":[],"product_brand":[],"product_cat":[128,126],"product_tag":[],"class_list":{"0":"post-12185","1":"product","2":"type-product","3":"status-publish","4":"has-post-thumbnail","6":"product_cat-dzemy-i-marmolady","7":"product_cat-slodkie-przetwory","9":"first","10":"instock","11":"taxable","12":"shipping-taxable","13":"purchasable","14":"product-type-simple"},"_links":{"self":[{"href":"http:\/\/www.polskismak.nl\/index.php\/wp-json\/wp\/v2\/product\/12185","targetHints":{"allow":["GET"]}}],"collection":[{"href":"http:\/\/www.polskismak.nl\/index.php\/wp-json\/wp\/v2\/product"}],"about":[{"href":"http:\/\/www.polskismak.nl\/index.php\/wp-json\/wp\/v2\/types\/product"}],"wp:featuredmedia":[{"embeddable":true,"href":"http:\/\/www.polskismak.nl\/index.php\/wp-json\/wp\/v2\/media\/11941"}],"wp:attachment":[{"href":"http:\/\/www.polskismak.nl\/index.php\/wp-json\/wp\/v2\/media?parent=12185"}],"wp:term":[{"taxonomy":"product_brand","embeddable":true,"href":"http:\/\/www.polskismak.nl\/index.php\/wp-json\/wp\/v2\/product_brand?post=12185"},{"taxonomy":"product_cat","embeddable":true,"href":"http:\/\/www.polskismak.nl\/index.php\/wp-json\/wp\/v2\/product_cat?post=12185"},{"taxonomy":"product_tag","embeddable":true,"href":"http:\/\/www.polskismak.nl\/index.php\/wp-json\/wp\/v2\/product_tag?post=12185"}],"curies":[{"name":"wp","href":"https:\/\/api.w.org\/{rel}","templated":true}]}}