{"id":12187,"date":"2024-09-25T14:03:38","date_gmt":"2024-09-25T14:03:38","guid":{"rendered":"https:\/\/www.polskismak.nl\/?post_type=product&#038;p=12187"},"modified":"2025-10-01T13:27:58","modified_gmt":"2025-10-01T13:27:58","slug":"herbata-relax","status":"publish","type":"product","link":"http:\/\/www.polskismak.nl\/index.php\/product\/herbata-relax\/","title":{"rendered":"Herbata Relax"},"content":{"rendered":"<p><b>Sk\u0142ad: herbata zielona (70,5%), li\u015b\u0107 melisy (20%), aromaty, sk\u00f3rka mandarynki (1,5%), ekstrakt z nasion konopi siewnych (0,5%)<\/b><\/p>\n","protected":false},"excerpt":{"rendered":"<p>Sk\u0142ad: herbata zielona (70,5%), li\u015b\u0107 melisy (20%), aromaty, sk\u00f3rka mandarynki (1,5%), ekstrakt z nasion konopi siewnych (0,5%)<\/p>\n","protected":false},"featured_media":11944,"template":"","meta":[],"product_brand":[],"product_cat":[152,150],"product_tag":[],"class_list":{"0":"post-12187","1":"product","2":"type-product","3":"status-publish","4":"has-post-thumbnail","6":"product_cat-herbata","7":"product_cat-kawa-i-herbata","9":"first","10":"instock","11":"taxable","12":"shipping-taxable","13":"purchasable","14":"product-type-simple"},"_links":{"self":[{"href":"http:\/\/www.polskismak.nl\/index.php\/wp-json\/wp\/v2\/product\/12187","targetHints":{"allow":["GET"]}}],"collection":[{"href":"http:\/\/www.polskismak.nl\/index.php\/wp-json\/wp\/v2\/product"}],"about":[{"href":"http:\/\/www.polskismak.nl\/index.php\/wp-json\/wp\/v2\/types\/product"}],"wp:featuredmedia":[{"embeddable":true,"href":"http:\/\/www.polskismak.nl\/index.php\/wp-json\/wp\/v2\/media\/11944"}],"wp:attachment":[{"href":"http:\/\/www.polskismak.nl\/index.php\/wp-json\/wp\/v2\/media?parent=12187"}],"wp:term":[{"taxonomy":"product_brand","embeddable":true,"href":"http:\/\/www.polskismak.nl\/index.php\/wp-json\/wp\/v2\/product_brand?post=12187"},{"taxonomy":"product_cat","embeddable":true,"href":"http:\/\/www.polskismak.nl\/index.php\/wp-json\/wp\/v2\/product_cat?post=12187"},{"taxonomy":"product_tag","embeddable":true,"href":"http:\/\/www.polskismak.nl\/index.php\/wp-json\/wp\/v2\/product_tag?post=12187"}],"curies":[{"name":"wp","href":"https:\/\/api.w.org\/{rel}","templated":true}]}}