{"id":12189,"date":"2024-09-25T14:10:13","date_gmt":"2024-09-25T14:10:13","guid":{"rendered":"https:\/\/www.polskismak.nl\/?post_type=product&#038;p=12189"},"modified":"2025-10-01T13:27:50","modified_gmt":"2025-10-01T13:27:50","slug":"herbata-koncentracja","status":"publish","type":"product","link":"http:\/\/www.polskismak.nl\/index.php\/product\/herbata-koncentracja\/","title":{"rendered":"Herbata koncentracja"},"content":{"rendered":"<p>Sk\u0142ad: h<b>erbata zielona (60%), orzeszki kola (15%), jab\u0142ko, aromaty, li\u015b\u0107 mi\u0142orz\u0119bu japo\u0144skiego (6%), ekstrakt z nasion konopi siewnych (0,3%), owoc marakui (0,3%)<\/b><\/p>\n","protected":false},"excerpt":{"rendered":"<p>Sk\u0142ad: herbata zielona (60%), orzeszki kola (15%), jab\u0142ko, aromaty, li\u015b\u0107 mi\u0142orz\u0119bu japo\u0144skiego (6%), ekstrakt z nasion konopi siewnych (0,3%), owoc marakui (0,3%)<\/p>\n","protected":false},"featured_media":11945,"template":"","meta":[],"product_brand":[],"product_cat":[152,150],"product_tag":[],"class_list":{"0":"post-12189","1":"product","2":"type-product","3":"status-publish","4":"has-post-thumbnail","6":"product_cat-herbata","7":"product_cat-kawa-i-herbata","9":"first","10":"instock","11":"taxable","12":"shipping-taxable","13":"purchasable","14":"product-type-simple"},"_links":{"self":[{"href":"http:\/\/www.polskismak.nl\/index.php\/wp-json\/wp\/v2\/product\/12189","targetHints":{"allow":["GET"]}}],"collection":[{"href":"http:\/\/www.polskismak.nl\/index.php\/wp-json\/wp\/v2\/product"}],"about":[{"href":"http:\/\/www.polskismak.nl\/index.php\/wp-json\/wp\/v2\/types\/product"}],"wp:featuredmedia":[{"embeddable":true,"href":"http:\/\/www.polskismak.nl\/index.php\/wp-json\/wp\/v2\/media\/11945"}],"wp:attachment":[{"href":"http:\/\/www.polskismak.nl\/index.php\/wp-json\/wp\/v2\/media?parent=12189"}],"wp:term":[{"taxonomy":"product_brand","embeddable":true,"href":"http:\/\/www.polskismak.nl\/index.php\/wp-json\/wp\/v2\/product_brand?post=12189"},{"taxonomy":"product_cat","embeddable":true,"href":"http:\/\/www.polskismak.nl\/index.php\/wp-json\/wp\/v2\/product_cat?post=12189"},{"taxonomy":"product_tag","embeddable":true,"href":"http:\/\/www.polskismak.nl\/index.php\/wp-json\/wp\/v2\/product_tag?post=12189"}],"curies":[{"name":"wp","href":"https:\/\/api.w.org\/{rel}","templated":true}]}}