{"id":12193,"date":"2024-09-25T14:18:32","date_gmt":"2024-09-25T14:18:32","guid":{"rendered":"https:\/\/www.polskismak.nl\/?post_type=product&#038;p=12193"},"modified":"2025-10-01T13:27:31","modified_gmt":"2025-10-01T13:27:31","slug":"herbata-oczyszczanie","status":"publish","type":"product","link":"http:\/\/www.polskismak.nl\/index.php\/product\/herbata-oczyszczanie\/","title":{"rendered":"Herbata oczyszczanie"},"content":{"rendered":"<p>Sk\u0142ad:\u00a0<b>Li\u015b\u0107 pokrzywy, ziele fio\u0142ka tr\u00f3jbarwnego, ziele skrzypu, chlorella, sk\u00f3rka cytryny, owoc papai, aromaty<\/b><\/p>\n","protected":false},"excerpt":{"rendered":"<p>Sk\u0142ad:\u00a0Li\u015b\u0107 pokrzywy, ziele fio\u0142ka tr\u00f3jbarwnego, ziele skrzypu, chlorella, sk\u00f3rka cytryny, owoc papai, aromaty<\/p>\n","protected":false},"featured_media":11947,"template":"","meta":[],"product_brand":[],"product_cat":[152,150],"product_tag":[],"class_list":{"0":"post-12193","1":"product","2":"type-product","3":"status-publish","4":"has-post-thumbnail","6":"product_cat-herbata","7":"product_cat-kawa-i-herbata","9":"first","10":"instock","11":"taxable","12":"shipping-taxable","13":"purchasable","14":"product-type-simple"},"_links":{"self":[{"href":"http:\/\/www.polskismak.nl\/index.php\/wp-json\/wp\/v2\/product\/12193","targetHints":{"allow":["GET"]}}],"collection":[{"href":"http:\/\/www.polskismak.nl\/index.php\/wp-json\/wp\/v2\/product"}],"about":[{"href":"http:\/\/www.polskismak.nl\/index.php\/wp-json\/wp\/v2\/types\/product"}],"wp:featuredmedia":[{"embeddable":true,"href":"http:\/\/www.polskismak.nl\/index.php\/wp-json\/wp\/v2\/media\/11947"}],"wp:attachment":[{"href":"http:\/\/www.polskismak.nl\/index.php\/wp-json\/wp\/v2\/media?parent=12193"}],"wp:term":[{"taxonomy":"product_brand","embeddable":true,"href":"http:\/\/www.polskismak.nl\/index.php\/wp-json\/wp\/v2\/product_brand?post=12193"},{"taxonomy":"product_cat","embeddable":true,"href":"http:\/\/www.polskismak.nl\/index.php\/wp-json\/wp\/v2\/product_cat?post=12193"},{"taxonomy":"product_tag","embeddable":true,"href":"http:\/\/www.polskismak.nl\/index.php\/wp-json\/wp\/v2\/product_tag?post=12193"}],"curies":[{"name":"wp","href":"https:\/\/api.w.org\/{rel}","templated":true}]}}