{"id":3770,"date":"2019-11-13T12:07:11","date_gmt":"2019-11-13T12:07:11","guid":{"rendered":"http:\/\/www.polskismak.nl\/?post_type=product&#038;p=3770"},"modified":"2025-01-29T12:32:37","modified_gmt":"2025-01-29T12:32:37","slug":"ucztujemy-wittekoolrolletjes-gevuld-met-rijst-en-gehaktvlees","status":"publish","type":"product","link":"http:\/\/www.polskismak.nl\/index.php\/product\/ucztujemy-wittekoolrolletjes-gevuld-met-rijst-en-gehaktvlees\/","title":{"rendered":"UcztuJemy go\u0142\u0105bki wyr\u00f3b r\u0119czny  UcztuJemy go\u0142\u0105bki (wittekoolrolletjes gevuld met rijst en gehaktvlees)"},"content":{"rendered":"","protected":false},"excerpt":{"rendered":"<p>400g<\/p>\n","protected":false},"featured_media":3771,"template":"","meta":[],"product_brand":[],"product_cat":[142,143],"product_tag":[],"class_list":{"0":"post-3770","1":"product","2":"type-product","3":"status-publish","4":"has-post-thumbnail","6":"product_cat-gotowe-dania","7":"product_cat-gotowe-posilki","9":"first","10":"instock","11":"taxable","12":"shipping-taxable","13":"purchasable","14":"product-type-simple"},"_links":{"self":[{"href":"http:\/\/www.polskismak.nl\/index.php\/wp-json\/wp\/v2\/product\/3770","targetHints":{"allow":["GET"]}}],"collection":[{"href":"http:\/\/www.polskismak.nl\/index.php\/wp-json\/wp\/v2\/product"}],"about":[{"href":"http:\/\/www.polskismak.nl\/index.php\/wp-json\/wp\/v2\/types\/product"}],"wp:featuredmedia":[{"embeddable":true,"href":"http:\/\/www.polskismak.nl\/index.php\/wp-json\/wp\/v2\/media\/3771"}],"wp:attachment":[{"href":"http:\/\/www.polskismak.nl\/index.php\/wp-json\/wp\/v2\/media?parent=3770"}],"wp:term":[{"taxonomy":"product_brand","embeddable":true,"href":"http:\/\/www.polskismak.nl\/index.php\/wp-json\/wp\/v2\/product_brand?post=3770"},{"taxonomy":"product_cat","embeddable":true,"href":"http:\/\/www.polskismak.nl\/index.php\/wp-json\/wp\/v2\/product_cat?post=3770"},{"taxonomy":"product_tag","embeddable":true,"href":"http:\/\/www.polskismak.nl\/index.php\/wp-json\/wp\/v2\/product_tag?post=3770"}],"curies":[{"name":"wp","href":"https:\/\/api.w.org\/{rel}","templated":true}]}}