{"id":414,"date":"2019-02-25T11:27:59","date_gmt":"2019-02-25T11:27:59","guid":{"rendered":"http:\/\/www.polskismak.nl\/?post_type=product&#038;p=414"},"modified":"2019-02-25T11:41:20","modified_gmt":"2019-02-25T11:41:20","slug":"kamis-kruiden-voor-zalm-met-citroen","status":"publish","type":"product","link":"http:\/\/www.polskismak.nl\/index.php\/product\/kamis-kruiden-voor-zalm-met-citroen\/","title":{"rendered":"[:pl]Kamis cytrynowy \u0142oso\u015b w zio\u0142ach[:nl]Kamis kruiden voor zalm met citroen[:]"},"content":{"rendered":"","protected":false},"excerpt":{"rendered":"<p>18g<\/p>\n","protected":false},"featured_media":415,"template":"","meta":[],"product_brand":[],"product_cat":[17],"product_tag":[],"class_list":{"0":"post-414","1":"product","2":"type-product","3":"status-publish","4":"has-post-thumbnail","6":"product_cat-bez-kategorii","8":"first","9":"instock","10":"taxable","11":"shipping-taxable","12":"purchasable","13":"product-type-simple"},"_links":{"self":[{"href":"http:\/\/www.polskismak.nl\/index.php\/wp-json\/wp\/v2\/product\/414","targetHints":{"allow":["GET"]}}],"collection":[{"href":"http:\/\/www.polskismak.nl\/index.php\/wp-json\/wp\/v2\/product"}],"about":[{"href":"http:\/\/www.polskismak.nl\/index.php\/wp-json\/wp\/v2\/types\/product"}],"wp:featuredmedia":[{"embeddable":true,"href":"http:\/\/www.polskismak.nl\/index.php\/wp-json\/wp\/v2\/media\/415"}],"wp:attachment":[{"href":"http:\/\/www.polskismak.nl\/index.php\/wp-json\/wp\/v2\/media?parent=414"}],"wp:term":[{"taxonomy":"product_brand","embeddable":true,"href":"http:\/\/www.polskismak.nl\/index.php\/wp-json\/wp\/v2\/product_brand?post=414"},{"taxonomy":"product_cat","embeddable":true,"href":"http:\/\/www.polskismak.nl\/index.php\/wp-json\/wp\/v2\/product_cat?post=414"},{"taxonomy":"product_tag","embeddable":true,"href":"http:\/\/www.polskismak.nl\/index.php\/wp-json\/wp\/v2\/product_tag?post=414"}],"curies":[{"name":"wp","href":"https:\/\/api.w.org\/{rel}","templated":true}]}}