{"id":10721,"date":"2024-06-20T08:18:37","date_gmt":"2024-06-20T08:18:37","guid":{"rendered":"https:\/\/www.polskismak.nl\/?page_id=10721"},"modified":"2024-06-20T16:57:42","modified_gmt":"2024-06-20T16:57:42","slug":"dzemy-i-marmolady","status":"publish","type":"page","link":"https:\/\/www.polskismak.nl\/index.php\/slodkie-przetwory\/dzemy-i-marmolady\/","title":{"rendered":"D\u017cemy i marmolady"},"content":{"rendered":"\n<style type=\"text\/css\" data-created_by=\"avia_inline_auto\" id=\"style-css-av-lxni9dbq-1721892cdf35a1b35178f8dba4efaa44\">\n#top .av-special-heading.av-lxni9dbq-1721892cdf35a1b35178f8dba4efaa44{\npadding-bottom:10px;\n}\nbody .av-special-heading.av-lxni9dbq-1721892cdf35a1b35178f8dba4efaa44 .av-special-heading-tag .heading-char{\nfont-size:25px;\n}\n.av-special-heading.av-lxni9dbq-1721892cdf35a1b35178f8dba4efaa44 .av-subheading{\nfont-size:15px;\n}\n<\/style>\n<div  class='av-special-heading av-lxni9dbq-1721892cdf35a1b35178f8dba4efaa44 av-special-heading-h2 blockquote modern-quote modern-centered  avia-builder-el-0  el_before_av_hr  avia-builder-el-first '><h2 class='av-special-heading-tag '  itemprop=\"headline\"  >D\u017cemy i marmolady<\/h2><div class=\"special-heading-border\"><div class=\"special-heading-inner-border\"><\/div><\/div><\/div>\n<div  class='hr av-av_hr-91d7ccd583a503147498e120fee2ff9b hr-default  avia-builder-el-1  el_after_av_heading  el_before_av_productgrid '><span class='hr-inner '><span class=\"hr-inner-style\"><\/span><\/span><\/div>\n<div  class='avia-product-slider-container av-lxni9hia-60335c473ae94680f05dd1152cb34714 template-shop avia-content-slider avia-content-grid-active shop_columns_4  avia-builder-el-2  el_after_av_hr  el_before_av_hr  avia-content-slider-even  avia-builder-el-2  el_after_av_hr  el_before_av_hr  av-slideshow-ui av-slider-hover-pause av-slideshow-manual av-loop-once av-loop-manual-endless avia-product-slider1' data-slideshow-options=\"{&quot;animation&quot;:&quot;fade&quot;,&quot;autoplay&quot;:false,&quot;loop_autoplay&quot;:&quot;once&quot;,&quot;interval&quot;:5,&quot;loop_manual&quot;:&quot;manual-endless&quot;,&quot;autoplay_stopper&quot;:false,&quot;noNavigation&quot;:false,&quot;bg_slider&quot;:false,&quot;keep_padding&quot;:false,&quot;hoverpause&quot;:true,&quot;show_slide_delay&quot;:0}\"><div class=\"product-sorting avia-product-sorting\"><ul class=\"sort-param sort-param-order\"><li><span class='currently-selected'>Wy\u015bwietlaj <strong>Domy\u015blny<\/strong><\/span><ul><li class=\"current-param\"><a class='avia-product-sorting-link' data-href='?avia_extended_shop_select=yes&product_order=default' rel=\"nofollow\"><span class='avia-bullet'><\/span>Domy\u015blny<\/a><\/li><li><a class='avia-product-sorting-link' data-href='?product_sort=asc&avia_extended_shop_select=yes&product_order=menu_order' rel=\"nofollow\"><span class='avia-bullet'><\/span>Niestandardowy<\/a><\/li><li><a class='avia-product-sorting-link' data-href='?product_sort=asc&avia_extended_shop_select=yes&product_order=title' rel=\"nofollow\"><span class='avia-bullet'><\/span>Nazwa<\/a><\/li><li><a class='avia-product-sorting-link' data-href='?product_sort=asc&avia_extended_shop_select=yes&product_order=price' rel=\"nofollow\"><span class='avia-bullet'><\/span>cena<\/a><\/li><li><a class='avia-product-sorting-link' data-href='?product_sort=asc&avia_extended_shop_select=yes&product_order=date' rel=\"nofollow\"><span class='avia-bullet'><\/span>Data<\/a><\/li><li><a class='avia-product-sorting-link' data-href='?avia_extended_shop_select=yes&product_order=popularity' rel=\"nofollow\"><span class='avia-bullet'><\/span>Popularno\u015b\u0107 (sprzeda\u017c)<\/a><\/li><li><a class='avia-product-sorting-link' data-href='?avia_extended_shop_select=yes&product_order=rating' rel=\"nofollow\"><span class='avia-bullet'><\/span>\u015arednia ocena<\/a><\/li><li><a class='avia-product-sorting-link' data-href='?product_sort=asc&avia_extended_shop_select=yes&product_order=relevance' rel=\"nofollow\"><span class='avia-bullet'><\/span>Trafno\u015b\u0107<\/a><\/li><li><a class='avia-product-sorting-link' data-href='?avia_extended_shop_select=yes&product_order=rand' rel=\"nofollow\"><span class='avia-bullet'><\/span>Losowo<\/a><\/li><li><a class='avia-product-sorting-link' data-href='?product_sort=asc&avia_extended_shop_select=yes&product_order=id' rel=\"nofollow\"><span class='avia-bullet'><\/span>ID produktu<\/a><\/li><\/ul><\/li><\/ul><ul class='sort-param sort-param-count'><li><span class='currently-selected'>Wy\u015bwietlaj <strong>12 ofert na stronie <\/strong><\/span><ul><li class=\"current-param\"><a class='avia-product-sorting-link' data-href='?paged=1&avia_extended_shop_select=yes&product_order=default&product_count=12' rel=\"nofollow\">\t\t<span class='avia-bullet'><\/span>12 ofert na stronie<\/a><\/li><li><a class='avia-product-sorting-link' data-href='?paged=1&avia_extended_shop_select=yes&product_order=default&product_count=24' rel=\"nofollow\">\t<span class='avia-bullet'><\/span>24 ofert na stronie<\/a><\/li><li><a class='avia-product-sorting-link' data-href='?paged=1&avia_extended_shop_select=yes&product_order=default&product_count=36' rel=\"nofollow\">\t<span class='avia-bullet'><\/span>36 ofert na stronie<\/a><\/li><\/ul><\/li><\/ul><\/div><div class='avia-content-slider-inner'><ul class=\"products\"><li class=\"product type-product post-12139 status-publish first instock product_cat-dzemy-i-marmolady product_cat-slodkie-przetwory has-post-thumbnail taxable shipping-taxable purchasable product-type-simple\">\n\t<div class='inner_product main_color wrapped_style noLightbox  av-product-class-'><a href=\"https:\/\/www.polskismak.nl\/index.php\/product\/dzem-agrestowy\/\" class=\"woocommerce-LoopProduct-link woocommerce-loop-product__link\"><div class=\"thumbnail_container\"><img decoding=\"async\" loading=\"lazy\" width=\"300\" height=\"300\" src=\"https:\/\/www.polskismak.nl\/wp-content\/uploads\/2024\/09\/IMG_7250-scaled-300x300.jpg\" class=\"wp-image-11876 avia-img-lazy-loading-11876 attachment-woocommerce_thumbnail size-woocommerce_thumbnail wp-post-image\" alt=\"\" srcset=\"https:\/\/www.polskismak.nl\/wp-content\/uploads\/2024\/09\/IMG_7250-scaled-300x300.jpg 300w, https:\/\/www.polskismak.nl\/wp-content\/uploads\/2024\/09\/IMG_7250-150x150.jpg 150w, https:\/\/www.polskismak.nl\/wp-content\/uploads\/2024\/09\/IMG_7250-36x36.jpg 36w, https:\/\/www.polskismak.nl\/wp-content\/uploads\/2024\/09\/IMG_7250-180x180.jpg 180w\" sizes=\"auto, (max-width: 300px) 100vw, 300px\" \/><span class=\"cart-loading\"><\/span><\/div><div class='inner_product_header'><div class='avia-arrow'><\/div><div class='inner_product_header_table'><div class='inner_product_header_cell'><h2 class=\"woocommerce-loop-product__title\">D\u017cem agrestowy<\/h2>\n\t<span class=\"price\"><span class=\"woocommerce-Price-amount amount\"><bdi><span class=\"woocommerce-Price-currencySymbol\">&euro;<\/span>2.70<\/bdi><\/span><\/span>\n<\/div><\/div><\/div><\/a><div class='avia_cart_buttons '><a href=\"\/index.php\/wp-json\/wp\/v2\/pages\/10721?add-to-cart=12139\" aria-describedby=\"woocommerce_loop_add_to_cart_link_describedby_12139\" data-quantity=\"1\" class=\"button product_type_simple add_to_cart_button ajax_add_to_cart\" data-product_id=\"12139\" data-product_sku=\"\" aria-label=\"Dodaj do koszyka: &bdquo;D\u017cem agrestowy&rdquo;\" rel=\"nofollow\" data-success_message=\"&ldquo;D\u017cem agrestowy&rdquo; zosta\u0142 dodany do twojego koszyka\" role=\"button\"><span class=\"avia-svg-icon avia-font-svg_entypo-fontello\" data-av_svg_icon='basket' data-av_iconset='svg_entypo-fontello'><svg version=\"1.1\" xmlns=\"http:\/\/www.w3.org\/2000\/svg\" width=\"29\" height=\"32\" viewBox=\"0 0 29 32\" preserveAspectRatio=\"xMidYMid meet\" aria-labelledby='av-svg-title-1' aria-describedby='av-svg-desc-1' role=\"graphics-symbol\" aria-hidden=\"true\">\n<title id='av-svg-title-1'>Add to cart<\/title>\n<desc id='av-svg-desc-1'>Add to cart<\/desc>\n<path d=\"M4.8 27.2q0-1.28 0.96-2.24t2.24-0.96q1.344 0 2.272 0.96t0.928 2.24q0 1.344-0.928 2.272t-2.272 0.928q-1.28 0-2.24-0.928t-0.96-2.272zM20.8 27.2q0-1.28 0.96-2.24t2.24-0.96q1.344 0 2.272 0.96t0.928 2.24q0 1.344-0.928 2.272t-2.272 0.928q-1.28 0-2.24-0.928t-0.96-2.272zM10.496 19.648q-1.152 0.32-1.088 0.736t1.408 0.416h17.984v2.432q0 0.64-0.64 0.64h-20.928q-0.64 0-0.64-0.64v-2.432l-0.32-1.472-3.136-14.528h-3.136v-2.56q0-0.64 0.64-0.64h4.992q0.64 0 0.64 0.64v2.752h22.528v8.768q0 0.704-0.576 0.832z\"><\/path>\n<\/svg><\/span>  Dodaj do koszyka<\/a>\t<span id=\"woocommerce_loop_add_to_cart_link_describedby_12139\" class=\"screen-reader-text\">\n\t\t\t<\/span>\n<a class=\"button show_details_button\" href=\"https:\/\/www.polskismak.nl\/index.php\/product\/dzem-agrestowy\/\"><span class=\"avia-svg-icon avia-font-svg_entypo-fontello\" data-av_svg_icon='doc-text' data-av_iconset='svg_entypo-fontello'><svg version=\"1.1\" xmlns=\"http:\/\/www.w3.org\/2000\/svg\" width=\"22\" height=\"32\" viewBox=\"0 0 22 32\" preserveAspectRatio=\"xMidYMid meet\" aria-labelledby='av-svg-title-2' aria-describedby='av-svg-desc-2' role=\"graphics-symbol\" aria-hidden=\"true\">\n<title id='av-svg-title-2'>Szczeg\u00f3\u0142y<\/title>\n<desc id='av-svg-desc-2'>Szczeg\u00f3\u0142y<\/desc>\n<path d=\"M6.784 17.344v-2.88h8.96v2.88h-8.96zM19.2 1.6q1.344 0 2.272 0.928t0.928 2.272v22.4q0 1.28-0.928 2.24t-2.272 0.96h-16q-1.28 0-2.24-0.96t-0.96-2.24v-22.4q0-1.344 0.96-2.272t2.24-0.928h16zM19.2 27.2v-22.4h-16v22.4h16zM15.68 8.256v2.816h-8.96v-2.816h8.96zM15.68 20.8v2.816h-8.96v-2.816h8.96z\"><\/path>\n<\/svg><\/span>  Szczeg\u00f3\u0142y<\/a> <span class=\"button-mini-delimiter\"><\/span><\/div><\/div><\/li>\n<li class=\"product type-product post-12185 status-publish instock product_cat-dzemy-i-marmolady product_cat-slodkie-przetwory has-post-thumbnail taxable shipping-taxable purchasable product-type-simple\">\n\t<div class='inner_product main_color wrapped_style noLightbox  av-product-class-'><a href=\"https:\/\/www.polskismak.nl\/index.php\/product\/dzem-z-czerwonych-porzeczek\/\" class=\"woocommerce-LoopProduct-link woocommerce-loop-product__link\"><div class=\"thumbnail_container\"><img decoding=\"async\" loading=\"lazy\" width=\"300\" height=\"300\" src=\"https:\/\/www.polskismak.nl\/wp-content\/uploads\/2024\/09\/IMG_7249-scaled-300x300.jpg\" class=\"wp-image-11941 avia-img-lazy-loading-11941 attachment-woocommerce_thumbnail size-woocommerce_thumbnail wp-post-image\" alt=\"\" srcset=\"https:\/\/www.polskismak.nl\/wp-content\/uploads\/2024\/09\/IMG_7249-scaled-300x300.jpg 300w, https:\/\/www.polskismak.nl\/wp-content\/uploads\/2024\/09\/IMG_7249-150x150.jpg 150w, https:\/\/www.polskismak.nl\/wp-content\/uploads\/2024\/09\/IMG_7249-36x36.jpg 36w, https:\/\/www.polskismak.nl\/wp-content\/uploads\/2024\/09\/IMG_7249-180x180.jpg 180w\" sizes=\"auto, (max-width: 300px) 100vw, 300px\" \/><span class=\"cart-loading\"><\/span><\/div><div class='inner_product_header'><div class='avia-arrow'><\/div><div class='inner_product_header_table'><div class='inner_product_header_cell'><h2 class=\"woocommerce-loop-product__title\">D\u017cem z czerwonych porzeczek<\/h2>\n\t<span class=\"price\"><span class=\"woocommerce-Price-amount amount\"><bdi><span class=\"woocommerce-Price-currencySymbol\">&euro;<\/span>2.70<\/bdi><\/span><\/span>\n<\/div><\/div><\/div><\/a><div class='avia_cart_buttons '><a href=\"\/index.php\/wp-json\/wp\/v2\/pages\/10721?add-to-cart=12185\" aria-describedby=\"woocommerce_loop_add_to_cart_link_describedby_12185\" data-quantity=\"1\" class=\"button product_type_simple add_to_cart_button ajax_add_to_cart\" data-product_id=\"12185\" data-product_sku=\"\" aria-label=\"Dodaj do koszyka: &bdquo;D\u017cem z czerwonych porzeczek&rdquo;\" rel=\"nofollow\" data-success_message=\"&ldquo;D\u017cem z czerwonych porzeczek&rdquo; zosta\u0142 dodany do twojego koszyka\" role=\"button\"><span class=\"avia-svg-icon avia-font-svg_entypo-fontello\" data-av_svg_icon='basket' data-av_iconset='svg_entypo-fontello'><svg version=\"1.1\" xmlns=\"http:\/\/www.w3.org\/2000\/svg\" width=\"29\" height=\"32\" viewBox=\"0 0 29 32\" preserveAspectRatio=\"xMidYMid meet\" aria-labelledby='av-svg-title-3' aria-describedby='av-svg-desc-3' role=\"graphics-symbol\" aria-hidden=\"true\">\n<title id='av-svg-title-3'>Add to cart<\/title>\n<desc id='av-svg-desc-3'>Add to cart<\/desc>\n<path d=\"M4.8 27.2q0-1.28 0.96-2.24t2.24-0.96q1.344 0 2.272 0.96t0.928 2.24q0 1.344-0.928 2.272t-2.272 0.928q-1.28 0-2.24-0.928t-0.96-2.272zM20.8 27.2q0-1.28 0.96-2.24t2.24-0.96q1.344 0 2.272 0.96t0.928 2.24q0 1.344-0.928 2.272t-2.272 0.928q-1.28 0-2.24-0.928t-0.96-2.272zM10.496 19.648q-1.152 0.32-1.088 0.736t1.408 0.416h17.984v2.432q0 0.64-0.64 0.64h-20.928q-0.64 0-0.64-0.64v-2.432l-0.32-1.472-3.136-14.528h-3.136v-2.56q0-0.64 0.64-0.64h4.992q0.64 0 0.64 0.64v2.752h22.528v8.768q0 0.704-0.576 0.832z\"><\/path>\n<\/svg><\/span>  Dodaj do koszyka<\/a>\t<span id=\"woocommerce_loop_add_to_cart_link_describedby_12185\" class=\"screen-reader-text\">\n\t\t\t<\/span>\n<a class=\"button show_details_button\" href=\"https:\/\/www.polskismak.nl\/index.php\/product\/dzem-z-czerwonych-porzeczek\/\"><span class=\"avia-svg-icon avia-font-svg_entypo-fontello\" data-av_svg_icon='doc-text' data-av_iconset='svg_entypo-fontello'><svg version=\"1.1\" xmlns=\"http:\/\/www.w3.org\/2000\/svg\" width=\"22\" height=\"32\" viewBox=\"0 0 22 32\" preserveAspectRatio=\"xMidYMid meet\" aria-labelledby='av-svg-title-4' aria-describedby='av-svg-desc-4' role=\"graphics-symbol\" aria-hidden=\"true\">\n<title id='av-svg-title-4'>Szczeg\u00f3\u0142y<\/title>\n<desc id='av-svg-desc-4'>Szczeg\u00f3\u0142y<\/desc>\n<path d=\"M6.784 17.344v-2.88h8.96v2.88h-8.96zM19.2 1.6q1.344 0 2.272 0.928t0.928 2.272v22.4q0 1.28-0.928 2.24t-2.272 0.96h-16q-1.28 0-2.24-0.96t-0.96-2.24v-22.4q0-1.344 0.96-2.272t2.24-0.928h16zM19.2 27.2v-22.4h-16v22.4h16zM15.68 8.256v2.816h-8.96v-2.816h8.96zM15.68 20.8v2.816h-8.96v-2.816h8.96z\"><\/path>\n<\/svg><\/span>  Szczeg\u00f3\u0142y<\/a> <span class=\"button-mini-delimiter\"><\/span><\/div><\/div><\/li>\n<li class=\"product type-product post-12181 status-publish instock product_cat-dzemy-i-marmolady product_cat-slodkie-przetwory has-post-thumbnail taxable shipping-taxable purchasable product-type-simple\">\n\t<div class='inner_product main_color wrapped_style noLightbox  av-product-class-'><a href=\"https:\/\/www.polskismak.nl\/index.php\/product\/powidla-wegierkowe\/\" class=\"woocommerce-LoopProduct-link woocommerce-loop-product__link\"><div class=\"thumbnail_container\"><img decoding=\"async\" loading=\"lazy\" width=\"300\" height=\"300\" src=\"https:\/\/www.polskismak.nl\/wp-content\/uploads\/2024\/09\/IMG_7247-300x300.jpg\" class=\"wp-image-11939 avia-img-lazy-loading-11939 attachment-woocommerce_thumbnail size-woocommerce_thumbnail wp-post-image\" alt=\"\" srcset=\"https:\/\/www.polskismak.nl\/wp-content\/uploads\/2024\/09\/IMG_7247-300x300.jpg 300w, https:\/\/www.polskismak.nl\/wp-content\/uploads\/2024\/09\/IMG_7247-150x150.jpg 150w, https:\/\/www.polskismak.nl\/wp-content\/uploads\/2024\/09\/IMG_7247-36x36.jpg 36w, https:\/\/www.polskismak.nl\/wp-content\/uploads\/2024\/09\/IMG_7247-180x180.jpg 180w, https:\/\/www.polskismak.nl\/wp-content\/uploads\/2024\/09\/IMG_7247-120x120.jpg 120w, https:\/\/www.polskismak.nl\/wp-content\/uploads\/2024\/09\/IMG_7247-450x450.jpg 450w\" sizes=\"auto, (max-width: 300px) 100vw, 300px\" \/><span class=\"cart-loading\"><\/span><\/div><div class='inner_product_header'><div class='avia-arrow'><\/div><div class='inner_product_header_table'><div class='inner_product_header_cell'><h2 class=\"woocommerce-loop-product__title\">Powid\u0142a w\u0119gierkowe<\/h2>\n\t<span class=\"price\"><span class=\"woocommerce-Price-amount amount\"><bdi><span class=\"woocommerce-Price-currencySymbol\">&euro;<\/span>3.40<\/bdi><\/span><\/span>\n<\/div><\/div><\/div><\/a><div class='avia_cart_buttons '><a href=\"\/index.php\/wp-json\/wp\/v2\/pages\/10721?add-to-cart=12181\" aria-describedby=\"woocommerce_loop_add_to_cart_link_describedby_12181\" data-quantity=\"1\" class=\"button product_type_simple add_to_cart_button ajax_add_to_cart\" data-product_id=\"12181\" data-product_sku=\"\" aria-label=\"Dodaj do koszyka: &bdquo;Powid\u0142a w\u0119gierkowe&rdquo;\" rel=\"nofollow\" data-success_message=\"&ldquo;Powid\u0142a w\u0119gierkowe&rdquo; zosta\u0142 dodany do twojego koszyka\" role=\"button\"><span class=\"avia-svg-icon avia-font-svg_entypo-fontello\" data-av_svg_icon='basket' data-av_iconset='svg_entypo-fontello'><svg version=\"1.1\" xmlns=\"http:\/\/www.w3.org\/2000\/svg\" width=\"29\" height=\"32\" viewBox=\"0 0 29 32\" preserveAspectRatio=\"xMidYMid meet\" aria-labelledby='av-svg-title-5' aria-describedby='av-svg-desc-5' role=\"graphics-symbol\" aria-hidden=\"true\">\n<title id='av-svg-title-5'>Add to cart<\/title>\n<desc id='av-svg-desc-5'>Add to cart<\/desc>\n<path d=\"M4.8 27.2q0-1.28 0.96-2.24t2.24-0.96q1.344 0 2.272 0.96t0.928 2.24q0 1.344-0.928 2.272t-2.272 0.928q-1.28 0-2.24-0.928t-0.96-2.272zM20.8 27.2q0-1.28 0.96-2.24t2.24-0.96q1.344 0 2.272 0.96t0.928 2.24q0 1.344-0.928 2.272t-2.272 0.928q-1.28 0-2.24-0.928t-0.96-2.272zM10.496 19.648q-1.152 0.32-1.088 0.736t1.408 0.416h17.984v2.432q0 0.64-0.64 0.64h-20.928q-0.64 0-0.64-0.64v-2.432l-0.32-1.472-3.136-14.528h-3.136v-2.56q0-0.64 0.64-0.64h4.992q0.64 0 0.64 0.64v2.752h22.528v8.768q0 0.704-0.576 0.832z\"><\/path>\n<\/svg><\/span>  Dodaj do koszyka<\/a>\t<span id=\"woocommerce_loop_add_to_cart_link_describedby_12181\" class=\"screen-reader-text\">\n\t\t\t<\/span>\n<a class=\"button show_details_button\" href=\"https:\/\/www.polskismak.nl\/index.php\/product\/powidla-wegierkowe\/\"><span class=\"avia-svg-icon avia-font-svg_entypo-fontello\" data-av_svg_icon='doc-text' data-av_iconset='svg_entypo-fontello'><svg version=\"1.1\" xmlns=\"http:\/\/www.w3.org\/2000\/svg\" width=\"22\" height=\"32\" viewBox=\"0 0 22 32\" preserveAspectRatio=\"xMidYMid meet\" aria-labelledby='av-svg-title-6' aria-describedby='av-svg-desc-6' role=\"graphics-symbol\" aria-hidden=\"true\">\n<title id='av-svg-title-6'>Szczeg\u00f3\u0142y<\/title>\n<desc id='av-svg-desc-6'>Szczeg\u00f3\u0142y<\/desc>\n<path d=\"M6.784 17.344v-2.88h8.96v2.88h-8.96zM19.2 1.6q1.344 0 2.272 0.928t0.928 2.272v22.4q0 1.28-0.928 2.24t-2.272 0.96h-16q-1.28 0-2.24-0.96t-0.96-2.24v-22.4q0-1.344 0.96-2.272t2.24-0.928h16zM19.2 27.2v-22.4h-16v22.4h16zM15.68 8.256v2.816h-8.96v-2.816h8.96zM15.68 20.8v2.816h-8.96v-2.816h8.96z\"><\/path>\n<\/svg><\/span>  Szczeg\u00f3\u0142y<\/a> <span class=\"button-mini-delimiter\"><\/span><\/div><\/div><\/li>\n<li class=\"product type-product post-12183 status-publish last instock product_cat-dzemy-i-marmolady product_cat-slodkie-przetwory has-post-thumbnail taxable shipping-taxable purchasable product-type-simple\">\n\t<div class='inner_product main_color wrapped_style noLightbox  av-product-class-'><a href=\"https:\/\/www.polskismak.nl\/index.php\/product\/zurawina-do-mies-i-serow\/\" class=\"woocommerce-LoopProduct-link woocommerce-loop-product__link\"><div class=\"thumbnail_container\"><img decoding=\"async\" loading=\"lazy\" width=\"300\" height=\"300\" src=\"https:\/\/www.polskismak.nl\/wp-content\/uploads\/2024\/09\/IMG_7248-scaled-e1727272429852-300x300.jpg\" class=\"wp-image-11940 avia-img-lazy-loading-11940 attachment-woocommerce_thumbnail size-woocommerce_thumbnail wp-post-image\" alt=\"\" srcset=\"https:\/\/www.polskismak.nl\/wp-content\/uploads\/2024\/09\/IMG_7248-scaled-e1727272429852-300x300.jpg 300w, https:\/\/www.polskismak.nl\/wp-content\/uploads\/2024\/09\/IMG_7248-scaled-e1727272429852-150x150.jpg 150w, https:\/\/www.polskismak.nl\/wp-content\/uploads\/2024\/09\/IMG_7248-scaled-e1727272429852-36x36.jpg 36w, https:\/\/www.polskismak.nl\/wp-content\/uploads\/2024\/09\/IMG_7248-scaled-e1727272429852-180x180.jpg 180w, https:\/\/www.polskismak.nl\/wp-content\/uploads\/2024\/09\/IMG_7248-scaled-e1727272429852-120x120.jpg 120w, https:\/\/www.polskismak.nl\/wp-content\/uploads\/2024\/09\/IMG_7248-scaled-e1727272429852-450x450.jpg 450w, https:\/\/www.polskismak.nl\/wp-content\/uploads\/2024\/09\/IMG_7248-scaled-e1727272429852-100x100.jpg 100w\" sizes=\"auto, (max-width: 300px) 100vw, 300px\" \/><span class=\"cart-loading\"><\/span><\/div><div class='inner_product_header'><div class='avia-arrow'><\/div><div class='inner_product_header_table'><div class='inner_product_header_cell'><h2 class=\"woocommerce-loop-product__title\">\u017burawina do mi\u0119s i ser\u00f3w<\/h2>\n\t<span class=\"price\"><span class=\"woocommerce-Price-amount amount\"><bdi><span class=\"woocommerce-Price-currencySymbol\">&euro;<\/span>3.40<\/bdi><\/span><\/span>\n<\/div><\/div><\/div><\/a><div class='avia_cart_buttons '><a href=\"\/index.php\/wp-json\/wp\/v2\/pages\/10721?add-to-cart=12183\" aria-describedby=\"woocommerce_loop_add_to_cart_link_describedby_12183\" data-quantity=\"1\" class=\"button product_type_simple add_to_cart_button ajax_add_to_cart\" data-product_id=\"12183\" data-product_sku=\"\" aria-label=\"Dodaj do koszyka: &bdquo;\u017burawina do mi\u0119s i ser\u00f3w&rdquo;\" rel=\"nofollow\" data-success_message=\"&ldquo;\u017burawina do mi\u0119s i ser\u00f3w&rdquo; zosta\u0142 dodany do twojego koszyka\" role=\"button\"><span class=\"avia-svg-icon avia-font-svg_entypo-fontello\" data-av_svg_icon='basket' data-av_iconset='svg_entypo-fontello'><svg version=\"1.1\" xmlns=\"http:\/\/www.w3.org\/2000\/svg\" width=\"29\" height=\"32\" viewBox=\"0 0 29 32\" preserveAspectRatio=\"xMidYMid meet\" aria-labelledby='av-svg-title-7' aria-describedby='av-svg-desc-7' role=\"graphics-symbol\" aria-hidden=\"true\">\n<title id='av-svg-title-7'>Add to cart<\/title>\n<desc id='av-svg-desc-7'>Add to cart<\/desc>\n<path d=\"M4.8 27.2q0-1.28 0.96-2.24t2.24-0.96q1.344 0 2.272 0.96t0.928 2.24q0 1.344-0.928 2.272t-2.272 0.928q-1.28 0-2.24-0.928t-0.96-2.272zM20.8 27.2q0-1.28 0.96-2.24t2.24-0.96q1.344 0 2.272 0.96t0.928 2.24q0 1.344-0.928 2.272t-2.272 0.928q-1.28 0-2.24-0.928t-0.96-2.272zM10.496 19.648q-1.152 0.32-1.088 0.736t1.408 0.416h17.984v2.432q0 0.64-0.64 0.64h-20.928q-0.64 0-0.64-0.64v-2.432l-0.32-1.472-3.136-14.528h-3.136v-2.56q0-0.64 0.64-0.64h4.992q0.64 0 0.64 0.64v2.752h22.528v8.768q0 0.704-0.576 0.832z\"><\/path>\n<\/svg><\/span>  Dodaj do koszyka<\/a>\t<span id=\"woocommerce_loop_add_to_cart_link_describedby_12183\" class=\"screen-reader-text\">\n\t\t\t<\/span>\n<a class=\"button show_details_button\" href=\"https:\/\/www.polskismak.nl\/index.php\/product\/zurawina-do-mies-i-serow\/\"><span class=\"avia-svg-icon avia-font-svg_entypo-fontello\" data-av_svg_icon='doc-text' data-av_iconset='svg_entypo-fontello'><svg version=\"1.1\" xmlns=\"http:\/\/www.w3.org\/2000\/svg\" width=\"22\" height=\"32\" viewBox=\"0 0 22 32\" preserveAspectRatio=\"xMidYMid meet\" aria-labelledby='av-svg-title-8' aria-describedby='av-svg-desc-8' role=\"graphics-symbol\" aria-hidden=\"true\">\n<title id='av-svg-title-8'>Szczeg\u00f3\u0142y<\/title>\n<desc id='av-svg-desc-8'>Szczeg\u00f3\u0142y<\/desc>\n<path d=\"M6.784 17.344v-2.88h8.96v2.88h-8.96zM19.2 1.6q1.344 0 2.272 0.928t0.928 2.272v22.4q0 1.28-0.928 2.24t-2.272 0.96h-16q-1.28 0-2.24-0.96t-0.96-2.24v-22.4q0-1.344 0.96-2.272t2.24-0.928h16zM19.2 27.2v-22.4h-16v22.4h16zM15.68 8.256v2.816h-8.96v-2.816h8.96zM15.68 20.8v2.816h-8.96v-2.816h8.96z\"><\/path>\n<\/svg><\/span>  Szczeg\u00f3\u0142y<\/a> <span class=\"button-mini-delimiter\"><\/span><\/div><\/div><\/li>\n<\/ul><\/div><\/div><div class=\"clear\"><\/div>\n<div  class='hr av-av_hr-34d966c1397a867a533fbb38af979625 hr-default'><span class='hr-inner '><span class=\"hr-inner-style\"><\/span><\/span><\/div>\n","protected":false},"excerpt":{"rendered":"","protected":false},"author":1,"featured_media":0,"parent":10576,"menu_order":0,"comment_status":"closed","ping_status":"closed","template":"","meta":{"footnotes":""},"class_list":["post-10721","page","type-page","status-publish","hentry"],"_links":{"self":[{"href":"https:\/\/www.polskismak.nl\/index.php\/wp-json\/wp\/v2\/pages\/10721","targetHints":{"allow":["GET"]}}],"collection":[{"href":"https:\/\/www.polskismak.nl\/index.php\/wp-json\/wp\/v2\/pages"}],"about":[{"href":"https:\/\/www.polskismak.nl\/index.php\/wp-json\/wp\/v2\/types\/page"}],"author":[{"embeddable":true,"href":"https:\/\/www.polskismak.nl\/index.php\/wp-json\/wp\/v2\/users\/1"}],"replies":[{"embeddable":true,"href":"https:\/\/www.polskismak.nl\/index.php\/wp-json\/wp\/v2\/comments?post=10721"}],"version-history":[{"count":3,"href":"https:\/\/www.polskismak.nl\/index.php\/wp-json\/wp\/v2\/pages\/10721\/revisions"}],"predecessor-version":[{"id":10929,"href":"https:\/\/www.polskismak.nl\/index.php\/wp-json\/wp\/v2\/pages\/10721\/revisions\/10929"}],"up":[{"embeddable":true,"href":"https:\/\/www.polskismak.nl\/index.php\/wp-json\/wp\/v2\/pages\/10576"}],"wp:attachment":[{"href":"https:\/\/www.polskismak.nl\/index.php\/wp-json\/wp\/v2\/media?parent=10721"}],"curies":[{"name":"wp","href":"https:\/\/api.w.org\/{rel}","templated":true}]}}