{"id":10063,"date":"2024-03-17T12:31:57","date_gmt":"2024-03-17T12:31:57","guid":{"rendered":"https:\/\/www.polskismak.nl\/?post_type=product&#038;p=10063"},"modified":"2024-07-04T13:37:13","modified_gmt":"2024-07-04T13:37:13","slug":"obwarzanki-bublini-z-makiem-z-sezamem","status":"publish","type":"product","link":"https:\/\/www.polskismak.nl\/index.php\/product\/obwarzanki-bublini-z-makiem-z-sezamem\/","title":{"rendered":"Obwarzanki Bublini z makiem\/z sezamem"},"content":{"rendered":"<p>[:pl]&nbsp;<\/p>\n<p><a href=\"http:\/\/www.polskismak.nl\/wp-content\/uploads\/2024\/03\/IMG_6282-scaled.jpg\"><img loading=\"lazy\" decoding=\"async\" class=\"alignnone size-medium wp-image-10065\" src=\"http:\/\/www.polskismak.nl\/wp-content\/uploads\/2024\/03\/IMG_6282-218x300.jpg\" alt=\"\" width=\"218\" height=\"300\" srcset=\"https:\/\/www.polskismak.nl\/wp-content\/uploads\/2024\/03\/IMG_6282-218x300.jpg 218w, https:\/\/www.polskismak.nl\/wp-content\/uploads\/2024\/03\/IMG_6282-744x1024.jpg 744w, https:\/\/www.polskismak.nl\/wp-content\/uploads\/2024\/03\/IMG_6282-768x1056.jpg 768w, https:\/\/www.polskismak.nl\/wp-content\/uploads\/2024\/03\/IMG_6282-1117x1536.jpg 1117w, https:\/\/www.polskismak.nl\/wp-content\/uploads\/2024\/03\/IMG_6282-1489x2048.jpg 1489w, https:\/\/www.polskismak.nl\/wp-content\/uploads\/2024\/03\/IMG_6282-1090x1500.jpg 1090w, https:\/\/www.polskismak.nl\/wp-content\/uploads\/2024\/03\/IMG_6282-513x705.jpg 513w, https:\/\/www.polskismak.nl\/wp-content\/uploads\/2024\/03\/IMG_6282-450x619.jpg 450w, https:\/\/www.polskismak.nl\/wp-content\/uploads\/2024\/03\/IMG_6282-600x825.jpg 600w, https:\/\/www.polskismak.nl\/wp-content\/uploads\/2024\/03\/IMG_6282-scaled.jpg 1861w\" sizes=\"auto, (max-width: 218px) 100vw, 218px\" \/><\/a><a href=\"http:\/\/www.polskismak.nl\/wp-content\/uploads\/2024\/03\/IMG_6283-scaled.jpg\"><img loading=\"lazy\" decoding=\"async\" class=\"alignnone size-medium wp-image-10064\" src=\"http:\/\/www.polskismak.nl\/wp-content\/uploads\/2024\/03\/IMG_6283-233x300.jpg\" alt=\"\" width=\"233\" height=\"300\" srcset=\"https:\/\/www.polskismak.nl\/wp-content\/uploads\/2024\/03\/IMG_6283-233x300.jpg 233w, https:\/\/www.polskismak.nl\/wp-content\/uploads\/2024\/03\/IMG_6283-795x1024.jpg 795w, https:\/\/www.polskismak.nl\/wp-content\/uploads\/2024\/03\/IMG_6283-768x989.jpg 768w, https:\/\/www.polskismak.nl\/wp-content\/uploads\/2024\/03\/IMG_6283-1193x1536.jpg 1193w, https:\/\/www.polskismak.nl\/wp-content\/uploads\/2024\/03\/IMG_6283-1590x2048.jpg 1590w, https:\/\/www.polskismak.nl\/wp-content\/uploads\/2024\/03\/IMG_6283-1165x1500.jpg 1165w, https:\/\/www.polskismak.nl\/wp-content\/uploads\/2024\/03\/IMG_6283-548x705.jpg 548w, https:\/\/www.polskismak.nl\/wp-content\/uploads\/2024\/03\/IMG_6283-450x579.jpg 450w, https:\/\/www.polskismak.nl\/wp-content\/uploads\/2024\/03\/IMG_6283-600x773.jpg 600w, https:\/\/www.polskismak.nl\/wp-content\/uploads\/2024\/03\/IMG_6283-scaled.jpg 1988w\" sizes=\"auto, (max-width: 233px) 100vw, 233px\" \/><\/a><\/p>\n<p>niebieskie z sezamem<\/p>\n<p>pomara\u0144czowe z makiem<\/p>\n<p>&nbsp;[:nl]<a href=\"http:\/\/www.polskismak.nl\/wp-content\/uploads\/2024\/03\/IMG_6282-scaled.jpg\"><img loading=\"lazy\" decoding=\"async\" class=\"alignnone size-medium wp-image-10065\" src=\"http:\/\/www.polskismak.nl\/wp-content\/uploads\/2024\/03\/IMG_6282-218x300.jpg\" alt=\"\" width=\"218\" height=\"300\" srcset=\"https:\/\/www.polskismak.nl\/wp-content\/uploads\/2024\/03\/IMG_6282-218x300.jpg 218w, https:\/\/www.polskismak.nl\/wp-content\/uploads\/2024\/03\/IMG_6282-744x1024.jpg 744w, https:\/\/www.polskismak.nl\/wp-content\/uploads\/2024\/03\/IMG_6282-768x1056.jpg 768w, https:\/\/www.polskismak.nl\/wp-content\/uploads\/2024\/03\/IMG_6282-1117x1536.jpg 1117w, https:\/\/www.polskismak.nl\/wp-content\/uploads\/2024\/03\/IMG_6282-1489x2048.jpg 1489w, https:\/\/www.polskismak.nl\/wp-content\/uploads\/2024\/03\/IMG_6282-1090x1500.jpg 1090w, https:\/\/www.polskismak.nl\/wp-content\/uploads\/2024\/03\/IMG_6282-513x705.jpg 513w, https:\/\/www.polskismak.nl\/wp-content\/uploads\/2024\/03\/IMG_6282-450x619.jpg 450w, https:\/\/www.polskismak.nl\/wp-content\/uploads\/2024\/03\/IMG_6282-600x825.jpg 600w, https:\/\/www.polskismak.nl\/wp-content\/uploads\/2024\/03\/IMG_6282-scaled.jpg 1861w\" sizes=\"auto, (max-width: 218px) 100vw, 218px\" \/><\/a><a href=\"http:\/\/www.polskismak.nl\/wp-content\/uploads\/2024\/03\/IMG_6283-scaled.jpg\"><img loading=\"lazy\" decoding=\"async\" class=\"alignnone size-medium wp-image-10064\" src=\"http:\/\/www.polskismak.nl\/wp-content\/uploads\/2024\/03\/IMG_6283-233x300.jpg\" alt=\"\" width=\"233\" height=\"300\" srcset=\"https:\/\/www.polskismak.nl\/wp-content\/uploads\/2024\/03\/IMG_6283-233x300.jpg 233w, https:\/\/www.polskismak.nl\/wp-content\/uploads\/2024\/03\/IMG_6283-795x1024.jpg 795w, https:\/\/www.polskismak.nl\/wp-content\/uploads\/2024\/03\/IMG_6283-768x989.jpg 768w, https:\/\/www.polskismak.nl\/wp-content\/uploads\/2024\/03\/IMG_6283-1193x1536.jpg 1193w, https:\/\/www.polskismak.nl\/wp-content\/uploads\/2024\/03\/IMG_6283-1590x2048.jpg 1590w, https:\/\/www.polskismak.nl\/wp-content\/uploads\/2024\/03\/IMG_6283-1165x1500.jpg 1165w, https:\/\/www.polskismak.nl\/wp-content\/uploads\/2024\/03\/IMG_6283-548x705.jpg 548w, https:\/\/www.polskismak.nl\/wp-content\/uploads\/2024\/03\/IMG_6283-450x579.jpg 450w, https:\/\/www.polskismak.nl\/wp-content\/uploads\/2024\/03\/IMG_6283-600x773.jpg 600w, https:\/\/www.polskismak.nl\/wp-content\/uploads\/2024\/03\/IMG_6283-scaled.jpg 1988w\" sizes=\"auto, (max-width: 233px) 100vw, 233px\" \/><\/a><\/p>\n<p>blauw met sesamzaad<\/p>\n<p>oranje met maanzaad[:]<\/p>\n","protected":false},"excerpt":{"rendered":"<p>[:pl]sk\u0142ad:<strong> m\u0105ka pszenna<\/strong>, cukier, woda, olej s\u0142onecznikowy, <strong>mak<\/strong>, s\u00f3l, dro\u017cd\u017ce, <strong>sezam,<\/strong> substancja spulchniaj\u0105ca (w\u0119glowodoran amonu)<\/p>\n<p><strong>mo\u017ce zawiera\u0107: mleko, jajka, nasiona sezamu\u00a0<\/strong><\/p>\n<p>waga: 375 g (385 g z opakowaniem)[:nl]ingredi\u00ebnten: tarwebloem, suiker, water, zonnebloemolie, maanzaad, zout, gist, sesam, rijsmiddel (ammoniumwaterstofwaterstof)<\/p>\n<p>kan bevatten: melk, eieren, sesamzaad<\/p>\n<p>gewicht: 375 g (385 g met verpakking)<\/p>\n<p>&nbsp;[:]<\/p>\n","protected":false},"featured_media":10065,"template":"","meta":[],"product_brand":[],"product_cat":[108,103],"product_tag":[],"class_list":{"0":"post-10063","1":"product","2":"type-product","3":"status-publish","4":"has-post-thumbnail","6":"product_cat-slone-przekaski-i-chipsy","7":"product_cat-slodycze-i-przekaski","9":"first","10":"instock","11":"taxable","12":"shipping-taxable","13":"purchasable","14":"product-type-simple"},"_links":{"self":[{"href":"https:\/\/www.polskismak.nl\/index.php\/wp-json\/wp\/v2\/product\/10063","targetHints":{"allow":["GET"]}}],"collection":[{"href":"https:\/\/www.polskismak.nl\/index.php\/wp-json\/wp\/v2\/product"}],"about":[{"href":"https:\/\/www.polskismak.nl\/index.php\/wp-json\/wp\/v2\/types\/product"}],"wp:featuredmedia":[{"embeddable":true,"href":"https:\/\/www.polskismak.nl\/index.php\/wp-json\/wp\/v2\/media\/10065"}],"wp:attachment":[{"href":"https:\/\/www.polskismak.nl\/index.php\/wp-json\/wp\/v2\/media?parent=10063"}],"wp:term":[{"taxonomy":"product_brand","embeddable":true,"href":"https:\/\/www.polskismak.nl\/index.php\/wp-json\/wp\/v2\/product_brand?post=10063"},{"taxonomy":"product_cat","embeddable":true,"href":"https:\/\/www.polskismak.nl\/index.php\/wp-json\/wp\/v2\/product_cat?post=10063"},{"taxonomy":"product_tag","embeddable":true,"href":"https:\/\/www.polskismak.nl\/index.php\/wp-json\/wp\/v2\/product_tag?post=10063"}],"curies":[{"name":"wp","href":"https:\/\/api.w.org\/{rel}","templated":true}]}}