{"id":10067,"date":"2024-03-17T12:52:52","date_gmt":"2024-03-17T12:52:52","guid":{"rendered":"https:\/\/www.polskismak.nl\/?post_type=product&#038;p=10067"},"modified":"2025-02-11T09:54:24","modified_gmt":"2025-02-11T09:54:24","slug":"bake-rolls-rozne-smaki","status":"publish","type":"product","link":"https:\/\/www.polskismak.nl\/index.php\/product\/bake-rolls-rozne-smaki\/","title":{"rendered":"Bake Rolls  Pizza"},"content":{"rendered":"<p>[:pl]<a href=\"http:\/\/www.polskismak.nl\/wp-content\/uploads\/2024\/03\/IMG_6286-scaled.jpg\"><img loading=\"lazy\" decoding=\"async\" class=\"alignnone size-medium wp-image-10071\" src=\"http:\/\/www.polskismak.nl\/wp-content\/uploads\/2024\/03\/IMG_6286-221x300.jpg\" alt=\"\" width=\"221\" height=\"300\" srcset=\"https:\/\/www.polskismak.nl\/wp-content\/uploads\/2024\/03\/IMG_6286-221x300.jpg 221w, https:\/\/www.polskismak.nl\/wp-content\/uploads\/2024\/03\/IMG_6286-753x1024.jpg 753w, https:\/\/www.polskismak.nl\/wp-content\/uploads\/2024\/03\/IMG_6286-768x1044.jpg 768w, https:\/\/www.polskismak.nl\/wp-content\/uploads\/2024\/03\/IMG_6286-1130x1536.jpg 1130w, https:\/\/www.polskismak.nl\/wp-content\/uploads\/2024\/03\/IMG_6286-1507x2048.jpg 1507w, https:\/\/www.polskismak.nl\/wp-content\/uploads\/2024\/03\/IMG_6286-1104x1500.jpg 1104w, https:\/\/www.polskismak.nl\/wp-content\/uploads\/2024\/03\/IMG_6286-519x705.jpg 519w, https:\/\/www.polskismak.nl\/wp-content\/uploads\/2024\/03\/IMG_6286-450x612.jpg 450w, https:\/\/www.polskismak.nl\/wp-content\/uploads\/2024\/03\/IMG_6286-600x815.jpg 600w, https:\/\/www.polskismak.nl\/wp-content\/uploads\/2024\/03\/IMG_6286-scaled.jpg 1884w\" sizes=\"auto, (max-width: 221px) 100vw, 221px\" \/><\/a><a href=\"http:\/\/www.polskismak.nl\/wp-content\/uploads\/2024\/03\/IMG_6284-scaled.jpg\"><img loading=\"lazy\" decoding=\"async\" class=\"alignnone size-medium wp-image-10070\" src=\"http:\/\/www.polskismak.nl\/wp-content\/uploads\/2024\/03\/IMG_6284-240x300.jpg\" alt=\"\" width=\"240\" height=\"300\" srcset=\"https:\/\/www.polskismak.nl\/wp-content\/uploads\/2024\/03\/IMG_6284-240x300.jpg 240w, https:\/\/www.polskismak.nl\/wp-content\/uploads\/2024\/03\/IMG_6284-819x1024.jpg 819w, https:\/\/www.polskismak.nl\/wp-content\/uploads\/2024\/03\/IMG_6284-768x960.jpg 768w, https:\/\/www.polskismak.nl\/wp-content\/uploads\/2024\/03\/IMG_6284-1229x1536.jpg 1229w, https:\/\/www.polskismak.nl\/wp-content\/uploads\/2024\/03\/IMG_6284-1638x2048.jpg 1638w, https:\/\/www.polskismak.nl\/wp-content\/uploads\/2024\/03\/IMG_6284-1200x1500.jpg 1200w, https:\/\/www.polskismak.nl\/wp-content\/uploads\/2024\/03\/IMG_6284-564x705.jpg 564w, https:\/\/www.polskismak.nl\/wp-content\/uploads\/2024\/03\/IMG_6284-450x563.jpg 450w, https:\/\/www.polskismak.nl\/wp-content\/uploads\/2024\/03\/IMG_6284-600x750.jpg 600w, https:\/\/www.polskismak.nl\/wp-content\/uploads\/2024\/03\/IMG_6284-scaled.jpg 2048w\" sizes=\"auto, (max-width: 240px) 100vw, 240px\" \/><\/a><a href=\"http:\/\/www.polskismak.nl\/wp-content\/uploads\/2024\/03\/IMG_6287-scaled.jpg\"><img loading=\"lazy\" decoding=\"async\" class=\"alignnone size-medium wp-image-10068\" src=\"http:\/\/www.polskismak.nl\/wp-content\/uploads\/2024\/03\/IMG_6287-218x300.jpg\" alt=\"\" width=\"218\" height=\"300\" srcset=\"https:\/\/www.polskismak.nl\/wp-content\/uploads\/2024\/03\/IMG_6287-218x300.jpg 218w, https:\/\/www.polskismak.nl\/wp-content\/uploads\/2024\/03\/IMG_6287-744x1024.jpg 744w, https:\/\/www.polskismak.nl\/wp-content\/uploads\/2024\/03\/IMG_6287-768x1056.jpg 768w, https:\/\/www.polskismak.nl\/wp-content\/uploads\/2024\/03\/IMG_6287-1117x1536.jpg 1117w, https:\/\/www.polskismak.nl\/wp-content\/uploads\/2024\/03\/IMG_6287-1489x2048.jpg 1489w, https:\/\/www.polskismak.nl\/wp-content\/uploads\/2024\/03\/IMG_6287-1091x1500.jpg 1091w, https:\/\/www.polskismak.nl\/wp-content\/uploads\/2024\/03\/IMG_6287-513x705.jpg 513w, https:\/\/www.polskismak.nl\/wp-content\/uploads\/2024\/03\/IMG_6287-450x619.jpg 450w, https:\/\/www.polskismak.nl\/wp-content\/uploads\/2024\/03\/IMG_6287-600x825.jpg 600w, https:\/\/www.polskismak.nl\/wp-content\/uploads\/2024\/03\/IMG_6287-scaled.jpg 1861w\" sizes=\"auto, (max-width: 218px) 100vw, 218px\" \/><\/a><a href=\"http:\/\/www.polskismak.nl\/wp-content\/uploads\/2024\/03\/IMG_6288-scaled.jpg\"><img loading=\"lazy\" decoding=\"async\" class=\"alignnone size-medium wp-image-10069\" src=\"http:\/\/www.polskismak.nl\/wp-content\/uploads\/2024\/03\/IMG_6288-237x300.jpg\" alt=\"\" width=\"237\" height=\"300\" srcset=\"https:\/\/www.polskismak.nl\/wp-content\/uploads\/2024\/03\/IMG_6288-237x300.jpg 237w, https:\/\/www.polskismak.nl\/wp-content\/uploads\/2024\/03\/IMG_6288-809x1024.jpg 809w, https:\/\/www.polskismak.nl\/wp-content\/uploads\/2024\/03\/IMG_6288-768x972.jpg 768w, https:\/\/www.polskismak.nl\/wp-content\/uploads\/2024\/03\/IMG_6288-1214x1536.jpg 1214w, https:\/\/www.polskismak.nl\/wp-content\/uploads\/2024\/03\/IMG_6288-1619x2048.jpg 1619w, https:\/\/www.polskismak.nl\/wp-content\/uploads\/2024\/03\/IMG_6288-1186x1500.jpg 1186w, https:\/\/www.polskismak.nl\/wp-content\/uploads\/2024\/03\/IMG_6288-557x705.jpg 557w, https:\/\/www.polskismak.nl\/wp-content\/uploads\/2024\/03\/IMG_6288-450x569.jpg 450w, https:\/\/www.polskismak.nl\/wp-content\/uploads\/2024\/03\/IMG_6288-600x759.jpg 600w, https:\/\/www.polskismak.nl\/wp-content\/uploads\/2024\/03\/IMG_6288-scaled.jpg 2024w\" sizes=\"auto, (max-width: 237px) 100vw, 237px\" \/><\/a>[:nl]<a href=\"http:\/\/www.polskismak.nl\/wp-content\/uploads\/2024\/03\/IMG_6286-scaled.jpg\"><img loading=\"lazy\" decoding=\"async\" class=\"alignnone size-medium wp-image-10071\" src=\"http:\/\/www.polskismak.nl\/wp-content\/uploads\/2024\/03\/IMG_6286-221x300.jpg\" alt=\"\" width=\"221\" height=\"300\" srcset=\"https:\/\/www.polskismak.nl\/wp-content\/uploads\/2024\/03\/IMG_6286-221x300.jpg 221w, https:\/\/www.polskismak.nl\/wp-content\/uploads\/2024\/03\/IMG_6286-753x1024.jpg 753w, https:\/\/www.polskismak.nl\/wp-content\/uploads\/2024\/03\/IMG_6286-768x1044.jpg 768w, https:\/\/www.polskismak.nl\/wp-content\/uploads\/2024\/03\/IMG_6286-1130x1536.jpg 1130w, https:\/\/www.polskismak.nl\/wp-content\/uploads\/2024\/03\/IMG_6286-1507x2048.jpg 1507w, https:\/\/www.polskismak.nl\/wp-content\/uploads\/2024\/03\/IMG_6286-1104x1500.jpg 1104w, https:\/\/www.polskismak.nl\/wp-content\/uploads\/2024\/03\/IMG_6286-519x705.jpg 519w, https:\/\/www.polskismak.nl\/wp-content\/uploads\/2024\/03\/IMG_6286-450x612.jpg 450w, https:\/\/www.polskismak.nl\/wp-content\/uploads\/2024\/03\/IMG_6286-600x815.jpg 600w, https:\/\/www.polskismak.nl\/wp-content\/uploads\/2024\/03\/IMG_6286-scaled.jpg 1884w\" sizes=\"auto, (max-width: 221px) 100vw, 221px\" \/><\/a><a href=\"http:\/\/www.polskismak.nl\/wp-content\/uploads\/2024\/03\/IMG_6284-scaled.jpg\"><img loading=\"lazy\" decoding=\"async\" class=\"alignnone size-medium wp-image-10070\" src=\"http:\/\/www.polskismak.nl\/wp-content\/uploads\/2024\/03\/IMG_6284-240x300.jpg\" alt=\"\" width=\"240\" height=\"300\" srcset=\"https:\/\/www.polskismak.nl\/wp-content\/uploads\/2024\/03\/IMG_6284-240x300.jpg 240w, https:\/\/www.polskismak.nl\/wp-content\/uploads\/2024\/03\/IMG_6284-819x1024.jpg 819w, https:\/\/www.polskismak.nl\/wp-content\/uploads\/2024\/03\/IMG_6284-768x960.jpg 768w, https:\/\/www.polskismak.nl\/wp-content\/uploads\/2024\/03\/IMG_6284-1229x1536.jpg 1229w, https:\/\/www.polskismak.nl\/wp-content\/uploads\/2024\/03\/IMG_6284-1638x2048.jpg 1638w, https:\/\/www.polskismak.nl\/wp-content\/uploads\/2024\/03\/IMG_6284-1200x1500.jpg 1200w, https:\/\/www.polskismak.nl\/wp-content\/uploads\/2024\/03\/IMG_6284-564x705.jpg 564w, https:\/\/www.polskismak.nl\/wp-content\/uploads\/2024\/03\/IMG_6284-450x563.jpg 450w, https:\/\/www.polskismak.nl\/wp-content\/uploads\/2024\/03\/IMG_6284-600x750.jpg 600w, https:\/\/www.polskismak.nl\/wp-content\/uploads\/2024\/03\/IMG_6284-scaled.jpg 2048w\" sizes=\"auto, (max-width: 240px) 100vw, 240px\" \/><\/a><a href=\"http:\/\/www.polskismak.nl\/wp-content\/uploads\/2024\/03\/IMG_6288-scaled.jpg\"><img loading=\"lazy\" decoding=\"async\" class=\"alignnone size-medium wp-image-10069\" src=\"http:\/\/www.polskismak.nl\/wp-content\/uploads\/2024\/03\/IMG_6288-237x300.jpg\" alt=\"\" width=\"237\" height=\"300\" srcset=\"https:\/\/www.polskismak.nl\/wp-content\/uploads\/2024\/03\/IMG_6288-237x300.jpg 237w, https:\/\/www.polskismak.nl\/wp-content\/uploads\/2024\/03\/IMG_6288-809x1024.jpg 809w, https:\/\/www.polskismak.nl\/wp-content\/uploads\/2024\/03\/IMG_6288-768x972.jpg 768w, https:\/\/www.polskismak.nl\/wp-content\/uploads\/2024\/03\/IMG_6288-1214x1536.jpg 1214w, https:\/\/www.polskismak.nl\/wp-content\/uploads\/2024\/03\/IMG_6288-1619x2048.jpg 1619w, https:\/\/www.polskismak.nl\/wp-content\/uploads\/2024\/03\/IMG_6288-1186x1500.jpg 1186w, https:\/\/www.polskismak.nl\/wp-content\/uploads\/2024\/03\/IMG_6288-557x705.jpg 557w, https:\/\/www.polskismak.nl\/wp-content\/uploads\/2024\/03\/IMG_6288-450x569.jpg 450w, https:\/\/www.polskismak.nl\/wp-content\/uploads\/2024\/03\/IMG_6288-600x759.jpg 600w, https:\/\/www.polskismak.nl\/wp-content\/uploads\/2024\/03\/IMG_6288-scaled.jpg 2024w\" sizes=\"auto, (max-width: 237px) 100vw, 237px\" \/><\/a><a href=\"http:\/\/www.polskismak.nl\/wp-content\/uploads\/2024\/03\/IMG_6287-scaled.jpg\"><img loading=\"lazy\" decoding=\"async\" class=\"alignnone size-medium wp-image-10068\" src=\"http:\/\/www.polskismak.nl\/wp-content\/uploads\/2024\/03\/IMG_6287-218x300.jpg\" alt=\"\" width=\"218\" height=\"300\" srcset=\"https:\/\/www.polskismak.nl\/wp-content\/uploads\/2024\/03\/IMG_6287-218x300.jpg 218w, https:\/\/www.polskismak.nl\/wp-content\/uploads\/2024\/03\/IMG_6287-744x1024.jpg 744w, https:\/\/www.polskismak.nl\/wp-content\/uploads\/2024\/03\/IMG_6287-768x1056.jpg 768w, https:\/\/www.polskismak.nl\/wp-content\/uploads\/2024\/03\/IMG_6287-1117x1536.jpg 1117w, https:\/\/www.polskismak.nl\/wp-content\/uploads\/2024\/03\/IMG_6287-1489x2048.jpg 1489w, https:\/\/www.polskismak.nl\/wp-content\/uploads\/2024\/03\/IMG_6287-1091x1500.jpg 1091w, https:\/\/www.polskismak.nl\/wp-content\/uploads\/2024\/03\/IMG_6287-513x705.jpg 513w, https:\/\/www.polskismak.nl\/wp-content\/uploads\/2024\/03\/IMG_6287-450x619.jpg 450w, https:\/\/www.polskismak.nl\/wp-content\/uploads\/2024\/03\/IMG_6287-600x825.jpg 600w, https:\/\/www.polskismak.nl\/wp-content\/uploads\/2024\/03\/IMG_6287-scaled.jpg 1861w\" sizes=\"auto, (max-width: 218px) 100vw, 218px\" \/><\/a>[:]<\/p>\n","protected":false},"excerpt":{"rendered":"<p>Bake Rolls o smaku:<\/p>\n<p>Sk\u0142ad: m\u0105kka pszenna, dro\u017cd\u017ce, przyprawy, skrobia pszenna, s\u00f3l, cukier, olej s\u0142onecznikowy, m\u0105ka z fasoli<\/p>\n<p>Produkt mo\u017ce zawiera\u0107: mleko, jaja, orzechy pekan, pistacje, migda\u0142y, orzechy ziemne, seler, nasiona sezamu<\/p>\n","protected":false},"featured_media":10071,"template":"","meta":[],"product_brand":[],"product_cat":[108,103],"product_tag":[],"class_list":{"0":"post-10067","1":"product","2":"type-product","3":"status-publish","4":"has-post-thumbnail","6":"product_cat-slone-przekaski-i-chipsy","7":"product_cat-slodycze-i-przekaski","9":"first","10":"instock","11":"taxable","12":"shipping-taxable","13":"purchasable","14":"product-type-simple"},"_links":{"self":[{"href":"https:\/\/www.polskismak.nl\/index.php\/wp-json\/wp\/v2\/product\/10067","targetHints":{"allow":["GET"]}}],"collection":[{"href":"https:\/\/www.polskismak.nl\/index.php\/wp-json\/wp\/v2\/product"}],"about":[{"href":"https:\/\/www.polskismak.nl\/index.php\/wp-json\/wp\/v2\/types\/product"}],"wp:featuredmedia":[{"embeddable":true,"href":"https:\/\/www.polskismak.nl\/index.php\/wp-json\/wp\/v2\/media\/10071"}],"wp:attachment":[{"href":"https:\/\/www.polskismak.nl\/index.php\/wp-json\/wp\/v2\/media?parent=10067"}],"wp:term":[{"taxonomy":"product_brand","embeddable":true,"href":"https:\/\/www.polskismak.nl\/index.php\/wp-json\/wp\/v2\/product_brand?post=10067"},{"taxonomy":"product_cat","embeddable":true,"href":"https:\/\/www.polskismak.nl\/index.php\/wp-json\/wp\/v2\/product_cat?post=10067"},{"taxonomy":"product_tag","embeddable":true,"href":"https:\/\/www.polskismak.nl\/index.php\/wp-json\/wp\/v2\/product_tag?post=10067"}],"curies":[{"name":"wp","href":"https:\/\/api.w.org\/{rel}","templated":true}]}}