{"id":10084,"date":"2024-03-17T13:43:39","date_gmt":"2024-03-17T13:43:39","guid":{"rendered":"https:\/\/www.polskismak.nl\/?post_type=product&#038;p=10084"},"modified":"2024-07-04T13:33:35","modified_gmt":"2024-07-04T13:33:35","slug":"napoj-o-smaku-kwasu-chlebowego-1l","status":"publish","type":"product","link":"https:\/\/www.polskismak.nl\/index.php\/product\/napoj-o-smaku-kwasu-chlebowego-1l\/","title":{"rendered":"Nap\u00f3j o smaku kwasu chlebowego  1l"},"content":{"rendered":"<p>[:pl]Sk\u0142ad: woda, cukier, dwutlenek w\u0119gla, <strong>ekstrakt s\u0142odu j\u0119czmiennego<\/strong>, regulator kwasowo\u015bci, kwas cytrynowy, substancje konserwuj\u0105ce: sorbinian potasu, benzoesan sodu, aromat,[:nl]Ingredi\u00ebnten: water, suiker, kooldioxide, gerstemoutextract, zuurteregelaar, citroenzuur, conserveermiddelen: kaliumsorbaat, natriumbenzoaat, aroma,[:]<\/p>\n","protected":false},"excerpt":{"rendered":"<p>[:pl]Sk\u0142ad: woda, cukier, dwutlenek w\u0119gla, ekstrakt s\u0142odu j\u0119czmiennego, regulator kwasowo\u015bci, kwas cytrynowy, substancje konserwuj\u0105ce: sorbinian potasu, benzoesan sodu, aromat,[:nl]Ingredi\u00ebnten: water, suiker, kooldioxide, gerstemoutextract, zuurteregelaar, citroenzuur, conserveermiddelen: kaliumsorbaat, natriumbenzoaat, aroma,[:]<\/p>\n","protected":false},"featured_media":10087,"template":"","meta":[],"product_brand":[],"product_cat":[130,131],"product_tag":[],"class_list":{"0":"post-10084","1":"product","2":"type-product","3":"status-publish","4":"has-post-thumbnail","6":"product_cat-napoje","7":"product_cat-napoje-napoje","9":"first","10":"instock","11":"taxable","12":"shipping-taxable","13":"purchasable","14":"product-type-simple"},"_links":{"self":[{"href":"https:\/\/www.polskismak.nl\/index.php\/wp-json\/wp\/v2\/product\/10084","targetHints":{"allow":["GET"]}}],"collection":[{"href":"https:\/\/www.polskismak.nl\/index.php\/wp-json\/wp\/v2\/product"}],"about":[{"href":"https:\/\/www.polskismak.nl\/index.php\/wp-json\/wp\/v2\/types\/product"}],"wp:featuredmedia":[{"embeddable":true,"href":"https:\/\/www.polskismak.nl\/index.php\/wp-json\/wp\/v2\/media\/10087"}],"wp:attachment":[{"href":"https:\/\/www.polskismak.nl\/index.php\/wp-json\/wp\/v2\/media?parent=10084"}],"wp:term":[{"taxonomy":"product_brand","embeddable":true,"href":"https:\/\/www.polskismak.nl\/index.php\/wp-json\/wp\/v2\/product_brand?post=10084"},{"taxonomy":"product_cat","embeddable":true,"href":"https:\/\/www.polskismak.nl\/index.php\/wp-json\/wp\/v2\/product_cat?post=10084"},{"taxonomy":"product_tag","embeddable":true,"href":"https:\/\/www.polskismak.nl\/index.php\/wp-json\/wp\/v2\/product_tag?post=10084"}],"curies":[{"name":"wp","href":"https:\/\/api.w.org\/{rel}","templated":true}]}}