{"id":10088,"date":"2024-03-17T14:24:11","date_gmt":"2024-03-17T14:24:11","guid":{"rendered":"https:\/\/www.polskismak.nl\/?post_type=product&#038;p=10088"},"modified":"2024-07-04T13:32:08","modified_gmt":"2024-07-04T13:32:08","slug":"kwas-obolon","status":"publish","type":"product","link":"https:\/\/www.polskismak.nl\/index.php\/product\/kwas-obolon\/","title":{"rendered":"Kwas OBOLON"},"content":{"rendered":"<p>[:pl]Sk\u0142ad: woda, cukier bia\u0142y, dwutlenek w\u0119gla, brzeczka zbo\u017cowa (m\u0105ka pszenna, m\u0105ka j\u0119czmienna, s\u0142\u00f3d j\u0119czmienny), kwas cytrynowy, barwnik &#8222;Karmel&#8221;, substancje konserwuj\u0105ce: sorbinian potasu, aromat &#8222;s\u0142\u00f3d&#8221;[:nl]Ingredi\u00ebnten: water, suiker, kooldioxide, gerstemoutextract, zuurteregelaar, citroenzuur, tarwemeel, gerstemeel, gerstemout conserveermiddelen: kaliumsorbaat, natriumbenzoaat, aroma,[:]<\/p>\n","protected":false},"excerpt":{"rendered":"<p>[:pl]Sk\u0142ad: woda, cukier bia\u0142y, dwutlenek w\u0119gla, brzeczka zbo\u017cowa (m\u0105ka pszenna, m\u0105ka j\u0119czmienna, s\u0142\u00f3d j\u0119czmienny), kwas cytrynowy, barwnik &#8222;Karmel&#8221;, substancje konserwuj\u0105ce: sorbinian potasu, aromat &#8222;s\u0142\u00f3d&#8221;[:nl]Ingredi\u00ebnten: water, suiker, kooldioxide, gerstemoutextract, zuurteregelaar, citroenzuur, tarwemeel, gerstemeel, gerstemout conserveermiddelen: kaliumsorbaat, natriumbenzoaat, aroma,[:]<\/p>\n","protected":false},"featured_media":0,"template":"","meta":[],"product_brand":[],"product_cat":[131,130],"product_tag":[],"class_list":{"0":"post-10088","1":"product","2":"type-product","3":"status-publish","5":"product_cat-napoje-napoje","6":"product_cat-napoje","8":"first","9":"instock","10":"taxable","11":"shipping-taxable","12":"purchasable","13":"product-type-simple"},"_links":{"self":[{"href":"https:\/\/www.polskismak.nl\/index.php\/wp-json\/wp\/v2\/product\/10088","targetHints":{"allow":["GET"]}}],"collection":[{"href":"https:\/\/www.polskismak.nl\/index.php\/wp-json\/wp\/v2\/product"}],"about":[{"href":"https:\/\/www.polskismak.nl\/index.php\/wp-json\/wp\/v2\/types\/product"}],"wp:attachment":[{"href":"https:\/\/www.polskismak.nl\/index.php\/wp-json\/wp\/v2\/media?parent=10088"}],"wp:term":[{"taxonomy":"product_brand","embeddable":true,"href":"https:\/\/www.polskismak.nl\/index.php\/wp-json\/wp\/v2\/product_brand?post=10088"},{"taxonomy":"product_cat","embeddable":true,"href":"https:\/\/www.polskismak.nl\/index.php\/wp-json\/wp\/v2\/product_cat?post=10088"},{"taxonomy":"product_tag","embeddable":true,"href":"https:\/\/www.polskismak.nl\/index.php\/wp-json\/wp\/v2\/product_tag?post=10088"}],"curies":[{"name":"wp","href":"https:\/\/api.w.org\/{rel}","templated":true}]}}