{"id":10101,"date":"2024-04-09T09:52:18","date_gmt":"2024-04-09T09:52:18","guid":{"rendered":"https:\/\/www.polskismak.nl\/?post_type=product&#038;p=10101"},"modified":"2024-07-04T13:27:51","modified_gmt":"2024-07-04T13:27:51","slug":"lajkonik-precelki","status":"publish","type":"product","link":"https:\/\/www.polskismak.nl\/index.php\/product\/lajkonik-precelki\/","title":{"rendered":"Lajkonik Precelki"},"content":{"rendered":"<p>[:pl]M\u0105ka\u00a0<b><u>pszenna<\/u><\/b>, olej rzepakowy (5 %), s\u00f3l, s\u00f3l morska, regulator kwasowo\u015bci: wodorotlenek sodu, dro\u017cd\u017ce,<b><u>\u00a0j\u0119czmienny<\/u><\/b>\u00a0ekstrakt s\u0142odowy, substancja spulchniaj\u0105ca: wodorow\u0119glan sodu.<b>\u00a0Mo\u017ce zawiera\u0107 sezam, mleko i\u00a0jaja.<\/b><\/p>\n<p>Waga: 130 g[:nl]Tarwebloem, koolzaadolie (5%), zout, zeezout, zuurteregelaar: natriumhydroxide, gist, gerstemoutextract, rijsmiddel: natriumbicarbonaat.<strong> Kan sesam, melk en eieren bevatten.<\/strong><\/p>\n<p>Gewight: 130g[:]<\/p>\n","protected":false},"excerpt":{"rendered":"<p>[:pl]M\u0105ka\u00a0pszenna, olej rzepakowy (5 %), s\u00f3l, s\u00f3l morska, regulator kwasowo\u015bci: wodorotlenek sodu, dro\u017cd\u017ce,\u00a0j\u0119czmienny\u00a0ekstrakt s\u0142odowy, substancja spulchniaj\u0105ca: wodorow\u0119glan sodu.\u00a0Mo\u017ce zawiera\u0107 sezam, mleko i\u00a0jaja. Waga: 130 g[:nl]Tarwebloem, koolzaadolie (5%), zout, zeezout, zuurteregelaar: natriumhydroxide, gist, gerstemoutextract, rijsmiddel: natriumbicarbonaat. Kan sesam, melk en eieren bevatten. Gewight: 130g[:]<\/p>\n","protected":false},"featured_media":10099,"template":"","meta":[],"product_brand":[],"product_cat":[108,103],"product_tag":[],"class_list":{"0":"post-10101","1":"product","2":"type-product","3":"status-publish","4":"has-post-thumbnail","6":"product_cat-slone-przekaski-i-chipsy","7":"product_cat-slodycze-i-przekaski","9":"first","10":"instock","11":"taxable","12":"shipping-taxable","13":"purchasable","14":"product-type-simple"},"_links":{"self":[{"href":"https:\/\/www.polskismak.nl\/index.php\/wp-json\/wp\/v2\/product\/10101","targetHints":{"allow":["GET"]}}],"collection":[{"href":"https:\/\/www.polskismak.nl\/index.php\/wp-json\/wp\/v2\/product"}],"about":[{"href":"https:\/\/www.polskismak.nl\/index.php\/wp-json\/wp\/v2\/types\/product"}],"wp:featuredmedia":[{"embeddable":true,"href":"https:\/\/www.polskismak.nl\/index.php\/wp-json\/wp\/v2\/media\/10099"}],"wp:attachment":[{"href":"https:\/\/www.polskismak.nl\/index.php\/wp-json\/wp\/v2\/media?parent=10101"}],"wp:term":[{"taxonomy":"product_brand","embeddable":true,"href":"https:\/\/www.polskismak.nl\/index.php\/wp-json\/wp\/v2\/product_brand?post=10101"},{"taxonomy":"product_cat","embeddable":true,"href":"https:\/\/www.polskismak.nl\/index.php\/wp-json\/wp\/v2\/product_cat?post=10101"},{"taxonomy":"product_tag","embeddable":true,"href":"https:\/\/www.polskismak.nl\/index.php\/wp-json\/wp\/v2\/product_tag?post=10101"}],"curies":[{"name":"wp","href":"https:\/\/api.w.org\/{rel}","templated":true}]}}