{"id":10102,"date":"2024-04-09T09:56:47","date_gmt":"2024-04-09T09:56:47","guid":{"rendered":"https:\/\/www.polskismak.nl\/?post_type=product&#038;p=10102"},"modified":"2025-01-29T11:52:54","modified_gmt":"2025-01-29T11:52:54","slug":"lajkonik-paluszki","status":"publish","type":"product","link":"https:\/\/www.polskismak.nl\/index.php\/product\/lajkonik-paluszki\/","title":{"rendered":"Lajkonik Paluszki"},"content":{"rendered":"<p>[:pl]M\u0105ka\u00a0<b><u>pszenna<\/u><\/b>, s\u00f3l, olej rzepakowy (2,6 %), dro\u017cd\u017ce, regulator kwasowo\u015bci: wodorotlenek sodu,\u00a0<b><u>j\u0119czmienny<\/u><\/b>\u00a0ekstrakt s\u0142odowy, substancja spulchniaj\u0105ca: wodorow\u0119glan amonu.\u00a0<b>Mo\u017ce zawiera\u0107 sezam.<\/b><\/p>\n<p>Waga: 300 g (z dostaw\u0105 310g)[:nl]Tarwebloem, zout, koolzaadolie (2,6%), gist, zuurteregelaar: natriumhydroxide, gerstemoutextract, rijsmiddel: ammoniumbicarbonaat. Kan sesam bevatten.<\/p>\n<p>Gewicht: 300 g (bij levering 310 g)[:]<\/p>\n","protected":false},"excerpt":{"rendered":"<p>[:pl]M\u0105ka\u00a0pszenna, s\u00f3l, olej rzepakowy (2,6 %), dro\u017cd\u017ce, regulator kwasowo\u015bci: wodorotlenek sodu,\u00a0j\u0119czmienny\u00a0ekstrakt s\u0142odowy, substancja spulchniaj\u0105ca: wodorow\u0119glan amonu.\u00a0Mo\u017ce zawiera\u0107 sezam. Waga: 300 g (z dostaw\u0105 310g)[:nl]Tarwebloem, zout, koolzaadolie (2,6%), gist, zuurteregelaar: natriumhydroxide, gerstemoutextract, rijsmiddel: ammoniumbicarbonaat. Kan sesam bevatten. Gewicht: 300 g (bij levering 310 g)[:]<\/p>\n","protected":false},"featured_media":10100,"template":"","meta":[],"product_brand":[],"product_cat":[108,103],"product_tag":[],"class_list":{"0":"post-10102","1":"product","2":"type-product","3":"status-publish","4":"has-post-thumbnail","6":"product_cat-slone-przekaski-i-chipsy","7":"product_cat-slodycze-i-przekaski","9":"first","10":"instock","11":"taxable","12":"shipping-taxable","13":"purchasable","14":"product-type-simple"},"_links":{"self":[{"href":"https:\/\/www.polskismak.nl\/index.php\/wp-json\/wp\/v2\/product\/10102","targetHints":{"allow":["GET"]}}],"collection":[{"href":"https:\/\/www.polskismak.nl\/index.php\/wp-json\/wp\/v2\/product"}],"about":[{"href":"https:\/\/www.polskismak.nl\/index.php\/wp-json\/wp\/v2\/types\/product"}],"wp:featuredmedia":[{"embeddable":true,"href":"https:\/\/www.polskismak.nl\/index.php\/wp-json\/wp\/v2\/media\/10100"}],"wp:attachment":[{"href":"https:\/\/www.polskismak.nl\/index.php\/wp-json\/wp\/v2\/media?parent=10102"}],"wp:term":[{"taxonomy":"product_brand","embeddable":true,"href":"https:\/\/www.polskismak.nl\/index.php\/wp-json\/wp\/v2\/product_brand?post=10102"},{"taxonomy":"product_cat","embeddable":true,"href":"https:\/\/www.polskismak.nl\/index.php\/wp-json\/wp\/v2\/product_cat?post=10102"},{"taxonomy":"product_tag","embeddable":true,"href":"https:\/\/www.polskismak.nl\/index.php\/wp-json\/wp\/v2\/product_tag?post=10102"}],"curies":[{"name":"wp","href":"https:\/\/api.w.org\/{rel}","templated":true}]}}