{"id":10104,"date":"2024-04-09T10:10:59","date_gmt":"2024-04-09T10:10:59","guid":{"rendered":"https:\/\/www.polskismak.nl\/?post_type=product&#038;p=10104"},"modified":"2024-07-04T13:25:46","modified_gmt":"2024-07-04T13:25:46","slug":"slonecznik-solony-z-przyprawami","status":"publish","type":"product","link":"https:\/\/www.polskismak.nl\/index.php\/product\/slonecznik-solony-z-przyprawami\/","title":{"rendered":"S\u0142onecznik solony z przyprawami"},"content":{"rendered":"<p>[:pl]S\u0142onecznik pra\u017cony<\/p>\n<ul>\n<li>normalny<\/li>\n<li>z przyprawami<\/li>\n<\/ul>\n<p>Waga: 150 g (155g z dostaw\u0105)<\/p>\n<p><a href=\"http:\/\/www.polskismak.nl\/wp-content\/uploads\/2024\/04\/IMG_6279-scaled.jpg\"><img loading=\"lazy\" decoding=\"async\" class=\"alignnone size-medium wp-image-10098\" src=\"http:\/\/www.polskismak.nl\/wp-content\/uploads\/2024\/04\/IMG_6279-200x300.jpg\" alt=\"\" width=\"200\" height=\"300\" srcset=\"https:\/\/www.polskismak.nl\/wp-content\/uploads\/2024\/04\/IMG_6279-200x300.jpg 200w, https:\/\/www.polskismak.nl\/wp-content\/uploads\/2024\/04\/IMG_6279-683x1024.jpg 683w, https:\/\/www.polskismak.nl\/wp-content\/uploads\/2024\/04\/IMG_6279-768x1152.jpg 768w, https:\/\/www.polskismak.nl\/wp-content\/uploads\/2024\/04\/IMG_6279-1024x1536.jpg 1024w, https:\/\/www.polskismak.nl\/wp-content\/uploads\/2024\/04\/IMG_6279-1365x2048.jpg 1365w, https:\/\/www.polskismak.nl\/wp-content\/uploads\/2024\/04\/IMG_6279-1000x1500.jpg 1000w, https:\/\/www.polskismak.nl\/wp-content\/uploads\/2024\/04\/IMG_6279-470x705.jpg 470w, https:\/\/www.polskismak.nl\/wp-content\/uploads\/2024\/04\/IMG_6279-450x675.jpg 450w, https:\/\/www.polskismak.nl\/wp-content\/uploads\/2024\/04\/IMG_6279-600x900.jpg 600w, https:\/\/www.polskismak.nl\/wp-content\/uploads\/2024\/04\/IMG_6279-scaled.jpg 1707w\" sizes=\"auto, (max-width: 200px) 100vw, 200px\" \/><\/a><a href=\"http:\/\/www.polskismak.nl\/wp-content\/uploads\/2024\/04\/IMG_6278-scaled.jpg\"><img loading=\"lazy\" decoding=\"async\" class=\"alignnone size-medium wp-image-10097\" src=\"http:\/\/www.polskismak.nl\/wp-content\/uploads\/2024\/04\/IMG_6278-200x300.jpg\" alt=\"\" width=\"200\" height=\"300\" srcset=\"https:\/\/www.polskismak.nl\/wp-content\/uploads\/2024\/04\/IMG_6278-200x300.jpg 200w, https:\/\/www.polskismak.nl\/wp-content\/uploads\/2024\/04\/IMG_6278-683x1024.jpg 683w, https:\/\/www.polskismak.nl\/wp-content\/uploads\/2024\/04\/IMG_6278-768x1152.jpg 768w, https:\/\/www.polskismak.nl\/wp-content\/uploads\/2024\/04\/IMG_6278-scaled.jpg 1707w\" sizes=\"auto, (max-width: 200px) 100vw, 200px\" \/><\/a>[:nl]Geroosterde zonnebloempitten<\/p>\n<p>normaal<br \/>\nmet kruiden<\/p>\n<p>Gewicht: 150 g (155 g bij levering)<\/p>\n<p><a href=\"http:\/\/www.polskismak.nl\/wp-content\/uploads\/2024\/04\/IMG_6279-scaled.jpg\"><img loading=\"lazy\" decoding=\"async\" class=\"alignnone size-medium wp-image-10098\" src=\"http:\/\/www.polskismak.nl\/wp-content\/uploads\/2024\/04\/IMG_6279-200x300.jpg\" alt=\"\" width=\"200\" height=\"300\" srcset=\"https:\/\/www.polskismak.nl\/wp-content\/uploads\/2024\/04\/IMG_6279-200x300.jpg 200w, https:\/\/www.polskismak.nl\/wp-content\/uploads\/2024\/04\/IMG_6279-683x1024.jpg 683w, https:\/\/www.polskismak.nl\/wp-content\/uploads\/2024\/04\/IMG_6279-768x1152.jpg 768w, https:\/\/www.polskismak.nl\/wp-content\/uploads\/2024\/04\/IMG_6279-1024x1536.jpg 1024w, https:\/\/www.polskismak.nl\/wp-content\/uploads\/2024\/04\/IMG_6279-1365x2048.jpg 1365w, https:\/\/www.polskismak.nl\/wp-content\/uploads\/2024\/04\/IMG_6279-1000x1500.jpg 1000w, https:\/\/www.polskismak.nl\/wp-content\/uploads\/2024\/04\/IMG_6279-470x705.jpg 470w, https:\/\/www.polskismak.nl\/wp-content\/uploads\/2024\/04\/IMG_6279-450x675.jpg 450w, https:\/\/www.polskismak.nl\/wp-content\/uploads\/2024\/04\/IMG_6279-600x900.jpg 600w, https:\/\/www.polskismak.nl\/wp-content\/uploads\/2024\/04\/IMG_6279-scaled.jpg 1707w\" sizes=\"auto, (max-width: 200px) 100vw, 200px\" \/><\/a><a href=\"http:\/\/www.polskismak.nl\/wp-content\/uploads\/2024\/04\/IMG_6278-scaled.jpg\"><img loading=\"lazy\" decoding=\"async\" class=\"alignnone size-medium wp-image-10097\" src=\"http:\/\/www.polskismak.nl\/wp-content\/uploads\/2024\/04\/IMG_6278-200x300.jpg\" alt=\"\" width=\"200\" height=\"300\" srcset=\"https:\/\/www.polskismak.nl\/wp-content\/uploads\/2024\/04\/IMG_6278-200x300.jpg 200w, https:\/\/www.polskismak.nl\/wp-content\/uploads\/2024\/04\/IMG_6278-683x1024.jpg 683w, https:\/\/www.polskismak.nl\/wp-content\/uploads\/2024\/04\/IMG_6278-768x1152.jpg 768w, https:\/\/www.polskismak.nl\/wp-content\/uploads\/2024\/04\/IMG_6278-scaled.jpg 1707w\" sizes=\"auto, (max-width: 200px) 100vw, 200px\" \/><\/a>[:]<\/p>\n","protected":false},"excerpt":{"rendered":"<p>[:pl]S\u0142onecznik pra\u017cony normalny z przyprawami Waga: 150 g (155g z dostaw\u0105) [:nl]Geroosterde zonnebloempitten normaal met kruiden Gewicht: 150 g (155 g bij levering) [:]<\/p>\n","protected":false},"featured_media":10098,"template":"","meta":[],"product_brand":[],"product_cat":[108,103],"product_tag":[],"class_list":{"0":"post-10104","1":"product","2":"type-product","3":"status-publish","4":"has-post-thumbnail","6":"product_cat-slone-przekaski-i-chipsy","7":"product_cat-slodycze-i-przekaski","9":"first","10":"instock","11":"taxable","12":"shipping-taxable","13":"purchasable","14":"product-type-simple"},"_links":{"self":[{"href":"https:\/\/www.polskismak.nl\/index.php\/wp-json\/wp\/v2\/product\/10104","targetHints":{"allow":["GET"]}}],"collection":[{"href":"https:\/\/www.polskismak.nl\/index.php\/wp-json\/wp\/v2\/product"}],"about":[{"href":"https:\/\/www.polskismak.nl\/index.php\/wp-json\/wp\/v2\/types\/product"}],"wp:featuredmedia":[{"embeddable":true,"href":"https:\/\/www.polskismak.nl\/index.php\/wp-json\/wp\/v2\/media\/10098"}],"wp:attachment":[{"href":"https:\/\/www.polskismak.nl\/index.php\/wp-json\/wp\/v2\/media?parent=10104"}],"wp:term":[{"taxonomy":"product_brand","embeddable":true,"href":"https:\/\/www.polskismak.nl\/index.php\/wp-json\/wp\/v2\/product_brand?post=10104"},{"taxonomy":"product_cat","embeddable":true,"href":"https:\/\/www.polskismak.nl\/index.php\/wp-json\/wp\/v2\/product_cat?post=10104"},{"taxonomy":"product_tag","embeddable":true,"href":"https:\/\/www.polskismak.nl\/index.php\/wp-json\/wp\/v2\/product_tag?post=10104"}],"curies":[{"name":"wp","href":"https:\/\/api.w.org\/{rel}","templated":true}]}}