{"id":10105,"date":"2024-04-09T10:23:00","date_gmt":"2024-04-09T10:23:00","guid":{"rendered":"https:\/\/www.polskismak.nl\/?post_type=product&#038;p=10105"},"modified":"2025-01-29T11:52:28","modified_gmt":"2025-01-29T11:52:28","slug":"san-bieszczadzkie-suchary","status":"publish","type":"product","link":"https:\/\/www.polskismak.nl\/index.php\/product\/san-bieszczadzkie-suchary\/","title":{"rendered":"San Bieszczadzkie suchary"},"content":{"rendered":"<p>[:pl]Sk\u0142adniki:\u00a0<b>m\u0105ka pszenna, m\u0105ka \u017cytnia, syrop glukozowo-fruktozowy, ekstrakt s\u0142odowy j\u0119czmienny, olej palmowy, cukier, kminek, s\u00f3l, substancja spulchniaj\u0105ca (w\u0119glany amonu), dro\u017cd\u017ce suszone<\/b>.[:nl]Ingredi\u00ebnten: tarwebloem, roggemeel, glucose-fructosestroop, gerstemoutextract, palmolie, suiker, komijn, zout, rijsmiddel (ammoniumcarbonaten), gedroogde gist.[:]<\/p>\n","protected":false},"excerpt":{"rendered":"<p>[:pl]Sk\u0142adniki:\u00a0m\u0105ka pszenna, m\u0105ka \u017cytnia, syrop glukozowo-fruktozowy, ekstrakt s\u0142odowy j\u0119czmienny, olej palmowy, cukier, kminek, s\u00f3l, substancja spulchniaj\u0105ca (w\u0119glany amonu), dro\u017cd\u017ce suszone.[:nl]Ingredi\u00ebnten: tarwebloem, roggemeel, glucose-fructosestroop, gerstemoutextract, palmolie, suiker, komijn, zout, rijsmiddel (ammoniumcarbonaten), gedroogde gist.[:]<\/p>\n","protected":false},"featured_media":0,"template":"","meta":[],"product_brand":[],"product_cat":[108,103],"product_tag":[],"class_list":{"0":"post-10105","1":"product","2":"type-product","3":"status-publish","5":"product_cat-slone-przekaski-i-chipsy","6":"product_cat-slodycze-i-przekaski","8":"first","9":"instock","10":"taxable","11":"shipping-taxable","12":"purchasable","13":"product-type-simple"},"_links":{"self":[{"href":"https:\/\/www.polskismak.nl\/index.php\/wp-json\/wp\/v2\/product\/10105","targetHints":{"allow":["GET"]}}],"collection":[{"href":"https:\/\/www.polskismak.nl\/index.php\/wp-json\/wp\/v2\/product"}],"about":[{"href":"https:\/\/www.polskismak.nl\/index.php\/wp-json\/wp\/v2\/types\/product"}],"wp:attachment":[{"href":"https:\/\/www.polskismak.nl\/index.php\/wp-json\/wp\/v2\/media?parent=10105"}],"wp:term":[{"taxonomy":"product_brand","embeddable":true,"href":"https:\/\/www.polskismak.nl\/index.php\/wp-json\/wp\/v2\/product_brand?post=10105"},{"taxonomy":"product_cat","embeddable":true,"href":"https:\/\/www.polskismak.nl\/index.php\/wp-json\/wp\/v2\/product_cat?post=10105"},{"taxonomy":"product_tag","embeddable":true,"href":"https:\/\/www.polskismak.nl\/index.php\/wp-json\/wp\/v2\/product_tag?post=10105"}],"curies":[{"name":"wp","href":"https:\/\/api.w.org\/{rel}","templated":true}]}}