{"id":10109,"date":"2024-04-09T10:41:56","date_gmt":"2024-04-09T10:41:56","guid":{"rendered":"https:\/\/www.polskismak.nl\/?post_type=product&#038;p=10109"},"modified":"2024-07-04T13:17:38","modified_gmt":"2024-07-04T13:17:38","slug":"prazynki-solone-bekon","status":"publish","type":"product","link":"https:\/\/www.polskismak.nl\/index.php\/product\/prazynki-solone-bekon\/","title":{"rendered":"Pra\u017cynki Solone\/Bekon"},"content":{"rendered":"<p>[:pl]Pra\u017cynki solone: Skrobia ziemniaczana (58%), olej s\u0142onecznikowy (28%), ziemniaki w proszku, s\u00f3l (2%), olej rzepakowy.<\/p>\n<p>Pra\u017cynki bekon: m\u0105ka PSZENNA (55%), olej s\u0142onecznikowy (27%), skrobia ziemniaczana, aromat, naturalny, s\u00f3l, substancja spulchniaj\u0105ca: wodorow\u0119glan sodu; dro\u017cd\u017ce, dekstroza w\u0119dzona, ekstrakt z dro\u017cd\u017cy, cebula w proszku, hydrolizowane bia\u0142ko ro\u015blinne, barwniki: kwas karminowy, w\u0119giel ro\u015blinny, ekstrakt z papryki, karoteny, bekon w proszku (0,06%), aromat dymu w\u0119dzarniczego, pieprz bia\u0142y, rozmaryn.<\/p>\n<p>&nbsp;<\/p>\n<p>Waga: 120 g<\/p>\n<p><a href=\"http:\/\/www.polskismak.nl\/wp-content\/uploads\/2024\/04\/IMG_6277-scaled.jpg\"><img loading=\"lazy\" decoding=\"async\" class=\"alignnone size-medium wp-image-10096\" src=\"http:\/\/www.polskismak.nl\/wp-content\/uploads\/2024\/04\/IMG_6277-200x300.jpg\" alt=\"\" width=\"200\" height=\"300\" srcset=\"https:\/\/www.polskismak.nl\/wp-content\/uploads\/2024\/04\/IMG_6277-200x300.jpg 200w, https:\/\/www.polskismak.nl\/wp-content\/uploads\/2024\/04\/IMG_6277-683x1024.jpg 683w, https:\/\/www.polskismak.nl\/wp-content\/uploads\/2024\/04\/IMG_6277-768x1152.jpg 768w, https:\/\/www.polskismak.nl\/wp-content\/uploads\/2024\/04\/IMG_6277-scaled.jpg 1707w\" sizes=\"auto, (max-width: 200px) 100vw, 200px\" \/><\/a><a href=\"http:\/\/www.polskismak.nl\/wp-content\/uploads\/2024\/04\/IMG_6274-scaled.jpg\"><img loading=\"lazy\" decoding=\"async\" class=\"alignnone size-medium wp-image-10093\" src=\"http:\/\/www.polskismak.nl\/wp-content\/uploads\/2024\/04\/IMG_6274-181x300.jpg\" alt=\"\" width=\"181\" height=\"300\" srcset=\"https:\/\/www.polskismak.nl\/wp-content\/uploads\/2024\/04\/IMG_6274-181x300.jpg 181w, https:\/\/www.polskismak.nl\/wp-content\/uploads\/2024\/04\/IMG_6274-617x1024.jpg 617w, https:\/\/www.polskismak.nl\/wp-content\/uploads\/2024\/04\/IMG_6274-768x1274.jpg 768w, https:\/\/www.polskismak.nl\/wp-content\/uploads\/2024\/04\/IMG_6274-926x1536.jpg 926w, https:\/\/www.polskismak.nl\/wp-content\/uploads\/2024\/04\/IMG_6274-1234x2048.jpg 1234w, https:\/\/www.polskismak.nl\/wp-content\/uploads\/2024\/04\/IMG_6274-904x1500.jpg 904w, https:\/\/www.polskismak.nl\/wp-content\/uploads\/2024\/04\/IMG_6274-425x705.jpg 425w, https:\/\/www.polskismak.nl\/wp-content\/uploads\/2024\/04\/IMG_6274-450x747.jpg 450w, https:\/\/www.polskismak.nl\/wp-content\/uploads\/2024\/04\/IMG_6274-600x995.jpg 600w, https:\/\/www.polskismak.nl\/wp-content\/uploads\/2024\/04\/IMG_6274-scaled.jpg 1543w\" sizes=\"auto, (max-width: 181px) 100vw, 181px\" \/><\/a>[:nl]Gezouten soesjes: Aardappelzetmeel (58%), zonnebloemolie (28%), aardappelpoeder, zout (2%), koolzaadolie.<\/p>\n<p>Gepoft spek: TARWEbloem (55%), zonnebloemolie (27%), aardappelzetmeel, aroma, natuurlijk, zout, rijsmiddel: natriumbicarbonaat; gist, gerookte dextrose, gistextract, uienpoeder, gehydrolyseerd plantaardig eiwit, kleurstoffen: karmijnzuur, plantaardige koolstof, paprika-extract, carotenen, spekpoeder (0,06%), rookaroma, witte peper, rozemarijn.<\/p>\n<p>&nbsp;<\/p>\n<p>Gewicht: 120 gram<a href=\"http:\/\/www.polskismak.nl\/wp-content\/uploads\/2024\/04\/IMG_6274-scaled.jpg\"><img loading=\"lazy\" decoding=\"async\" class=\"alignnone size-medium wp-image-10093\" src=\"http:\/\/www.polskismak.nl\/wp-content\/uploads\/2024\/04\/IMG_6274-181x300.jpg\" alt=\"\" width=\"181\" height=\"300\" srcset=\"https:\/\/www.polskismak.nl\/wp-content\/uploads\/2024\/04\/IMG_6274-181x300.jpg 181w, https:\/\/www.polskismak.nl\/wp-content\/uploads\/2024\/04\/IMG_6274-617x1024.jpg 617w, https:\/\/www.polskismak.nl\/wp-content\/uploads\/2024\/04\/IMG_6274-768x1274.jpg 768w, https:\/\/www.polskismak.nl\/wp-content\/uploads\/2024\/04\/IMG_6274-926x1536.jpg 926w, https:\/\/www.polskismak.nl\/wp-content\/uploads\/2024\/04\/IMG_6274-1234x2048.jpg 1234w, https:\/\/www.polskismak.nl\/wp-content\/uploads\/2024\/04\/IMG_6274-904x1500.jpg 904w, https:\/\/www.polskismak.nl\/wp-content\/uploads\/2024\/04\/IMG_6274-425x705.jpg 425w, https:\/\/www.polskismak.nl\/wp-content\/uploads\/2024\/04\/IMG_6274-450x747.jpg 450w, https:\/\/www.polskismak.nl\/wp-content\/uploads\/2024\/04\/IMG_6274-600x995.jpg 600w, https:\/\/www.polskismak.nl\/wp-content\/uploads\/2024\/04\/IMG_6274-scaled.jpg 1543w\" sizes=\"auto, (max-width: 181px) 100vw, 181px\" \/><\/a><a href=\"http:\/\/www.polskismak.nl\/wp-content\/uploads\/2024\/04\/IMG_6277-scaled.jpg\"><img loading=\"lazy\" decoding=\"async\" class=\"alignnone size-medium wp-image-10096\" src=\"http:\/\/www.polskismak.nl\/wp-content\/uploads\/2024\/04\/IMG_6277-200x300.jpg\" alt=\"\" width=\"200\" height=\"300\" srcset=\"https:\/\/www.polskismak.nl\/wp-content\/uploads\/2024\/04\/IMG_6277-200x300.jpg 200w, https:\/\/www.polskismak.nl\/wp-content\/uploads\/2024\/04\/IMG_6277-683x1024.jpg 683w, https:\/\/www.polskismak.nl\/wp-content\/uploads\/2024\/04\/IMG_6277-768x1152.jpg 768w, https:\/\/www.polskismak.nl\/wp-content\/uploads\/2024\/04\/IMG_6277-scaled.jpg 1707w\" sizes=\"auto, (max-width: 200px) 100vw, 200px\" \/><\/a>[:]<\/p>\n","protected":false},"excerpt":{"rendered":"<p>[:pl]Pra\u017cynki solone: Skrobia ziemniaczana (58%), olej s\u0142onecznikowy (28%), ziemniaki w proszku, s\u00f3l (2%), olej rzepakowy. Pra\u017cynki bekon: m\u0105ka PSZENNA (55%), olej s\u0142onecznikowy (27%), skrobia ziemniaczana, aromat, naturalny, s\u00f3l, substancja spulchniaj\u0105ca: wodorow\u0119glan sodu; dro\u017cd\u017ce, dekstroza w\u0119dzona, ekstrakt z dro\u017cd\u017cy, cebula w proszku, hydrolizowane bia\u0142ko ro\u015blinne, barwniki: kwas karminowy, w\u0119giel ro\u015blinny, ekstrakt z papryki, karoteny, bekon w [&hellip;]<\/p>\n","protected":false},"featured_media":10096,"template":"","meta":[],"product_brand":[],"product_cat":[108,103],"product_tag":[],"class_list":{"0":"post-10109","1":"product","2":"type-product","3":"status-publish","4":"has-post-thumbnail","6":"product_cat-slone-przekaski-i-chipsy","7":"product_cat-slodycze-i-przekaski","9":"first","10":"instock","11":"taxable","12":"shipping-taxable","13":"purchasable","14":"product-type-simple"},"_links":{"self":[{"href":"https:\/\/www.polskismak.nl\/index.php\/wp-json\/wp\/v2\/product\/10109","targetHints":{"allow":["GET"]}}],"collection":[{"href":"https:\/\/www.polskismak.nl\/index.php\/wp-json\/wp\/v2\/product"}],"about":[{"href":"https:\/\/www.polskismak.nl\/index.php\/wp-json\/wp\/v2\/types\/product"}],"wp:featuredmedia":[{"embeddable":true,"href":"https:\/\/www.polskismak.nl\/index.php\/wp-json\/wp\/v2\/media\/10096"}],"wp:attachment":[{"href":"https:\/\/www.polskismak.nl\/index.php\/wp-json\/wp\/v2\/media?parent=10109"}],"wp:term":[{"taxonomy":"product_brand","embeddable":true,"href":"https:\/\/www.polskismak.nl\/index.php\/wp-json\/wp\/v2\/product_brand?post=10109"},{"taxonomy":"product_cat","embeddable":true,"href":"https:\/\/www.polskismak.nl\/index.php\/wp-json\/wp\/v2\/product_cat?post=10109"},{"taxonomy":"product_tag","embeddable":true,"href":"https:\/\/www.polskismak.nl\/index.php\/wp-json\/wp\/v2\/product_tag?post=10109"}],"curies":[{"name":"wp","href":"https:\/\/api.w.org\/{rel}","templated":true}]}}