{"id":10148,"date":"2024-04-16T10:53:40","date_gmt":"2024-04-16T10:53:40","guid":{"rendered":"https:\/\/www.polskismak.nl\/?post_type=product&#038;p=10148"},"modified":"2024-07-04T12:34:20","modified_gmt":"2024-07-04T12:34:20","slug":"spolem-przysmak-swietokrzyski-prazynki-di-smazenia","status":"publish","type":"product","link":"https:\/\/www.polskismak.nl\/index.php\/product\/spolem-przysmak-swietokrzyski-prazynki-di-smazenia\/","title":{"rendered":"Spo\u0142em Przysmak \u015awi\u0119tokrzyski, pra\u017cynki do sma\u017cenia"},"content":{"rendered":"<p>[:pl]Sk\u0142ad: m\u0105ka pszenna (97,5%), woda, s\u00f3l, substancja spulchniaj\u0105ca: w\u0119glany sodu<\/p>\n<p>Waga: 400 g (405 g w dostawie)[:nl]Ingredi\u00ebnten: tarwebloem (97,5%), water, zout, rijsmiddel: natriumcarbonaten<\/p>\n<p>Gewicht: 400 g (405 g meegeleverd)[:]<\/p>\n","protected":false},"excerpt":{"rendered":"<p>[:pl]Sk\u0142ad: m\u0105ka pszenna (97,5%), woda, s\u00f3l, substancja spulchniaj\u0105ca: w\u0119glany sodu Waga: 400 g (405 g w dostawie)[:nl]Ingredi\u00ebnten: tarwebloem (97,5%), water, zout, rijsmiddel: natriumcarbonaten Gewicht: 400 g (405 g meegeleverd)[:]<\/p>\n","protected":false},"featured_media":10138,"template":"","meta":[],"product_brand":[],"product_cat":[108,103],"product_tag":[],"class_list":{"0":"post-10148","1":"product","2":"type-product","3":"status-publish","4":"has-post-thumbnail","6":"product_cat-slone-przekaski-i-chipsy","7":"product_cat-slodycze-i-przekaski","9":"first","10":"instock","11":"taxable","12":"shipping-taxable","13":"purchasable","14":"product-type-simple"},"_links":{"self":[{"href":"https:\/\/www.polskismak.nl\/index.php\/wp-json\/wp\/v2\/product\/10148","targetHints":{"allow":["GET"]}}],"collection":[{"href":"https:\/\/www.polskismak.nl\/index.php\/wp-json\/wp\/v2\/product"}],"about":[{"href":"https:\/\/www.polskismak.nl\/index.php\/wp-json\/wp\/v2\/types\/product"}],"wp:featuredmedia":[{"embeddable":true,"href":"https:\/\/www.polskismak.nl\/index.php\/wp-json\/wp\/v2\/media\/10138"}],"wp:attachment":[{"href":"https:\/\/www.polskismak.nl\/index.php\/wp-json\/wp\/v2\/media?parent=10148"}],"wp:term":[{"taxonomy":"product_brand","embeddable":true,"href":"https:\/\/www.polskismak.nl\/index.php\/wp-json\/wp\/v2\/product_brand?post=10148"},{"taxonomy":"product_cat","embeddable":true,"href":"https:\/\/www.polskismak.nl\/index.php\/wp-json\/wp\/v2\/product_cat?post=10148"},{"taxonomy":"product_tag","embeddable":true,"href":"https:\/\/www.polskismak.nl\/index.php\/wp-json\/wp\/v2\/product_tag?post=10148"}],"curies":[{"name":"wp","href":"https:\/\/api.w.org\/{rel}","templated":true}]}}