{"id":10149,"date":"2024-04-16T11:00:11","date_gmt":"2024-04-16T11:00:11","guid":{"rendered":"https:\/\/www.polskismak.nl\/?post_type=product&#038;p=10149"},"modified":"2024-07-04T12:30:45","modified_gmt":"2024-07-04T12:30:45","slug":"lays-maxx-zielona-cebulka-i-ser","status":"publish","type":"product","link":"https:\/\/www.polskismak.nl\/index.php\/product\/lays-maxx-zielona-cebulka-i-ser\/","title":{"rendered":"Lay&#8217;s Maxx Zielona Cebulka i Ser"},"content":{"rendered":"<p>[:pl]Sk\u0142ad: ziemniaki, oleje ro\u015blinne (kukurydziany, s\u0142onecznikowy, rzepakowy w zmiennych proporcjach), preparat serwatkowy z mleka, s\u00f3l, cebula w proszku, cukier, wzmacniacze smaku (glutaminian monosodowy, 5&#8242;-rybonukleotydy disodowe), aromaty (zawieraj\u0105 mleko), regulatory kwasowo\u015bci (kwas cytrynowy, kwas jab\u0142kowy), czosnek w proszku, barwniki (annato biksyna, ekstrakt z papryki), ser w proszku z mleka, serwatka w proszku z mleka, odt\u0142uszczone mleko w proszku.<\/p>\n<p>Waga: 120 g (125 g w dostawie)[:nl]Ingredi\u00ebnten: aardappelen, plantaardige oli\u00ebn (ma\u00efs, zonnebloem, koolzaad in variabele verhoudingen), melkweibereiding, zout, uienpoeder, suiker, smaakversterkers (mononatriumglutamaat, dinatrium-5&#8242;-ribonucleotiden), aroma&#8217;s (bevatten melk), zuurteregelaars ( citroenzuur, appelzuur), knoflookpoeder, kleurstoffen (annatto bixine, paprika-extract), kaaspoeder uit melk, weipoeder uit melk, magere melkpoeder.<\/p>\n<p>Gewicht: 120 g (125 g meegeleverd)[:]<\/p>\n","protected":false},"excerpt":{"rendered":"<p>[:pl]Sk\u0142ad: ziemniaki, oleje ro\u015blinne (kukurydziany, s\u0142onecznikowy, rzepakowy w zmiennych proporcjach), preparat serwatkowy z mleka, s\u00f3l, cebula w proszku, cukier, wzmacniacze smaku (glutaminian monosodowy, 5&#8242;-rybonukleotydy disodowe), aromaty (zawieraj\u0105 mleko), regulatory kwasowo\u015bci (kwas cytrynowy, kwas jab\u0142kowy), czosnek w proszku, barwniki (annato biksyna, ekstrakt z papryki), ser w proszku z mleka, serwatka w proszku z mleka, odt\u0142uszczone mleko [&hellip;]<\/p>\n","protected":false},"featured_media":10139,"template":"","meta":[],"product_brand":[],"product_cat":[108,103],"product_tag":[],"class_list":{"0":"post-10149","1":"product","2":"type-product","3":"status-publish","4":"has-post-thumbnail","6":"product_cat-slone-przekaski-i-chipsy","7":"product_cat-slodycze-i-przekaski","9":"first","10":"instock","11":"taxable","12":"shipping-taxable","13":"purchasable","14":"product-type-simple"},"_links":{"self":[{"href":"https:\/\/www.polskismak.nl\/index.php\/wp-json\/wp\/v2\/product\/10149","targetHints":{"allow":["GET"]}}],"collection":[{"href":"https:\/\/www.polskismak.nl\/index.php\/wp-json\/wp\/v2\/product"}],"about":[{"href":"https:\/\/www.polskismak.nl\/index.php\/wp-json\/wp\/v2\/types\/product"}],"wp:featuredmedia":[{"embeddable":true,"href":"https:\/\/www.polskismak.nl\/index.php\/wp-json\/wp\/v2\/media\/10139"}],"wp:attachment":[{"href":"https:\/\/www.polskismak.nl\/index.php\/wp-json\/wp\/v2\/media?parent=10149"}],"wp:term":[{"taxonomy":"product_brand","embeddable":true,"href":"https:\/\/www.polskismak.nl\/index.php\/wp-json\/wp\/v2\/product_brand?post=10149"},{"taxonomy":"product_cat","embeddable":true,"href":"https:\/\/www.polskismak.nl\/index.php\/wp-json\/wp\/v2\/product_cat?post=10149"},{"taxonomy":"product_tag","embeddable":true,"href":"https:\/\/www.polskismak.nl\/index.php\/wp-json\/wp\/v2\/product_tag?post=10149"}],"curies":[{"name":"wp","href":"https:\/\/api.w.org\/{rel}","templated":true}]}}