{"id":10150,"date":"2024-04-16T11:04:06","date_gmt":"2024-04-16T11:04:06","guid":{"rendered":"https:\/\/www.polskismak.nl\/?post_type=product&#038;p=10150"},"modified":"2024-07-04T12:29:42","modified_gmt":"2024-07-04T12:29:42","slug":"monster-munch","status":"publish","type":"product","link":"https:\/\/www.polskismak.nl\/index.php\/product\/monster-munch\/","title":{"rendered":"Monster Munch"},"content":{"rendered":"<p>[:pl]Olej s\u0142onecznikowy (28%), ziemniaki w proszku (23%), skrobia ziemniaczana (22%), skrobia kukurydziana, skrobia grochowa, s\u0142odka serwatka w proszku (z mleka), cukier, s\u00f3l, ser w proszku, papryka w proszku, naturalny aromat, \u017cywno\u015b\u0107 barwi\u0105ca: ekstrakt z papryki. Zawiera: mleko. Mo\u017ce zawiera\u0107: zbo\u017ca zawieraj\u0105ce gluten.<\/p>\n<p>Waga: 100 g (110 w dostawie)[:nl]Ingredi\u00ebnten: aardappelen, plantaardige oli\u00ebn (ma\u00efs, zonnebloem, koolzaad in variabele verhoudingen), melkweibereiding, zout, uienpoeder, suiker, smaakversterkers (mononatriumglutamaat, dinatrium-5&#8242;-ribonucleotiden), aroma&#8217;s (bevatten melk), zuurteregelaars ( citroenzuur, appelzuur), knoflookpoeder, kleurstoffen (annatto bixine, paprika-extract), kaaspoeder uit melk, weipoeder uit melk, magere melkpoeder.<\/p>\n<p>Gewicht: 120 g (125 g meegeleverd)[:]<\/p>\n","protected":false},"excerpt":{"rendered":"<p>[:pl]Olej s\u0142onecznikowy (28%), ziemniaki w proszku (23%), skrobia ziemniaczana (22%), skrobia kukurydziana, skrobia grochowa, s\u0142odka serwatka w proszku (z mleka), cukier, s\u00f3l, ser w proszku, papryka w proszku, naturalny aromat, \u017cywno\u015b\u0107 barwi\u0105ca: ekstrakt z papryki. Zawiera: mleko. Mo\u017ce zawiera\u0107: zbo\u017ca zawieraj\u0105ce gluten. Waga: 100 g (110 w dostawie)[:nl]Ingredi\u00ebnten: aardappelen, plantaardige oli\u00ebn (ma\u00efs, zonnebloem, koolzaad in [&hellip;]<\/p>\n","protected":false},"featured_media":10142,"template":"","meta":[],"product_brand":[],"product_cat":[108,103],"product_tag":[],"class_list":{"0":"post-10150","1":"product","2":"type-product","3":"status-publish","4":"has-post-thumbnail","6":"product_cat-slone-przekaski-i-chipsy","7":"product_cat-slodycze-i-przekaski","9":"first","10":"onbackorder","11":"taxable","12":"shipping-taxable","13":"purchasable","14":"product-type-simple"},"_links":{"self":[{"href":"https:\/\/www.polskismak.nl\/index.php\/wp-json\/wp\/v2\/product\/10150","targetHints":{"allow":["GET"]}}],"collection":[{"href":"https:\/\/www.polskismak.nl\/index.php\/wp-json\/wp\/v2\/product"}],"about":[{"href":"https:\/\/www.polskismak.nl\/index.php\/wp-json\/wp\/v2\/types\/product"}],"wp:featuredmedia":[{"embeddable":true,"href":"https:\/\/www.polskismak.nl\/index.php\/wp-json\/wp\/v2\/media\/10142"}],"wp:attachment":[{"href":"https:\/\/www.polskismak.nl\/index.php\/wp-json\/wp\/v2\/media?parent=10150"}],"wp:term":[{"taxonomy":"product_brand","embeddable":true,"href":"https:\/\/www.polskismak.nl\/index.php\/wp-json\/wp\/v2\/product_brand?post=10150"},{"taxonomy":"product_cat","embeddable":true,"href":"https:\/\/www.polskismak.nl\/index.php\/wp-json\/wp\/v2\/product_cat?post=10150"},{"taxonomy":"product_tag","embeddable":true,"href":"https:\/\/www.polskismak.nl\/index.php\/wp-json\/wp\/v2\/product_tag?post=10150"}],"curies":[{"name":"wp","href":"https:\/\/api.w.org\/{rel}","templated":true}]}}